{"id":14146,"date":"2025-09-08T19:18:28","date_gmt":"2025-09-08T17:18:28","guid":{"rendered":"https:\/\/www.beiefritz.lu\/shop\/little-bee-fresh-organic-beeswax-cloth-l-35-x-35-cm-bees-dream\/"},"modified":"2025-09-08T19:18:28","modified_gmt":"2025-09-08T17:18:28","slug":"little-bee-fresh-organic-beeswax-cloth-l-35-x-35-cm-bees-dream","status":"publish","type":"product","link":"https:\/\/beiefritz.lu\/en\/produkt\/little-bee-fresh-organic-beeswax-cloth-l-35-x-35-cm-bees-dream\/","title":{"rendered":"LITTLE BEE FRESH &#8211; Organic beeswax cloth &#8220;L&#8221; (35 x 35 cm) &#8211; Bees dream"},"content":{"rendered":"<div class=\"insert-page insert-page-37876 \" data-post-id=\"37876\">\n<p><strong>Ideal f\u00fcr<\/strong><br \/>\nSalatsch\u00fcsseln bei der n\u00e4chsten Grillparty, selbstgebackener Kuchen, luftiger Hefeteig u.v.m.<\/p>\n<p><strong>Ausgesuchte Rohstoffe<\/strong><br \/>\nBio-Baumwolle, Bio-Bienenwachs, Baumharz.<\/p>\n<p>&nbsp;<\/p>\n<\/div>\n<p><strong>Verpacke deine Lebensmittel nat\u00fcrlich, sch\u00f6n und plastikfrei mit unseren Bienenwachst\u00fcchern.<\/strong><\/p>\n<p><strong>Tsch\u00fcss\u00a0Plastik:\u00a0<\/strong>Anstatt mit Frischhaltefolie aus Plastik oder Alufolie kannst du deine\u00a0Lebensmittel mit unseren Bio-Bienenwachst\u00fcchern aus Bio-Rohstoffen einpacken oder Sch\u00fcsseln abdecken.<\/p>\n<p><strong>Wiederverwendbar:<\/strong>\u00a0Bis zu\u00a0einem Jahr begleitet dich dein Bienenwachstuch bei guter Pflege. Und ganz nebenbei bringst du mit den T\u00fcchern mehr Farbe in deinen K\u00fchlschrank.<\/p>\n<p><strong>Handgemacht in Deutschland: <\/strong>Die T\u00fccher werden mit viel Liebe von Hand am Bodensee hergestellt.<\/p>\n<p>&nbsp;<\/p>\n<h3 class=\"accordion_title\">YOUR QUESTIONS - OUR ANSWERS:<\/h3><div class=\"accordion\">\n\t<div id=\"accordion-1422087070\" class=\"accordion-item\">\n\t\t<a id=\"accordion-1422087070-label\" class=\"accordion-title plain\" href=\"#accordion-item-how-do-i-use-my-organic-beeswax-cloth?\" aria-expanded=\"false\" aria-controls=\"accordion-1422087070-content\">\n\t\t\t<button class=\"toggle\" aria-label=\"Toggle\"><i class=\"icon-angle-down\" aria-hidden=\"true\"><\/i><\/button>\n\t\t\t<span>How do I use my organic beeswax cloth?<\/span>\n\t\t<\/a>\n\t\t<div id=\"accordion-1422087070-content\" class=\"accordion-inner\" aria-labelledby=\"accordion-1422087070-label\">\n\t\t\t\n<p>Wickle mit deinem Bienenwachstuch angeschnittenes Obst, Gem\u00fcse, Kr\u00e4uter, Brot und Sandwiches ein und decke Sch\u00fcsseln, Schalen und Gl\u00e4ser ab. Je nachdem, wof\u00fcr du das Tuch verwendest, empfehlen wir dir folgende Gr\u00f6\u00dfe:<\/p>\n<p>S (15 x 15 cm): Halbe Zitronen, Zwiebeln, angeschnittene Gurken, Joghurtbecher, kleine Schalen, u.v.m<\/p>\n<p>M (25 x 25 cm): angeschnittenes Obst &amp; Gem\u00fcse, frische Kr\u00e4uter, feinen K\u00e4se und zum Abdecken von mittleren Schalen<\/p>\n<p>L (35 x 35 cm): Salatsch\u00fcsseln bei der n\u00e4chsten Grillparty, selbstgebackener Kuchen, luftiger Hefeteig u.v.m.<\/p>\n<p>Starter-Set (L, M, S): Die drei Standard-Gr\u00f6\u00dfen in einem praktischen Set f\u00fcr alle F\u00e4lle! Du sparst sogar 20 % im Vergleich zum Einzelkauf.<\/p>\n<p>Brottuch XXL (60 x 40 cm): Lange, runde, kleine &amp; gro\u00dfe Brote, Ciabattas &amp; Baguettes oder die vergessenen Riesenzucchini vom Hochbeet.<\/p>\n<p>Halte die Enden kurz fest \u2013 durch die W\u00e4rme deiner H\u00e4nde wir dein Tuch flexibel und haftet an sich selbst und an allen glatten Oberfl\u00e4chen. Anschlie\u00dfend kannst du die Lebensmittel und Beh\u00e4ltnisse in den K\u00fchlschrank legen, zum n\u00e4chsten Grillabend mitnehmen und sogar einfrieren.<\/p>\n\t\t<\/div>\n\t<\/div>\n\t\n\t<div id=\"accordion-3840525905\" class=\"accordion-item\">\n\t\t<a id=\"accordion-3840525905-label\" class=\"accordion-title plain\" href=\"#accordion-item-what-foods-can-i-wrap-in-my-organic-beeswax-cloth?\" aria-expanded=\"false\" aria-controls=\"accordion-3840525905-content\">\n\t\t\t<button class=\"toggle\" aria-label=\"Toggle\"><i class=\"icon-angle-down\" aria-hidden=\"true\"><\/i><\/button>\n\t\t\t<span>What foods can I wrap in my organic beeswax cloth?<\/span>\n\t\t<\/a>\n\t\t<div id=\"accordion-3840525905-content\" class=\"accordion-inner\" aria-labelledby=\"accordion-3840525905-label\">\n\t\t\t\n<p>Obst, Gem\u00fcse, Brot, Backwaren, lose trockene Lebensmittel und Hartk\u00e4se sind sehr gut geeignet um mit einem Bienenwachstuch eingepackt zu werden. Du kannst auch prima Sch\u00fcsseln und Schalen damit abdecken.<\/p>\n<p>Rohes Fleisch, Wurst und roher Fisch sind nicht geeignet f\u00fcr dein Wachstuch. Du solltest auch keine sehr fettigen Lebensmittel in dein Wachstuch einwickeln.<\/p>\n\t\t<\/div>\n\t<\/div>\n\t\n\t<div id=\"accordion-226693520\" class=\"accordion-item\">\n\t\t<a id=\"accordion-226693520-label\" class=\"accordion-title plain\" href=\"#accordion-item-what-is-my-organic-beeswax-cloth-made-of?\" aria-expanded=\"false\" aria-controls=\"accordion-226693520-content\">\n\t\t\t<button class=\"toggle\" aria-label=\"Toggle\"><i class=\"icon-angle-down\" aria-hidden=\"true\"><\/i><\/button>\n\t\t\t<span>What is my organic beeswax cloth made of?<\/span>\n\t\t<\/a>\n\t\t<div id=\"accordion-226693520-content\" class=\"accordion-inner\" aria-labelledby=\"accordion-226693520-label\">\n\t\t\t\n<p>Es werden nur ausgesuchte Rohstoffe aus <strong>zertifiziertem Bio-Anbau <\/strong>verwendet:<\/p>\n<ul>\n<li><strong>Bio-Baumwolle<\/strong> (mit strengstem Textilsiegel, bedruckt in Deutschland)<\/li>\n<li><strong>Bio-Bienenwachs<\/strong> von regionalen Bio-Imkereien aus Deutschland und \u00d6sterreich (zus\u00e4tzlich untersucht auf Pestizide, Schadstoffe und Verf\u00e4lschungen)<\/li>\n<li><strong>Baumharz<\/strong> von einer der letzten traditionellen Pechereien in \u00d6sterreich<\/li>\n<\/ul>\n<p>Unsere Bio-Bienenwachst\u00fccher sind <strong>frei von Jojoba\u00f6l<\/strong>.<\/p>\n\t\t<\/div>\n\t<\/div>\n\t\n\t<div id=\"accordion-3685044133\" class=\"accordion-item\">\n\t\t<a id=\"accordion-3685044133-label\" class=\"accordion-title plain\" href=\"#accordion-item-what-do-i-have-to-consider-when-handling?\" aria-expanded=\"false\" aria-controls=\"accordion-3685044133-content\">\n\t\t\t<button class=\"toggle\" aria-label=\"Toggle\"><i class=\"icon-angle-down\" aria-hidden=\"true\"><\/i><\/button>\n\t\t\t<span>What do I have to consider when handling?<\/span>\n\t\t<\/a>\n\t\t<div id=\"accordion-3685044133-content\" class=\"accordion-inner\" aria-labelledby=\"accordion-3685044133-label\">\n\t\t\t\n<p>Wachs ist hitzeempfindlich. Deshalb solltest du dein Tuch an Orten aufbewahren,\u00a0an denen es vor direkter Sonneneinstrahlung gesch\u00fctzt ist. Im Sommer ist f\u00fcr dein Bienenwachstuch ein schattiges Pl\u00e4tzchen, der K\u00fchlschrank oder auch der Gefrierschrank optimal.<\/p>\n\t\t<\/div>\n\t<\/div>\n\t\n\t<div id=\"accordion-1541466880\" class=\"accordion-item\">\n\t\t<a id=\"accordion-1541466880-label\" class=\"accordion-title plain\" href=\"#accordion-item-how-do-i-clean-my-organic-beeswax-cloth?\" aria-expanded=\"false\" aria-controls=\"accordion-1541466880-content\">\n\t\t\t<button class=\"toggle\" aria-label=\"Toggle\"><i class=\"icon-angle-down\" aria-hidden=\"true\"><\/i><\/button>\n\t\t\t<span>How do I clean my organic beeswax cloth?<\/span>\n\t\t<\/a>\n\t\t<div id=\"accordion-1541466880-content\" class=\"accordion-inner\" aria-labelledby=\"accordion-1541466880-label\">\n\t\t\t\n<p>Wasche das Tuch nach Gebrauch mit <strong>kaltem(!)<\/strong> Wasser und <strong>alkoholfreiem Sp\u00fclmittel.<\/strong>\u00a0Lass dein Wachstuch nach dem Abwaschen an der Luft trocknen.<\/p>\n\t\t<\/div>\n\t<\/div>\n\t\n\t<div id=\"accordion-2659848343\" class=\"accordion-item\">\n\t\t<a id=\"accordion-2659848343-label\" class=\"accordion-title plain\" href=\"#accordion-item-how-long-can-i-use-the-cloth?\" aria-expanded=\"false\" aria-controls=\"accordion-2659848343-content\">\n\t\t\t<button class=\"toggle\" aria-label=\"Toggle\"><i class=\"icon-angle-down\" aria-hidden=\"true\"><\/i><\/button>\n\t\t\t<span>How long can I use the cloth?<\/span>\n\t\t<\/a>\n\t\t<div id=\"accordion-2659848343-content\" class=\"accordion-inner\" aria-labelledby=\"accordion-2659848343-label\">\n\t\t\t\n<p>Bei guter Pflege ist das Bienenwachstuch <strong>bis zu einem Jahr<\/strong> verwendbar.<\/p>\n<p>Ist dein Bienenwachstuch nicht mehr zu verwenden, kannst du es einfach auf dem <strong>Kompost recyceln<\/strong> oder sogar als <strong>Grillanz\u00fcnder\u00a0<\/strong>verwenden.<\/p>\n\t\t<\/div>\n\t<\/div>\n\t\n<\/div>\n","protected":false},"excerpt":{"rendered":"<div class=\"product-short-description\">\n<div class=\"insert-page insert-page-37876 \" data-post-id=\"37876\">\n<p><strong>Ideal for<\/strong><br \/>\nsalad bowls at the next barbecue party, homemade cakes, airy yeast dough and much more.<\/p>\n<p><strong>Selected raw materials<\/strong><br \/>\nOrganic cotton, organic beeswax, tree resin.<\/p>\n<\/div>\n<\/div>\n","protected":false},"featured_media":12502,"comment_status":"open","ping_status":"closed","template":"","meta":[],"product_brand":[],"product_cat":[657,545],"product_tag":[],"class_list":{"0":"post-14146","1":"product","2":"type-product","3":"status-publish","4":"has-post-thumbnail","6":"product_cat-organic","7":"product_cat-beeswax-cloth-l","9":"first","10":"instock","11":"taxable","12":"shipping-taxable","13":"purchasable","14":"product-type-simple"},"_links":{"self":[{"href":"https:\/\/beiefritz.lu\/en\/wp-json\/wp\/v2\/product\/14146","targetHints":{"allow":["GET"]}}],"collection":[{"href":"https:\/\/beiefritz.lu\/en\/wp-json\/wp\/v2\/product"}],"about":[{"href":"https:\/\/beiefritz.lu\/en\/wp-json\/wp\/v2\/types\/product"}],"replies":[{"embeddable":true,"href":"https:\/\/beiefritz.lu\/en\/wp-json\/wp\/v2\/comments?post=14146"}],"wp:featuredmedia":[{"embeddable":true,"href":"https:\/\/beiefritz.lu\/en\/wp-json\/wp\/v2\/media\/12502"}],"wp:attachment":[{"href":"https:\/\/beiefritz.lu\/en\/wp-json\/wp\/v2\/media?parent=14146"}],"wp:term":[{"taxonomy":"product_brand","embeddable":true,"href":"https:\/\/beiefritz.lu\/en\/wp-json\/wp\/v2\/product_brand?post=14146"},{"taxonomy":"product_cat","embeddable":true,"href":"https:\/\/beiefritz.lu\/en\/wp-json\/wp\/v2\/product_cat?post=14146"},{"taxonomy":"product_tag","embeddable":true,"href":"https:\/\/beiefritz.lu\/en\/wp-json\/wp\/v2\/product_tag?post=14146"}],"curies":[{"name":"wp","href":"https:\/\/api.w.org\/{rel}","templated":true}]}}