{"id":14185,"date":"2025-08-12T23:49:44","date_gmt":"2025-08-12T21:49:44","guid":{"rendered":"https:\/\/www.beiefritz.lu\/shop\/de-beiefritz-luxembourgish-honey-schnapps-10-cl\/"},"modified":"2025-08-12T23:49:45","modified_gmt":"2025-08-12T21:49:45","slug":"honey-schnapps-10cl","status":"publish","type":"product","link":"https:\/\/beiefritz.lu\/en\/produkt\/honey-schnapps-10cl\/","title":{"rendered":"DE BEIEFRITZ &#8211; Luxembourg honey brandy &#8220;Hunnegdr\u00ebpp&#8221; 10 cl"},"content":{"rendered":"<p>Our traditional honey schnapps (lux.: l\u00ebtzebuerger Hunnegdr\u00ebpp), made according to our own secret recipe with Luxembourg honey, Luxembourg brandy from the Moselle region and selected herbs.<\/p>\n<p>Optimal size for gift baskets!<\/p>\n<p>&nbsp;<\/p>\n<p><strong>TASTING NOTE:<\/strong><br \/><em><strong><span class=\"light\">&#8220;Expect citrus aroma, with floral honey to taste. The honey is complemented by spice and makes for a complicated, unusual flavor profile, and an tangy, bitter finish.&#8221;<\/span><\/strong><\/em><\/p>\n<p>&nbsp;<\/p>\n<p>Alc. 32% vol.<\/p>\n","protected":false},"excerpt":{"rendered":"<p>Our traditional honey schnapps (lux.: l\u00ebtzebuerger Hunnegdr\u00ebpp), made according to our own secret recipe with Luxembourg honey, Luxembourg brandy from the Moselle region and selected herbs. Optimal size for gift baskets! &nbsp; TASTING NOTE:&#8220;Expect citrus aroma, with floral honey to taste. The honey is complemented by spice and makes for a complicated, unusual flavor profile, [&#8230;]\n","protected":false},"featured_media":6756,"comment_status":"open","ping_status":"closed","template":"","meta":[],"product_brand":[],"product_cat":[593,179],"product_tag":[429,444,451],"class_list":{"0":"post-14185","1":"product","2":"type-product","3":"status-publish","4":"has-post-thumbnail","6":"product_cat-honey-schnapps-en","7":"product_cat-gift-ideas","8":"product_tag-beiefritz-en","9":"product_tag-hunnegdrepp-en","10":"product_tag-revendeurs-en","12":"first","13":"instock","14":"taxable","15":"shipping-taxable","16":"purchasable","17":"product-type-simple"},"_links":{"self":[{"href":"https:\/\/beiefritz.lu\/en\/wp-json\/wp\/v2\/product\/14185","targetHints":{"allow":["GET"]}}],"collection":[{"href":"https:\/\/beiefritz.lu\/en\/wp-json\/wp\/v2\/product"}],"about":[{"href":"https:\/\/beiefritz.lu\/en\/wp-json\/wp\/v2\/types\/product"}],"replies":[{"embeddable":true,"href":"https:\/\/beiefritz.lu\/en\/wp-json\/wp\/v2\/comments?post=14185"}],"wp:featuredmedia":[{"embeddable":true,"href":"https:\/\/beiefritz.lu\/en\/wp-json\/wp\/v2\/media\/6756"}],"wp:attachment":[{"href":"https:\/\/beiefritz.lu\/en\/wp-json\/wp\/v2\/media?parent=14185"}],"wp:term":[{"taxonomy":"product_brand","embeddable":true,"href":"https:\/\/beiefritz.lu\/en\/wp-json\/wp\/v2\/product_brand?post=14185"},{"taxonomy":"product_cat","embeddable":true,"href":"https:\/\/beiefritz.lu\/en\/wp-json\/wp\/v2\/product_cat?post=14185"},{"taxonomy":"product_tag","embeddable":true,"href":"https:\/\/beiefritz.lu\/en\/wp-json\/wp\/v2\/product_tag?post=14185"}],"curies":[{"name":"wp","href":"https:\/\/api.w.org\/{rel}","templated":true}]}}