{"id":15684,"date":"2025-09-08T20:11:29","date_gmt":"2025-09-08T18:11:29","guid":{"rendered":"https:\/\/www.beiefritz.lu\/?post_type=product&#038;p=15684"},"modified":"2025-09-08T20:11:30","modified_gmt":"2025-09-08T18:11:30","slug":"puralp-moargeliacht-organic-herbal-tea-blend-kopie-kopie","status":"publish","type":"product","link":"https:\/\/beiefritz.lu\/en\/produkt\/puralp-moargeliacht-organic-herbal-tea-blend-kopie-kopie\/","title":{"rendered":"PURALP &#8211; Gipfelgr\u00fce\u00df organic herbal fruit tea blend"},"content":{"rendered":"<p><strong>Summit greeting (German: Gipfelgrue\u00df)<\/strong><\/p>\n<p>The fruity herbal infusion &#8220;Gipfelgr\u00fce\u00df&#8221; is a tasty companion on long ski and mountain tours. It also tastes great chilled as iced tea on hot days. The pleasant fruity sweetness and freshness of apple mint and the blossoms of cosmea and marigold make this tea a colorful taste experience.<\/p>\n<p>Our Allg\u00e4u herb cultivation is carried out with much love and painstaking manual work according to the &#8220;Bioland&#8221; specifications.<\/p>\n<p>&nbsp;<\/p>\n<p>Package size: 25 g<\/p>\n","protected":false},"excerpt":{"rendered":"<p>Summit greeting (German: Gipfelgrue\u00df) The fruity herbal infusion &#8220;Gipfelgr\u00fce\u00df&#8221; is a tasty companion on long ski and mountain tours. It also tastes great chilled as iced tea on hot days. The pleasant fruity sweetness and freshness of apple mint and the blossoms of cosmea and marigold make this tea a colorful taste experience. Our Allg\u00e4u [&#8230;]\n","protected":false},"featured_media":15687,"comment_status":"open","ping_status":"closed","template":"","meta":[],"product_brand":[],"product_cat":[657,580,259],"product_tag":[],"class_list":{"0":"post-15684","1":"product","2":"type-product","3":"status-publish","4":"has-post-thumbnail","6":"product_cat-organic","7":"product_cat-tea","8":"product_cat-puralp-en-2","10":"first","11":"instock","12":"taxable","13":"shipping-taxable","14":"purchasable","15":"product-type-simple"},"_links":{"self":[{"href":"https:\/\/beiefritz.lu\/en\/wp-json\/wp\/v2\/product\/15684","targetHints":{"allow":["GET"]}}],"collection":[{"href":"https:\/\/beiefritz.lu\/en\/wp-json\/wp\/v2\/product"}],"about":[{"href":"https:\/\/beiefritz.lu\/en\/wp-json\/wp\/v2\/types\/product"}],"replies":[{"embeddable":true,"href":"https:\/\/beiefritz.lu\/en\/wp-json\/wp\/v2\/comments?post=15684"}],"wp:featuredmedia":[{"embeddable":true,"href":"https:\/\/beiefritz.lu\/en\/wp-json\/wp\/v2\/media\/15687"}],"wp:attachment":[{"href":"https:\/\/beiefritz.lu\/en\/wp-json\/wp\/v2\/media?parent=15684"}],"wp:term":[{"taxonomy":"product_brand","embeddable":true,"href":"https:\/\/beiefritz.lu\/en\/wp-json\/wp\/v2\/product_brand?post=15684"},{"taxonomy":"product_cat","embeddable":true,"href":"https:\/\/beiefritz.lu\/en\/wp-json\/wp\/v2\/product_cat?post=15684"},{"taxonomy":"product_tag","embeddable":true,"href":"https:\/\/beiefritz.lu\/en\/wp-json\/wp\/v2\/product_tag?post=15684"}],"curies":[{"name":"wp","href":"https:\/\/api.w.org\/{rel}","templated":true}]}}