{"id":17656,"date":"2025-09-08T20:12:06","date_gmt":"2025-09-08T18:12:06","guid":{"rendered":"https:\/\/www.beiefritz.lu\/produkt\/patrice-coffee-espresso-brazil-capricornio-250g-whole-bean\/"},"modified":"2025-09-08T20:12:07","modified_gmt":"2025-09-08T18:12:07","slug":"patrice-coffee-espresso-brazil-capricornio-250g-whole-bean","status":"publish","type":"product","link":"https:\/\/beiefritz.lu\/en\/produkt\/patrice-coffee-espresso-brazil-capricornio-250g-whole-bean\/","title":{"rendered":"PATRICE COFFEE &#8211; Espresso from Brazil &#8211; Capricornio 250g (whole bean)"},"content":{"rendered":"<p><strong>Capricornio<\/strong> is an association of 60 coffee farms in Brazil that have revitalized the Capricorn region. This blend from 4 farms has been carefully balanced to produce an excellent espresso that is also ideal for espresso-based milk drinks such as cappuccino or latte. Perfect for espresso lovers who like it stronger! <strong>Producers:<\/strong> Fazenda California, Fazenda Fronteira, Mulheres do Caf\u00e9 Mat\u00e3o, S\u00e3o Jer\u00f4nimo da Serra <strong>Growing area:<\/strong> Capricorn region, Brazil <strong>Altitude:<\/strong> 450-1200 m <strong>SCA points (scale up to 100):<\/strong> 83.75 points (very good) <strong>Aromas:<\/strong> Peanut, chocolate, cocoa, almonds and dried fruit <strong>Varieties:<\/strong> Red Bourbon, Yellow Bourbon, Red Catuai, Yellow Catuai, Obat\u00e3, Top\u00e1zio, Arara, Red Icatuu  <\/p>\n<p><strong>100 % Arabica<\/strong><br \/>\n<strong>Processing:<\/strong> Honey Process<br \/>\n<strong>Low acidity and easy on the stomach<\/strong><br \/>\n<strong>Fairly traded<\/strong><\/p>\n<p>&nbsp;<\/p>\n<p>Content: 250g \/ whole bean<\/p>\n","protected":false},"excerpt":{"rendered":"<p>Capricornio is an association of 60 coffee farms in Brazil that have revitalized the Capricorn region. This blend from 4 farms has been carefully balanced to produce an excellent espresso that is also ideal for espresso-based milk drinks such as cappuccino or latte. Perfect for espresso lovers who like it stronger! Producers: Fazenda California, Fazenda [&#8230;]\n","protected":false},"featured_media":17660,"comment_status":"open","ping_status":"closed","template":"","meta":[],"product_brand":[],"product_cat":[577,666,256],"product_tag":[],"class_list":{"0":"post-17656","1":"product","2":"type-product","3":"status-publish","4":"has-post-thumbnail","6":"product_cat-made-in-luxembourg-en","7":"product_cat-regional-en","8":"product_cat-new","10":"first","11":"instock","12":"taxable","13":"shipping-taxable","14":"purchasable","15":"product-type-simple"},"_links":{"self":[{"href":"https:\/\/beiefritz.lu\/en\/wp-json\/wp\/v2\/product\/17656","targetHints":{"allow":["GET"]}}],"collection":[{"href":"https:\/\/beiefritz.lu\/en\/wp-json\/wp\/v2\/product"}],"about":[{"href":"https:\/\/beiefritz.lu\/en\/wp-json\/wp\/v2\/types\/product"}],"replies":[{"embeddable":true,"href":"https:\/\/beiefritz.lu\/en\/wp-json\/wp\/v2\/comments?post=17656"}],"wp:featuredmedia":[{"embeddable":true,"href":"https:\/\/beiefritz.lu\/en\/wp-json\/wp\/v2\/media\/17660"}],"wp:attachment":[{"href":"https:\/\/beiefritz.lu\/en\/wp-json\/wp\/v2\/media?parent=17656"}],"wp:term":[{"taxonomy":"product_brand","embeddable":true,"href":"https:\/\/beiefritz.lu\/en\/wp-json\/wp\/v2\/product_brand?post=17656"},{"taxonomy":"product_cat","embeddable":true,"href":"https:\/\/beiefritz.lu\/en\/wp-json\/wp\/v2\/product_cat?post=17656"},{"taxonomy":"product_tag","embeddable":true,"href":"https:\/\/beiefritz.lu\/en\/wp-json\/wp\/v2\/product_tag?post=17656"}],"curies":[{"name":"wp","href":"https:\/\/api.w.org\/{rel}","templated":true}]}}