{"id":11187,"date":"2022-05-02T21:46:40","date_gmt":"2022-05-02T19:46:40","guid":{"rendered":"https:\/\/www.beiefritz.lu\/a-savoir\/propolis\/"},"modified":"2025-01-22T10:29:10","modified_gmt":"2025-01-22T09:29:10","slug":"propolis","status":"publish","type":"page","link":"https:\/\/beiefritz.lu\/fr\/propolis\/","title":{"rendered":"Propolis"},"content":{"rendered":"\n<h2 class=\"uppercase\" style=\"text-align: center;\">Propolis<\/h2>\n<h3 class=\"thin-font\"> <\/h3>\n<h4 class=\"lead\" data-line-height=\"m\">Propolis avec ses composants les plus importants (environ 1000 substances) :<\/h4>\n<p>&#8211; 50-55% r\u00e9sine et baume (en Europe principalement de saule<em> (Salix)<\/em> , peuplier, ch\u00e2taignier, bouleau, \u00e9pic\u00e9a, sapin et pin)<\/p>\n<p>&#8211; 30-40% de cire<\/p>\n<p>&#8211; 5-10% d&rsquo;huiles essentielles antibiotiques<\/p>\n<p>&#8211; 5% de pollen d&rsquo;abeille<\/p>\n<p>&#8211; Flavono\u00efdes, d\u00e9riv\u00e9s de l&rsquo;acide caf\u00e9ique, vitamines A, C, E, H a B, fer, potassium, calcium, cuivre, magn\u00e9sium, mangan\u00e8se, s\u00e9l\u00e9nium et zinc.<\/p>\n<p style=\"text-align: right;\"><span style=\"font-size: 80%;\"><strong>Les quantit\u00e9s sont des valeurs maximales.<\/strong><\/span><\/p>\n<p> <\/p>\n<p>La propolis est une mati\u00e8re caoutchouteuse et collante. C&rsquo;est l&rsquo;un des antibiotiques naturels les plus efficaces, il a un effet antiviral et tue m\u00eame les parasites et les champignons.<\/p>\n<h4>Avantages pour les abeilles :<\/h4>\n<p>&#8211; Mat\u00e9riau de construction pour travaux de r\u00e9paration et d&rsquo;isolation contre les courants d&rsquo;air, l&rsquo;humidit\u00e9 et les microbes.<\/p>\n<p>&#8211; Protection contre les infections (avec 40 000 abeilles dans un espace confin\u00e9) &#8211; Mince rev\u00eatement des cellules avant la ponte.<\/p>\n<p>&#8211; Enrobage d&rsquo;animaux poignard\u00e9s (ex : souris) pour se prot\u00e9ger des sources d&rsquo;infection dues aux poisons de putr\u00e9faction &#8211; Momification sans putr\u00e9faction.<\/p>\n<p> <\/p>\n<p style=\"text-align: left;\"><strong>Attention aux allergies ou intol\u00e9rances \u00e0 la propolis !<\/strong><\/p>\n<p style=\"text-align: right;\"><span style=\"font-size: 80%;\">Merci pour les informations fournies par le Dr. m\u00e9d. Stefan Stangaciu<\/span><\/p>\n\n","protected":false},"excerpt":{"rendered":"<p>Propolis Propolis avec ses composants les plus importants (environ 1000 substances) : &#8211; 50-55% r\u00e9sine et baume (en Europe principalement de saule (Salix) , peuplier, ch\u00e2taignier, bouleau, \u00e9pic\u00e9a, sapin et pin) &#8211; 30-40% de cire &#8211; 5-10% d&rsquo;huiles essentielles antibiotiques &#8211; 5% de pollen d&rsquo;abeille &#8211; Flavono\u00efdes, d\u00e9riv\u00e9s de l&rsquo;acide caf\u00e9ique, vitamines A, C, E, [&#8230;]\n","protected":false},"author":1,"featured_media":9005,"parent":0,"menu_order":0,"comment_status":"closed","ping_status":"closed","template":"","meta":{"footnotes":""},"class_list":["post-11187","page","type-page","status-publish","has-post-thumbnail","hentry"],"_links":{"self":[{"href":"https:\/\/beiefritz.lu\/fr\/wp-json\/wp\/v2\/pages\/11187","targetHints":{"allow":["GET"]}}],"collection":[{"href":"https:\/\/beiefritz.lu\/fr\/wp-json\/wp\/v2\/pages"}],"about":[{"href":"https:\/\/beiefritz.lu\/fr\/wp-json\/wp\/v2\/types\/page"}],"author":[{"embeddable":true,"href":"https:\/\/beiefritz.lu\/fr\/wp-json\/wp\/v2\/users\/1"}],"replies":[{"embeddable":true,"href":"https:\/\/beiefritz.lu\/fr\/wp-json\/wp\/v2\/comments?post=11187"}],"version-history":[{"count":1,"href":"https:\/\/beiefritz.lu\/fr\/wp-json\/wp\/v2\/pages\/11187\/revisions"}],"predecessor-version":[{"id":11188,"href":"https:\/\/beiefritz.lu\/fr\/wp-json\/wp\/v2\/pages\/11187\/revisions\/11188"}],"wp:featuredmedia":[{"embeddable":true,"href":"https:\/\/beiefritz.lu\/fr\/wp-json\/wp\/v2\/media\/9005"}],"wp:attachment":[{"href":"https:\/\/beiefritz.lu\/fr\/wp-json\/wp\/v2\/media?parent=11187"}],"curies":[{"name":"wp","href":"https:\/\/api.w.org\/{rel}","templated":true}]}}