{"id":16354,"date":"2021-04-30T01:45:26","date_gmt":"2021-04-29T23:45:26","guid":{"rendered":"https:\/\/www.beiefritz.lu\/conditions-generales\/"},"modified":"2025-06-18T11:19:17","modified_gmt":"2025-06-18T09:19:17","slug":"cgv","status":"publish","type":"page","link":"https:\/\/beiefritz.lu\/fr\/cgv\/","title":{"rendered":"CONDITIONS G\u00c9N\u00c9RALES DE VENTE"},"content":{"rendered":"\n<div class=\"container section-title-container\" ><h3 class=\"section-title section-title-normal\"><b aria-hidden=\"true\"><\/b><span class=\"section-title-main\" >Conditions g\u00e9n\u00e9rales<\/span><b aria-hidden=\"true\"><\/b><\/h3><\/div>\n\n<p style=\"font-weight: 400;\"><em>Les conditions g\u00e9n\u00e9rales ont \u00e9t\u00e9 mises \u00e0 jour pour la derni\u00e8re fois le 05.05.2024.<\/em><\/p>\n<p><strong>1. introduction<\/strong><\/p>\n<p>Les pr\u00e9sentes conditions g\u00e9n\u00e9rales s&rsquo;appliquent \u00e0 ce site Web et aux transactions relatives \u00e0 nos produits et services. Vous pouvez \u00eatre li\u00e9 par des contrats suppl\u00e9mentaires li\u00e9s \u00e0 votre relation avec nous ou aux produits ou services que vous recevez de notre part. Si des dispositions des avenants entrent en conflit avec des dispositions des pr\u00e9sentes conditions, les dispositions de ces avenants pr\u00e9vaudront.<\/p>\n<p><strong>2. caract\u00e8re obligatoire<\/strong><\/p>\n<p>En vous inscrivant, en acc\u00e9dant \u00e0 ce site ou en l&rsquo;utilisant de quelque mani\u00e8re que ce soit, vous acceptez par la pr\u00e9sente d&rsquo;\u00eatre li\u00e9 par les pr\u00e9sentes conditions g\u00e9n\u00e9rales, telles que d\u00e9finies ci-dessous. La simple utilisation de ce site implique la connaissance et l&rsquo;acceptation des pr\u00e9sentes conditions g\u00e9n\u00e9rales. Dans certains cas, nous pouvons \u00e9galement vous demander de donner votre accord explicite.<\/p>\n<p><strong>3. communication \u00e9lectronique<\/strong><\/p>\n<p>En utilisant ce site ou en communiquant avec nous par voie \u00e9lectronique, vous acceptez et reconnaissez que nous pouvons communiquer avec vous ou vous envoyer un e-mail par voie \u00e9lectronique sur notre site et vous acceptez que tous les accords, avis, divulgations et autres communications que nous vous envoyons par voie \u00e9lectronique respectent toutes les exigences l\u00e9gales. L&rsquo;envoi de la facture se fait par voie \u00e9lectronique, par e-mail, qui est indiqu\u00e9 lors du processus de commande. Comprend \u00e9galement, mais sans s&rsquo;y limiter, l&rsquo;exigence que ces notifications soient faites par \u00e9crit. Si le client demande l&rsquo;envoi de la facture par la poste, De Beiefritz est en droit de facturer 3,00\u20ac par facture.<\/p>\n<p><strong>4. propri\u00e9t\u00e9 intellectuelle<\/strong><\/p>\n<p>Nous ou nos conc\u00e9dants de licence poss\u00e9dons et contr\u00f4lons tous les droits d&rsquo;auteur et autres droits de propri\u00e9t\u00e9 intellectuelle sur le Site, ainsi que les donn\u00e9es, informations et autres ressources affich\u00e9es sur le Site ou accessibles sur le Site.<\/p>\n<p><strong>4.1 Tous droits r\u00e9serv\u00e9s<\/strong><\/p>\n<p>Sauf disposition contraire de certains contenus, aucune licence ou autre droit ne vous est accord\u00e9 en vertu de droits d&rsquo;auteur, de marques, de brevets ou d&rsquo;autres droits de propri\u00e9t\u00e9 intellectuelle. Cela signifie que vous n&rsquo;utiliserez pas, ne copierez pas, ne reproduirez pas, n&rsquo;ex\u00e9cuterez pas, n&rsquo;afficherez pas, ne distribuerez pas, n&rsquo;int\u00e9grerez pas dans un support \u00e9lectronique, ne modifierez pas, ne ferez pas d&rsquo;ing\u00e9nierie inverse, ne d\u00e9compilerez pas, ne transmettrez pas, ne t\u00e9l\u00e9chargerez pas, ne transf\u00e9rerez pas, ne mon\u00e9tiserez pas, ne vendrez pas, ne commercialiserez pas ou ne commercialiserez pas les ressources de ce site sous quelque forme que ce soit sans notre autorisation \u00e9crite pr\u00e9alable, sauf et uniquement dans la mesure o\u00f9 les dispositions des lois imp\u00e9ratives (comme le droit de citation) en disposent autrement.<\/p>\n<p><strong>5e bulletin d&rsquo;information<\/strong><\/p>\n<p>Nonobstant ce qui pr\u00e9c\u00e8de, vous pouvez transmettre notre bulletin d&rsquo;information sous forme \u00e9lectronique \u00e0 d&rsquo;autres personnes susceptibles d&rsquo;\u00eatre int\u00e9ress\u00e9es par une visite de notre site.<\/p>\n<p><strong>6. Propri\u00e9t\u00e9 des tiers<\/strong><\/p>\n<p>Notre site web peut contenir des hyperliens ou d&rsquo;autres r\u00e9f\u00e9rences \u00e0 des sites web d&rsquo;autres parties. Nous ne surveillons ni ne v\u00e9rifions le contenu des sites web d&rsquo;autres parties auxquels ce site web renvoie. Les produits ou services propos\u00e9s par d&rsquo;autres sites sont soumis aux conditions g\u00e9n\u00e9rales de ces tiers. Nous ne partageons pas n\u00e9cessairement ni ne soutenons les opinions ou le mat\u00e9riel exprim\u00e9s sur ces sites.<\/p>\n<p>Nous ne sommes pas responsables des pratiques de confidentialit\u00e9 ou du contenu de ces sites. Vous assumez tous les risques li\u00e9s \u00e0 l&rsquo;utilisation de ces sites web et des services de tiers qui y sont associ\u00e9s. Nous d\u00e9clinons toute responsabilit\u00e9 en cas de perte ou de dommage de quelque nature que ce soit r\u00e9sultant de la communication de vos donn\u00e9es personnelles \u00e0 des tiers.<\/p>\n<p><strong>7. gestion responsable<\/strong><\/p>\n<p>En visitant notre site Web, vous acceptez de ne l&rsquo;utiliser qu&rsquo;aux fins pr\u00e9vues et autoris\u00e9es par les pr\u00e9sentes conditions, les accords suppl\u00e9mentaires conclus avec nous, ainsi que les lois, r\u00e9glementations et pratiques en ligne g\u00e9n\u00e9ralement accept\u00e9es et les directives de l&rsquo;industrie en vigueur. Vous ne devez pas utiliser notre site ou nos services pour utiliser, publier ou distribuer du mat\u00e9riel constitu\u00e9 de (ou li\u00e9 \u00e0) des logiciels informatiques malveillants. Utiliser les informations collect\u00e9es sur notre site Web pour des activit\u00e9s de marketing direct ou mener des activit\u00e9s de collecte de donn\u00e9es syst\u00e9matiques ou automatis\u00e9es sur ou en relation avec notre site Web.<\/p>\n<p>Il est strictement interdit de participer \u00e0 des activit\u00e9s qui causent ou peuvent causer des dommages au site Web ou qui affectent les performances, la disponibilit\u00e9 ou l&rsquo;accessibilit\u00e9 du site Web.<\/p>\n<p><strong>8. inscription<\/strong><\/p>\n<p>Vous pouvez vous inscrire pour obtenir un compte sur notre site. Pendant ce processus, il peut \u00eatre n\u00e9cessaire de choisir un mot de passe. Vous \u00eates responsable du maintien de la confidentialit\u00e9 des mots de passe et des informations de compte et vous acceptez de ne pas divulguer leurs mots de passe, les informations de compte ou l&rsquo;acc\u00e8s s\u00e9curis\u00e9 \u00e0 notre site ou \u00e0 nos services \u00e0 d&rsquo;autres personnes. Vous ne devez pas autoriser une autre personne \u00e0 utiliser votre compte pour acc\u00e9der au site, car vous \u00eates responsable de toutes les activit\u00e9s qui se produisent par l&rsquo;utilisation de vos mots de passe ou comptes. Vous devez nous avertir imm\u00e9diatement si vous avez connaissance d&rsquo;une divulgation de votre mot de passe.<\/p>\n<p>Apr\u00e8s la r\u00e9siliation du compte, vous ne pouvez pas cr\u00e9er un nouveau compte sans notre autorisation.<\/p>\n<p><strong>9. conditions de paiement<\/strong><\/p>\n<p>La facture est payable sans d\u00e9duction dans les 15 jours suivant la date de facturation.<\/p>\n<p>Les bo\u00eetes consign\u00e9es sont factur\u00e9es 10,00 EUR brut par pi\u00e8ce apr\u00e8s la livraison. Ces bo\u00eetes de consigne doivent nous \u00eatre retourn\u00e9es \u00e0 vos frais, sauf accord contraire. Les bo\u00eetes peuvent \u00e9galement \u00eatre enlev\u00e9es par nos soins \u00e0 la demande du client pour un montant de 8,00 EUR brut.<\/p>\n<p>Conditions de restitution : Les bo\u00eetes consign\u00e9es doivent \u00eatre rendues propres et non endommag\u00e9es au moment du retour. En cas de d\u00e9t\u00e9rioration ou de salissure (par ex. taches, d\u00e9chets, autre contenu), nous nous r\u00e9servons le droit de retenir 5,00 EUR bruts par box sur la caution ou de les facturer.<\/p>\n<p><strong>10. droit de remboursement et de retour<\/strong><\/p>\n<p><strong>10.1 Droit de r\u00e9tractation<\/strong><\/p>\n<p>Vous avez le droit de r\u00e9silier le pr\u00e9sent contrat dans un d\u00e9lai de 14 jours sans donner de raison.<\/p>\n<p>Le d\u00e9lai de r\u00e9tractation expire 14 jours apr\u00e8s la date \u00e0 laquelle vous, ou un tiers que vous avez d\u00e9sign\u00e9, autre que le transporteur, prenez physiquement possession du premier bien.<\/p>\n<p>Pour exercer le droit de r\u00e9tractation, vous devez nous notifier votre d\u00e9cision de r\u00e9silier le pr\u00e9sent contrat par une d\u00e9claration sans \u00e9quivoque (par exemple, une lettre envoy\u00e9e par courrier, fax ou e-mail). Vous trouverez nos coordonn\u00e9es ci-dessous.<\/p>\n<p>Pour respecter le d\u00e9lai de r\u00e9tractation, il suffit d&rsquo;envoyer votre notification d&rsquo;exercice du droit de r\u00e9tractation avant l&rsquo;expiration du d\u00e9lai de r\u00e9tractation.<\/p>\n<p><strong>10.2 Effets de la r\u00e9vocation<\/strong><\/p>\n<p>Si vous r\u00e9siliez le pr\u00e9sent Contrat, nous vous rembourserons tous les paiements re\u00e7us de votre part, y compris les frais de livraison (\u00e0 l&rsquo;exception des frais suppl\u00e9mentaires r\u00e9sultant de votre choix d&rsquo;un mode de livraison autre que le mode de livraison standard le moins cher que vous avez propos\u00e9), sans d\u00e9lai et, en tout \u00e9tat de cause, au plus tard 14 jours \u00e0 compter de la date \u00e0 laquelle nous sommes inform\u00e9s de votre d\u00e9cision de r\u00e9silier le pr\u00e9sent Contrat. Nous effectuerons ce remboursement en utilisant le m\u00eame moyen de paiement que celui que vous avez utilis\u00e9 pour la transaction initiale, sauf si vous en avez express\u00e9ment convenu autrement. Dans tous les cas, il n&rsquo;y a pas de frais pour ce remboursement.  <\/p>\n<p>Vous devez renvoyer le produit ou le remettre \u00e0 nous ou \u00e0 une personne autoris\u00e9e par nous \u00e0 recevoir le produit sans d\u00e9lai et, dans tous les cas, au plus tard 14 jours \u00e0 compter de la date \u00e0 laquelle vous nous informez de votre d\u00e9cision de r\u00e9silier le pr\u00e9sent contrat. Le d\u00e9lai est respect\u00e9 si vous renvoyez le produit avant l&rsquo;expiration du d\u00e9lai de 14 jours.<\/p>\n<p>Nous pouvons retenir le remboursement jusqu&rsquo;\u00e0 ce que nous ayons re\u00e7u les marchandises ou que vous ayez fourni la preuve que vous avez renvoy\u00e9 les marchandises, selon la premi\u00e8re de ces dates.<\/p>\n<p>Vous devez payer les frais directs de renvoi de la marchandise.<\/p>\n<p>Vous ne serez responsable que de la d\u00e9pr\u00e9ciation des biens r\u00e9sultant de manipulations autres que celles n\u00e9cessaires pour \u00e9tablir la nature, les caract\u00e9ristiques et le fonctionnement des biens.<\/p>\n<p>Veuillez noter qu&rsquo;il existe certaines exceptions l\u00e9gales au droit de r\u00e9tractation et que certains articles ne peuvent donc pas \u00eatre retourn\u00e9s ou \u00e9chang\u00e9s. Nous vous informerons si cela s&rsquo;applique \u00e0 votre cas particulier.<\/p>\n<p><strong>11. soumission d&rsquo;id\u00e9es<\/strong><\/p>\n<p>Ne soumettez pas d&rsquo;id\u00e9es, d&rsquo;inventions, d&rsquo;\u0153uvres de l&rsquo;auteur ou d&rsquo;autres informations qui peuvent \u00eatre consid\u00e9r\u00e9es comme votre propre propri\u00e9t\u00e9 intellectuelle et que vous souhaitez nous pr\u00e9senter, \u00e0 moins que nous n&rsquo;ayons sign\u00e9 au pr\u00e9alable un accord de propri\u00e9t\u00e9 intellectuelle ou un accord de confidentialit\u00e9. Si vous nous en informez sans un tel accord \u00e9crit, vous nous accordez une licence mondiale, irr\u00e9vocable, non exclusive et libre de droits pour utiliser, reproduire, stocker, adapter, publier, traduire et distribuer votre contenu dans des m\u00e9dias existants ou futurs .<\/p>\n<p><strong>12. fin de l&rsquo;utilisation<\/strong><\/p>\n<p>Nous pouvons, \u00e0 notre enti\u00e8re discr\u00e9tion, modifier ou interrompre, temporairement ou d\u00e9finitivement, l&rsquo;acc\u00e8s au Site ou \u00e0 tout service qui s&rsquo;y trouve \u00e0 tout moment. Vous acceptez que nous ne soyons pas responsables envers vous ou un tiers de telles modifications, suspensions ou interruptions de votre acc\u00e8s ou de votre utilisation du Site ou de tout contenu que vous pourriez avoir partag\u00e9 sur le Site. Vous n&rsquo;avez droit \u00e0 aucune compensation ou autre paiement, m\u00eame si certaines fonctionnalit\u00e9s, param\u00e8tres et\/ou contenus que vous avez contribu\u00e9s ou sur lesquels vous comptez sont d\u00e9finitivement perdus. Vous ne devez pas contourner ou tenter de contourner les mesures de restriction d&rsquo;acc\u00e8s sur notre site.<\/p>\n<p><strong>13. garanties et responsabilit\u00e9<\/strong><\/p>\n<p>Rien dans cette section ne limite ou n&rsquo;exclut une garantie l\u00e9gale implicite dont la limitation ou l&rsquo;exclusion serait ill\u00e9gale. Ce site web et tout son contenu sont fournis \u00ab\u00a0tels quels\u00a0\u00bb et \u00ab\u00a0tels que disponibles\u00a0\u00bb et peuvent contenir des inexactitudes ou des erreurs typographiques. Nous d\u00e9clinons express\u00e9ment toute garantie, expresse ou implicite, de quelque nature que ce soit, concernant la disponibilit\u00e9, l&rsquo;exactitude ou l&rsquo;exhaustivit\u00e9 du contenu. Nous ne garantissons pas que :<\/p>\n<p>Ce site ou nos produits ou services r\u00e9pondent \u00e0 vos besoins.<\/p>\n<p>Ce site web sera disponible sans interruption, en temps opportun, de mani\u00e8re s\u00e9curis\u00e9e ou sans erreur ;<\/p>\n<p>La qualit\u00e9 de tous les produits ou services que vous avez achet\u00e9s ou re\u00e7us via ce site Web est conforme \u00e0 vos attentes.<\/p>\n<p>Rien sur ce site ne constitue ou n&rsquo;est cens\u00e9 constituer un conseil juridique, financier ou m\u00e9dical de quelque nature que ce soit. Si vous avez besoin de conseils, vous devriez consulter un professionnel appropri\u00e9.<\/p>\n<p>Les dispositions suivantes de la pr\u00e9sente section s&rsquo;appliquent dans la mesure maximale autoris\u00e9e par la loi et ne limitent pas ou n&rsquo;excluent pas notre responsabilit\u00e9 en ce qui concerne les questions qui seraient ill\u00e9gales ou ill\u00e9gitimes pour nous de limiter ou d&rsquo;exclure notre responsabilit\u00e9. En aucun cas nous ne serons responsables des dommages directs ou indirects (y compris les dommages pour perte de profits ou de chiffre d&rsquo;affaires, perte ou corruption de donn\u00e9es, de logiciels ou de base de donn\u00e9es, ou perte ou corruption de biens ou de donn\u00e9es) subis par vous ou par des tiers et r\u00e9sultant de votre acc\u00e8s \u00e0 notre site ou de votre utilisation de celui-ci.<\/p>\n<p>Sauf disposition contraire expresse dans un contrat suppl\u00e9mentaire, notre responsabilit\u00e9 maximale envers vous pour tous les dommages d\u00e9coulant de ou li\u00e9s au Site ou aux produits et services commercialis\u00e9s ou vendus par le biais du Site, quelle que soit la forme de l&rsquo;action en justice imposant une responsabilit\u00e9 ( que ce soit contractuelle, en \u00e9quit\u00e9, par n\u00e9gligence, intentionnelle, d\u00e9lictuelle ou autre) est limit\u00e9e \u00e0 500 EUR. Cette limitation s&rsquo;applique globalement \u00e0 toutes vos r\u00e9clamations, actions et causes d&rsquo;action, de quelque nature que ce soit et quel qu&rsquo;en soit le type.<\/p>\n<p><strong>14. Intimit\u00e9<\/strong><\/p>\n<p>Pour acc\u00e9der \u00e0 notre site et\/ou \u00e0 nos services, vous pouvez \u00eatre amen\u00e9 \u00e0 fournir certaines informations vous concernant dans le cadre du processus d&rsquo;inscription. Vous acceptez que toutes les informations que vous fournissez soient toujours exactes, correctes et \u00e0 jour.<\/p>\n<p>Nous prenons vos donn\u00e9es personnelles au s\u00e9rieux et nous nous engageons \u00e0 prot\u00e9ger votre vie priv\u00e9e. Nous n&rsquo;utiliserons pas votre adresse e-mail pour vous envoyer des messages non sollicit\u00e9s. Tous les e-mails que nous vous envoyons concernent uniquement la fourniture de produits ou de services convenus.<\/p>\n<p>Nous avons \u00e9labor\u00e9 une politique pour r\u00e9pondre aux \u00e9ventuelles pr\u00e9occupations en mati\u00e8re de protection des donn\u00e9es. Pour plus d&rsquo;informations, veuillez consulter notre politique <a href=\"https:\/\/www.beiefritz.lu\/fr\/politique-de-confidentialite\/?cmplz_region_redirect=true&#038;v=920d0c66f3d2\">de confidentialit\u00e9<\/a> et notre <a href=\"https:\/\/www.beiefritz.lu\/fr\/politique-relative-aux-cookies\/?cmplz_region_redirect=true&#038;v=920d0c66f3d2\">politique en mati\u00e8re de cookies<\/a>.<\/p>\n<p><strong>15. accessibilit\u00e9<\/strong><\/p>\n<p>Nous nous engageons \u00e0 rendre le contenu que nous fournissons accessible aux personnes handicap\u00e9es. Si vous souffrez d&rsquo;un handicap\/d&rsquo;une d\u00e9ficience qui vous emp\u00eache d&rsquo;acc\u00e9der \u00e0 une partie de notre site, nous vous demandons de nous envoyer un message d\u00e9crivant en d\u00e9tail le probl\u00e8me rencontr\u00e9. Si le probl\u00e8me peut \u00eatre facilement identifi\u00e9 et r\u00e9solu conform\u00e9ment aux outils et techniques informatiques standard de l&rsquo;industrie, nous le r\u00e9soudrons imm\u00e9diatement.<\/p>\n<p><strong>16. restrictions \u00e0 l&rsquo;exportation \/ respect des lois<\/strong><\/p>\n<p>L&rsquo;acc\u00e8s au Site \u00e0 partir de territoires ou de pays o\u00f9 le contenu ou l&rsquo;achat des produits ou services vendus sur le Site est ill\u00e9gal est interdit. Vous ne pouvez pas utiliser ce site web en violation des lois et r\u00e9glementations du Luxembourg en mati\u00e8re d&rsquo;exportation.<\/p>\n<p><strong>17. attribution<\/strong><\/p>\n<p>Vous ne pouvez pas c\u00e9der, transf\u00e9rer ou transmettre \u00e0 des tiers tout ou partie de vos droits et\/ou obligations en vertu des pr\u00e9sentes Conditions g\u00e9n\u00e9rales sans notre consentement \u00e9crit pr\u00e9alable. Toute pr\u00e9tendue cession qui contrevient \u00e0 la pr\u00e9sente section est nulle et non avenue.<\/p>\n<p><strong>18. violations des pr\u00e9sentes conditions g\u00e9n\u00e9rales<\/strong><\/p>\n<p>Sans pr\u00e9judice de nos autres droits en vertu des pr\u00e9sentes Conditions g\u00e9n\u00e9rales, si vous enfreignez les pr\u00e9sentes Conditions g\u00e9n\u00e9rales de quelque mani\u00e8re que ce soit, nous pouvons prendre les mesures que nous jugeons appropri\u00e9es pour traiter l&rsquo;infraction, y compris en bloquant temporairement ou d\u00e9finitivement votre acc\u00e8s au Site et en contactant votre fournisseur d&rsquo;acc\u00e8s Internet pour lui demander de bloquer votre acc\u00e8s au Site et\/ou d&rsquo;engager une action en justice contre vous.<\/p>\n<p><strong>19. force majeure<\/strong><\/p>\n<p>A l&rsquo;exception de l&rsquo;obligation de paiement, tout retard, manquement ou omission d&rsquo;une partie dans l&rsquo;ex\u00e9cution ou le respect de l&rsquo;une de ses obligations en vertu du pr\u00e9sent contrat ne sera pas consid\u00e9r\u00e9 comme une violation des pr\u00e9sentes conditions g\u00e9n\u00e9rales si et aussi longtemps que ce retard, ce manquement ou cette omission est, pour une raison d\u00e9passant le raisonnable, sous le contr\u00f4le raisonnable de cette partie.<\/p>\n<p><strong>20. Indemnisation<\/strong><\/p>\n<p>Vous acceptez de nous indemniser, de nous d\u00e9fendre et de nous tenir \u00e0 l&rsquo;\u00e9cart de toute r\u00e9clamation, responsabilit\u00e9, dommage, perte et frais li\u00e9s \u00e0 votre violation des pr\u00e9sentes Conditions g\u00e9n\u00e9rales et des lois applicables, y compris les droits de propri\u00e9t\u00e9 intellectuelle et les droits de confidentialit\u00e9. Vous nous indemniserez imm\u00e9diatement de nos dommages, pertes, co\u00fbts et d\u00e9penses li\u00e9s \u00e0 ou d\u00e9coulant de telles r\u00e9clamations.<\/p>\n<p><strong>21. renonciation<\/strong><\/p>\n<p>Le fait de ne pas faire appliquer l&rsquo;une des dispositions des pr\u00e9sentes conditions g\u00e9n\u00e9rales et de tout accord ou de ne pas exercer une option de r\u00e9siliation ne sera pas consid\u00e9r\u00e9 comme une renonciation \u00e0 ces dispositions et n&rsquo;affectera pas la validit\u00e9 des pr\u00e9sentes conditions g\u00e9n\u00e9rales ou de tout ou partie de ces accords ou le droit par la suite de faire appliquer chaque disposition.<\/p>\n<p><strong>22. langue<\/strong><\/p>\n<p>Les pr\u00e9sentes conditions g\u00e9n\u00e9rales seront interpr\u00e9t\u00e9es et ex\u00e9cut\u00e9es exclusivement en fran\u00e7ais. Les pr\u00e9sentes conditions g\u00e9n\u00e9rales de vente s&rsquo;appliquent exclusivement en langue allemande. En cas de traduction ou de version multilingue des pr\u00e9sentes conditions g\u00e9n\u00e9rales, la version fran\u00e7aise pr\u00e9vaut.<\/p>\n<p><strong>23. accord complet<\/strong><\/p>\n<p>Les pr\u00e9sentes conditions g\u00e9n\u00e9rales, ainsi que notre <a href=\"https:\/\/www.beiefritz.lu\/fr\/politique-relative-aux-cookies\/?cmplz_region_redirect=true&#038;v=920d0c66f3d2\">politique<\/a> <a href=\"https:\/\/www.beiefritz.lu\/fr\/politique-de-confidentialite\/?cmplz_region_redirect=true&#038;v=920d0c66f3d2\">de confidentialit\u00e9<\/a> et notre <a href=\"https:\/\/www.beiefritz.lu\/fr\/politique-relative-aux-cookies\/?cmplz_region_redirect=true&#038;v=920d0c66f3d2\">politique en mati\u00e8re de cookies<\/a>, constituent l&rsquo;int\u00e9gralit\u00e9 de l&rsquo;accord entre vous et De Beiefritz en ce qui concerne votre utilisation de ce site.<\/p>\n<p><strong>24. mise \u00e0 jour des pr\u00e9sentes conditions g\u00e9n\u00e9rales<\/strong><\/p>\n<p>Nous pouvons mettre \u00e0 jour ces conditions g\u00e9n\u00e9rales de temps \u00e0 autre. Vous \u00eates tenu de consulter r\u00e9guli\u00e8rement les pr\u00e9sentes conditions g\u00e9n\u00e9rales afin de v\u00e9rifier si elles ont \u00e9t\u00e9 modifi\u00e9es ou mises \u00e0 jour. La date indiqu\u00e9e au d\u00e9but des pr\u00e9sentes conditions g\u00e9n\u00e9rales est la derni\u00e8re date de r\u00e9vision. Les modifications apport\u00e9es aux pr\u00e9sentes conditions g\u00e9n\u00e9rales prendront effet d\u00e8s que ces modifications seront publi\u00e9es sur ce site. Votre utilisation continue de ce site Web apr\u00e8s la publication de modifications ou de mises \u00e0 jour sera consid\u00e9r\u00e9e comme une indication de votre acceptation de respecter et d&rsquo;\u00eatre li\u00e9 par ces conditions g\u00e9n\u00e9rales.<\/p>\n<p><strong>25. choix de la loi et de la juridiction<\/strong><\/p>\n<p>Les pr\u00e9sentes conditions g\u00e9n\u00e9rales sont r\u00e9gies par les lois du Luxembourg. Tout litige relatif aux pr\u00e9sentes conditions g\u00e9n\u00e9rales est soumis \u00e0 la comp\u00e9tence des tribunaux de Luxembourg. Si une partie ou une disposition de ces conditions g\u00e9n\u00e9rales est jug\u00e9e invalide et\/ou inapplicable en vertu de la loi applicable par un tribunal ou une autre autorit\u00e9, cette partie ou cette disposition sera modifi\u00e9e, supprim\u00e9e et\/ou appliqu\u00e9e dans la mesure maximale permise par l&rsquo;intention de ces conditions g\u00e9n\u00e9rales. Les autres dispositions ne sont pas affect\u00e9es.<\/p>\n<p><strong>26. informations de contact<\/strong><\/p>\n<p>Ce site web appartient et est g\u00e9r\u00e9 par De Beiefritz.<\/p>\n<p>Vous pouvez nous contacter au sujet de ces conditions g\u00e9n\u00e9rales par \u00e9crit ou par e-mail \u00e0 l&rsquo;adresse suivante : info@beiefritz.lu<br>76, route de Remich<br>L-5330 Moutfort<\/p>\n<p>En utilisant nos services, vous acceptez les pr\u00e9sentes conditions g\u00e9n\u00e9rales.<\/p>\n\n\n\n<p><\/p>\n","protected":false},"excerpt":{"rendered":"","protected":false},"author":1,"featured_media":0,"parent":0,"menu_order":0,"comment_status":"closed","ping_status":"closed","template":"page-blank.php","meta":{"footnotes":""},"class_list":["post-16354","page","type-page","status-publish","hentry"],"_links":{"self":[{"href":"https:\/\/beiefritz.lu\/fr\/wp-json\/wp\/v2\/pages\/16354","targetHints":{"allow":["GET"]}}],"collection":[{"href":"https:\/\/beiefritz.lu\/fr\/wp-json\/wp\/v2\/pages"}],"about":[{"href":"https:\/\/beiefritz.lu\/fr\/wp-json\/wp\/v2\/types\/page"}],"author":[{"embeddable":true,"href":"https:\/\/beiefritz.lu\/fr\/wp-json\/wp\/v2\/users\/1"}],"replies":[{"embeddable":true,"href":"https:\/\/beiefritz.lu\/fr\/wp-json\/wp\/v2\/comments?post=16354"}],"version-history":[{"count":5,"href":"https:\/\/beiefritz.lu\/fr\/wp-json\/wp\/v2\/pages\/16354\/revisions"}],"predecessor-version":[{"id":18483,"href":"https:\/\/beiefritz.lu\/fr\/wp-json\/wp\/v2\/pages\/16354\/revisions\/18483"}],"wp:attachment":[{"href":"https:\/\/beiefritz.lu\/fr\/wp-json\/wp\/v2\/media?parent=16354"}],"curies":[{"name":"wp","href":"https:\/\/api.w.org\/{rel}","templated":true}]}}