{"id":16723,"date":"2024-07-26T17:10:39","date_gmt":"2024-07-26T15:10:39","guid":{"rendered":"https:\/\/www.beiefritz.lu\/maintenance\/"},"modified":"2025-01-22T11:26:40","modified_gmt":"2025-01-22T10:26:40","slug":"maintenance","status":"publish","type":"page","link":"https:\/\/beiefritz.lu\/fr\/maintenance\/","title":{"rendered":"Maintenance"},"content":{"rendered":"\n<div class=\"row\"  id=\"row-1687097740\">\n\n\n\t<div id=\"col-1731041022\" class=\"col medium-2 small-12 large-2\"  >\n\t\t\t\t<div class=\"col-inner\"  >\n\t\t\t\n\t\t\t\n\n\n\t\t<\/div>\n\t\t\t\t\t<\/div>\n\n\t\n\n\t<div id=\"col-17193902\" class=\"col medium-8 small-12 large-8\"  >\n\t\t\t\t<div class=\"col-inner\"  >\n\t\t\t\n\t\t\t\n\n\t<div class=\"img has-hover x md-x lg-x y md-y lg-y\" id=\"image_806761666\">\n\t\t\t\t\t\t\t\t<div class=\"img-inner dark\" >\n\t\t\t<img loading=\"lazy\" decoding=\"async\" width=\"1020\" height=\"292\" src=\"https:\/\/beiefritz.lu\/wp-content\/uploads\/2024\/07\/20240726_DEBEIEFRITZ_Logo_RGB_v01_Logo-horizontal-1024x293.png\" class=\"attachment-large size-large\" alt=\"\" srcset=\"https:\/\/beiefritz.lu\/wp-content\/uploads\/2024\/07\/20240726_DEBEIEFRITZ_Logo_RGB_v01_Logo-horizontal-1024x293.png 1024w, https:\/\/beiefritz.lu\/wp-content\/uploads\/2024\/07\/20240726_DEBEIEFRITZ_Logo_RGB_v01_Logo-horizontal-300x86.png 300w, https:\/\/beiefritz.lu\/wp-content\/uploads\/2024\/07\/20240726_DEBEIEFRITZ_Logo_RGB_v01_Logo-horizontal-768x220.png 768w, https:\/\/beiefritz.lu\/wp-content\/uploads\/2024\/07\/20240726_DEBEIEFRITZ_Logo_RGB_v01_Logo-horizontal-510x146.png 510w, https:\/\/beiefritz.lu\/wp-content\/uploads\/2024\/07\/20240726_DEBEIEFRITZ_Logo_RGB_v01_Logo-horizontal-350x100.png 350w, https:\/\/beiefritz.lu\/wp-content\/uploads\/2024\/07\/20240726_DEBEIEFRITZ_Logo_RGB_v01_Logo-horizontal.png 1080w\" sizes=\"auto, (max-width: 1020px) 100vw, 1020px\" \/>\t\t\t\t\t\t\n\t\t\t\t\t<\/div>\n\t\t\t\t\t\t\t\t\n<style>\n#image_806761666 {\n  width: 100%;\n}\n<\/style>\n\t<\/div>\n\t\n\n\n\t\t<\/div>\n\t\t\t\t\t<\/div>\n\n\t\n\n\t<div id=\"col-7342423\" class=\"col medium-2 small-12 large-2\"  >\n\t\t\t\t<div class=\"col-inner\"  >\n\t\t\t\n\t\t\t\n\n\n\t\t<\/div>\n\t\t\t\t\t<\/div>\n\n\t\n\n<\/div>\n<div class=\"row\"  id=\"row-1604958771\">\n\n\n\t<div id=\"col-415609703\" class=\"col medium-1 small-12 large-1\"  >\n\t\t\t\t<div class=\"col-inner\"  >\n\t\t\t\n\t\t\t\n\n\n\t\t<\/div>\n\t\t\t\t\t<\/div>\n\n\t\n\n\t<div id=\"col-902246191\" class=\"col medium-10 small-12 large-10\"  >\n\t\t\t\t<div class=\"col-inner\"  >\n\t\t\t\n\t\t\t\n\n<h3 style=\"text-align: center;\"><span style=\"font-size: 130%;\"><strong><span style=\"font-family: urbane-medium;\">NOUS REVIENDRONS VERS VOUS DANS UN INSTANT !<\/span><\/strong><\/span><\/h3>\n<p> <\/p>\n<p style=\"text-align: center;\">Chers oursons et amis des abeilles,<\/p>\n<p style=\"text-align: center;\">Notre boutique en ligne bourdonne actuellement en mode maintenance, tandis que nos abeilles affair\u00e9es travaillent \u00e0 son am\u00e9lioration. Mais ne vous inqui\u00e9tez pas, vous pouvez continuer \u00e0 commander vos produits apicoles !<\/p>\n<p> <\/p>\n<p style=\"text-align: center;\"><span style=\"font-size: 120%;\"><strong>Envoyez simplement vos commandes par e-mail \u00e0 :<\/strong><\/span><\/p>\n<p style=\"text-align: center;\"><span style=\"font-size: 120%;\"><strong><a rel=\"noreferrer\">moien@beiefritz.lu<\/a><\/strong><\/span><\/p>\n<p> <\/p>\n<p style=\"text-align: center;\">Nous vous remercions de votre patience et nous r\u00e9jouissons de pouvoir vous proposer \u00e0 nouveau notre ruche compl\u00e8te de produits dans un avenir proche.<\/p>\n<p style=\"text-align: center;\">Avec nos salutations mielleuses,<\/p>\n<p style=\"text-align: center;\">Votre \u00e9quipe Beiefritz<\/p>\n<p> <\/p>\n<p style=\"text-align: center;\">PS : Aucune abeille n&rsquo;a \u00e9t\u00e9 d\u00e9rang\u00e9e lors de ces travaux de maintenance ! \ud83d\udc1d<\/p>\n<p> <\/p>\n<p> <\/p>\n<p> <\/p>\n<p> <\/p>\n\n\t\t<\/div>\n\t\t\t\t\t<\/div>\n\n\t\n\n\t<div id=\"col-188834083\" class=\"col medium-1 small-12 large-1\"  >\n\t\t\t\t<div class=\"col-inner\"  >\n\t\t\t\n\t\t\t\n\n\n\t\t<\/div>\n\t\t\t\t\t<\/div>\n\n\t\n\n<\/div>\n\n","protected":false},"excerpt":{"rendered":"","protected":false},"author":1,"featured_media":0,"parent":0,"menu_order":0,"comment_status":"closed","ping_status":"closed","template":"","meta":{"footnotes":""},"class_list":["post-16723","page","type-page","status-publish","hentry"],"_links":{"self":[{"href":"https:\/\/beiefritz.lu\/fr\/wp-json\/wp\/v2\/pages\/16723","targetHints":{"allow":["GET"]}}],"collection":[{"href":"https:\/\/beiefritz.lu\/fr\/wp-json\/wp\/v2\/pages"}],"about":[{"href":"https:\/\/beiefritz.lu\/fr\/wp-json\/wp\/v2\/types\/page"}],"author":[{"embeddable":true,"href":"https:\/\/beiefritz.lu\/fr\/wp-json\/wp\/v2\/users\/1"}],"replies":[{"embeddable":true,"href":"https:\/\/beiefritz.lu\/fr\/wp-json\/wp\/v2\/comments?post=16723"}],"version-history":[{"count":6,"href":"https:\/\/beiefritz.lu\/fr\/wp-json\/wp\/v2\/pages\/16723\/revisions"}],"predecessor-version":[{"id":16742,"href":"https:\/\/beiefritz.lu\/fr\/wp-json\/wp\/v2\/pages\/16723\/revisions\/16742"}],"wp:attachment":[{"href":"https:\/\/beiefritz.lu\/fr\/wp-json\/wp\/v2\/media?parent=16723"}],"curies":[{"name":"wp","href":"https:\/\/api.w.org\/{rel}","templated":true}]}}