{"id":18787,"date":"2025-03-16T19:35:27","date_gmt":"2025-03-16T18:35:27","guid":{"rendered":"https:\/\/beiefritz.lu\/abeilles\/"},"modified":"2025-10-13T23:20:32","modified_gmt":"2025-10-13T21:20:32","slug":"abeilles","status":"publish","type":"page","link":"https:\/\/beiefritz.lu\/fr\/abeilles\/","title":{"rendered":"Abeilles"},"content":{"rendered":"\n\t<div id=\"text-1061950987\" class=\"text\">\n\t\t\n\n<h2 style=\"text-align: center;\">ACHETER DES ABEILLES<\/h2>\n\t\t\n<style>\n#text-1061950987 {\n  text-align: center;\n}\n<\/style>\n\t<\/div>\n\t\n<div class=\"container section-title-container\" ><h3 class=\"section-title section-title-center\"><b aria-hidden=\"true\"><\/b><span class=\"section-title-main\" >Reines des abeilles<\/span><b aria-hidden=\"true\"><\/b><\/h3><\/div>\n\n\t\n  \n    <div class=\"row  equalize-box large-columns-4 medium-columns-3 small-columns-2 row-small slider row-slider slider-nav-reveal slider-nav-push\"  data-flickity-options='{&quot;imagesLoaded&quot;: true, &quot;groupCells&quot;: &quot;100%&quot;, &quot;dragThreshold&quot; : 5, &quot;cellAlign&quot;: &quot;left&quot;,&quot;wrapAround&quot;: true,&quot;prevNextButtons&quot;: true,&quot;percentPosition&quot;: true,&quot;pageDots&quot;: false, &quot;rightToLeft&quot;: false, &quot;autoPlay&quot; : false}' >\n\n  <\/div>\n\n<div class=\"container section-title-container\" ><h3 class=\"section-title section-title-center\"><b aria-hidden=\"true\"><\/b><span class=\"section-title-main\" >D\u00e9riv\u00e9<\/span><b aria-hidden=\"true\"><\/b><\/h3><\/div>\n\n\t\n  \n    <div class=\"row  equalize-box large-columns-4 medium-columns-3 small-columns-2 row-small slider row-slider slider-nav-reveal slider-nav-push\"  data-flickity-options='{&quot;imagesLoaded&quot;: true, &quot;groupCells&quot;: &quot;100%&quot;, &quot;dragThreshold&quot; : 5, &quot;cellAlign&quot;: &quot;left&quot;,&quot;wrapAround&quot;: true,&quot;prevNextButtons&quot;: true,&quot;percentPosition&quot;: true,&quot;pageDots&quot;: false, &quot;rightToLeft&quot;: false, &quot;autoPlay&quot; : false}' >\n\n  \n\t     <div class=\"product-small col has-hover product type-product post-18335 status-publish first onbackorder product_cat-derive has-post-thumbnail taxable shipping-taxable purchasable product-type-variable\">\n\t<div class=\"col-inner\">\n\t\n<div class=\"badge-container absolute left top z-1\">\n\n<div class=\"badge callout badge-circle\"><div class=\"badge-inner callout-new-bg is-small new-bubble\">PR\u00c9COMMANDE<\/div><\/div><\/div>\n\t<div class=\"product-small box \">\n\t\t<div class=\"box-image\">\n\t\t\t<div class=\"image-fade_in_back\">\n\t\t\t\t<a href=\"https:\/\/beiefritz.lu\/fr\/produkt\/grain-de-buckfast-6-alveoles-fixe-sur-pied\/\">\n\t\t\t\t\t<img loading=\"lazy\" decoding=\"async\" width=\"247\" height=\"247\" src=\"https:\/\/beiefritz.lu\/wp-content\/uploads\/2025\/03\/Ableger-247x247.png\" class=\"attachment-woocommerce_thumbnail size-woocommerce_thumbnail\" alt=\"Grain de Buckfast 6 alv\u00e9oles -fix\u00e9 sur pied-\" srcset=\"https:\/\/beiefritz.lu\/wp-content\/uploads\/2025\/03\/Ableger-247x247.png 247w, https:\/\/beiefritz.lu\/wp-content\/uploads\/2025\/03\/Ableger-300x300.png 300w, https:\/\/beiefritz.lu\/wp-content\/uploads\/2025\/03\/Ableger-1024x1024.png 1024w, https:\/\/beiefritz.lu\/wp-content\/uploads\/2025\/03\/Ableger-150x150.png 150w, https:\/\/beiefritz.lu\/wp-content\/uploads\/2025\/03\/Ableger-768x768.png 768w, https:\/\/beiefritz.lu\/wp-content\/uploads\/2025\/03\/Ableger-510x510.png 510w, https:\/\/beiefritz.lu\/wp-content\/uploads\/2025\/03\/Ableger-100x100.png 100w, https:\/\/beiefritz.lu\/wp-content\/uploads\/2025\/03\/Ableger.png 1080w\" sizes=\"auto, (max-width: 247px) 100vw, 247px\" \/>\t\t\t\t<\/a>\n\t\t\t<\/div>\n\t\t\t<div class=\"image-tools is-small top right show-on-hover\">\n\t\t\t\t\t\t\t<\/div>\n\t\t\t<div class=\"image-tools is-small hide-for-small bottom left show-on-hover\">\n\t\t\t\t\t\t\t<\/div>\n\t\t\t<div class=\"image-tools grid-tools text-center hide-for-small bottom hover-slide-in show-on-hover\">\n\t\t\t\t\t\t\t<\/div>\n\t\t\t\t\t<\/div>\n\n\t\t<div class=\"box-text box-text-products text-center grid-style-2\">\n\t\t\t<div class=\"title-wrapper\"><p class=\"name product-title woocommerce-loop-product__title\"><a href=\"https:\/\/beiefritz.lu\/fr\/produkt\/grain-de-buckfast-6-alveoles-fixe-sur-pied\/\" class=\"woocommerce-LoopProduct-link woocommerce-loop-product__link\">Grain de Buckfast 6 alv\u00e9oles -fix\u00e9 sur pied-<\/a><\/p><\/div><div class=\"price-wrapper\">\n\t<span class=\"price\"><span class=\"woocommerce-Price-amount amount\"><bdi>120,00&nbsp;<span class=\"woocommerce-Price-currencySymbol\">&euro;<\/span><\/bdi><\/span><\/span>\n<\/div><div class=\"add-to-cart-button\"><a href=\"https:\/\/beiefritz.lu\/fr\/produkt\/grain-de-buckfast-6-alveoles-fixe-sur-pied\/\" aria-describedby=\"woocommerce_loop_add_to_cart_link_describedby_18335\" data-quantity=\"1\" class=\"primary is-small mb-0 button product_type_variable add_to_cart_button is-flat\" data-product_id=\"18335\" data-product_sku=\"\" aria-label=\"S\u00e9lectionner les options pour &ldquo;Grain de Buckfast 6 alv\u00e9oles -fix\u00e9 sur pied-&rdquo;\" rel=\"nofollow\">Choix des options<\/a><\/div>\t<span id=\"woocommerce_loop_add_to_cart_link_describedby_18335\" class=\"screen-reader-text\">\n\t\tCe produit a plusieurs variations. Les options peuvent \u00eatre choisies sur la page du produit\t<\/span>\n\t\t<\/div>\n\t<\/div>\n\t\t<\/div>\n<\/div><\/div>\n\n\n","protected":false},"excerpt":{"rendered":"","protected":false},"author":1,"featured_media":0,"parent":0,"menu_order":0,"comment_status":"closed","ping_status":"closed","template":"","meta":{"footnotes":""},"class_list":["post-18787","page","type-page","status-publish","hentry"],"_links":{"self":[{"href":"https:\/\/beiefritz.lu\/fr\/wp-json\/wp\/v2\/pages\/18787","targetHints":{"allow":["GET"]}}],"collection":[{"href":"https:\/\/beiefritz.lu\/fr\/wp-json\/wp\/v2\/pages"}],"about":[{"href":"https:\/\/beiefritz.lu\/fr\/wp-json\/wp\/v2\/types\/page"}],"author":[{"embeddable":true,"href":"https:\/\/beiefritz.lu\/fr\/wp-json\/wp\/v2\/users\/1"}],"replies":[{"embeddable":true,"href":"https:\/\/beiefritz.lu\/fr\/wp-json\/wp\/v2\/comments?post=18787"}],"version-history":[{"count":1,"href":"https:\/\/beiefritz.lu\/fr\/wp-json\/wp\/v2\/pages\/18787\/revisions"}],"predecessor-version":[{"id":18788,"href":"https:\/\/beiefritz.lu\/fr\/wp-json\/wp\/v2\/pages\/18787\/revisions\/18788"}],"wp:attachment":[{"href":"https:\/\/beiefritz.lu\/fr\/wp-json\/wp\/v2\/media?parent=18787"}],"curies":[{"name":"wp","href":"https:\/\/api.w.org\/{rel}","templated":true}]}}