{"id":8778,"date":"2022-02-20T16:37:39","date_gmt":"2022-02-20T15:37:39","guid":{"rendered":"https:\/\/www.beiefritz.lu\/lapiculture\/"},"modified":"2025-01-22T10:29:49","modified_gmt":"2025-01-22T09:29:49","slug":"lapiculture","status":"publish","type":"page","link":"https:\/\/beiefritz.lu\/fr\/lapiculture\/","title":{"rendered":"L\u00b4apiculture"},"content":{"rendered":"\n<h2 class=\"uppercase\" style=\"text-align: center;\">L&rsquo;apiculture<\/h2>\n<p> <\/p>\n<div class=\"row\"  id=\"row-1323487769\">\n\n\n\t<div id=\"col-319463854\" class=\"col medium-6 small-12 large-6\"  >\n\t\t\t\t<div class=\"col-inner\"  >\n\t\t\t\n\t\t\t\n\n<p><strong>De Beiefritz<\/strong> est une jeune exploitation apicole fond\u00e9e en 2015 au Luxembourg.<\/p>\n<p>Il est important pour moi de traiter mes abeilles d&rsquo;une mani\u00e8re adapt\u00e9e \u00e0 leur nature, afin de pouvoir r\u00e9colter le miel le plus durablement et naturellement possible sans perdre de vue les abeilles et l&rsquo;environnement.<\/p>\n<p>Les abeilles sont plus importantes que jamais pour notre \u00e9cosyst\u00e8me, elles jouent le r\u00f4le le plus important dans la pollinisation des arbres fruitiers. Sans l&rsquo;abeille, un tiers de toutes les plantes ne pourraient pas \u00eatre pollinis\u00e9es.<\/p>\n\n\t\t<\/div>\n\t\t\t\t\t<\/div>\n\n\t\n\n\t<div id=\"col-687711787\" class=\"col medium-6 small-12 large-6\"  >\n\t\t\t\t<div class=\"col-inner\"  >\n\t\t\t\n\t\t\t\n\n\t<div class=\"img has-hover x md-x lg-x y md-y lg-y\" id=\"image_548357967\">\n\t\t\t\t\t\t\t\t<div class=\"img-inner dark\" >\n\t\t\t<img loading=\"lazy\" decoding=\"async\" width=\"300\" height=\"225\" src=\"https:\/\/beiefritz.lu\/wp-content\/uploads\/2022\/01\/2019-08-04-Beiefritz-84-Kopie-300x225.jpg\" class=\"attachment-medium size-medium\" alt=\"\" srcset=\"https:\/\/beiefritz.lu\/wp-content\/uploads\/2022\/01\/2019-08-04-Beiefritz-84-Kopie-300x225.jpg 300w, https:\/\/beiefritz.lu\/wp-content\/uploads\/2022\/01\/2019-08-04-Beiefritz-84-Kopie-1024x768.jpg 1024w, https:\/\/beiefritz.lu\/wp-content\/uploads\/2022\/01\/2019-08-04-Beiefritz-84-Kopie-768x576.jpg 768w, https:\/\/beiefritz.lu\/wp-content\/uploads\/2022\/01\/2019-08-04-Beiefritz-84-Kopie-1536x1152.jpg 1536w, https:\/\/beiefritz.lu\/wp-content\/uploads\/2022\/01\/2019-08-04-Beiefritz-84-Kopie-2048x1536.jpg 2048w, https:\/\/beiefritz.lu\/wp-content\/uploads\/2022\/01\/2019-08-04-Beiefritz-84-Kopie-510x383.jpg 510w, https:\/\/beiefritz.lu\/wp-content\/uploads\/2022\/01\/2019-08-04-Beiefritz-84-Kopie-scaled.jpg 1080w\" sizes=\"auto, (max-width: 300px) 100vw, 300px\" \/>\t\t\t\t\t\t\n\t\t\t\t\t<\/div>\n\t\t\t\t\t\t\t\t\n<style>\n#image_548357967 {\n  width: 100%;\n}\n<\/style>\n\t<\/div>\n\t\n\n\n\t\t<\/div>\n\t\t\t\t\t<\/div>\n\n\t\n\n<\/div>\n\n","protected":false},"excerpt":{"rendered":"","protected":false},"author":1,"featured_media":8972,"parent":0,"menu_order":0,"comment_status":"closed","ping_status":"closed","template":"","meta":{"footnotes":""},"class_list":["post-8778","page","type-page","status-publish","has-post-thumbnail","hentry"],"_links":{"self":[{"href":"https:\/\/beiefritz.lu\/fr\/wp-json\/wp\/v2\/pages\/8778","targetHints":{"allow":["GET"]}}],"collection":[{"href":"https:\/\/beiefritz.lu\/fr\/wp-json\/wp\/v2\/pages"}],"about":[{"href":"https:\/\/beiefritz.lu\/fr\/wp-json\/wp\/v2\/types\/page"}],"author":[{"embeddable":true,"href":"https:\/\/beiefritz.lu\/fr\/wp-json\/wp\/v2\/users\/1"}],"replies":[{"embeddable":true,"href":"https:\/\/beiefritz.lu\/fr\/wp-json\/wp\/v2\/comments?post=8778"}],"version-history":[{"count":1,"href":"https:\/\/beiefritz.lu\/fr\/wp-json\/wp\/v2\/pages\/8778\/revisions"}],"predecessor-version":[{"id":8779,"href":"https:\/\/beiefritz.lu\/fr\/wp-json\/wp\/v2\/pages\/8778\/revisions\/8779"}],"wp:featuredmedia":[{"embeddable":true,"href":"https:\/\/beiefritz.lu\/fr\/wp-json\/wp\/v2\/media\/8972"}],"wp:attachment":[{"href":"https:\/\/beiefritz.lu\/fr\/wp-json\/wp\/v2\/media?parent=8778"}],"curies":[{"name":"wp","href":"https:\/\/api.w.org\/{rel}","templated":true}]}}