{"id":8781,"date":"2016-02-23T00:16:10","date_gmt":"2016-02-22T23:16:10","guid":{"rendered":"https:\/\/www.beiefritz.lu\/lapiculture\/de-beiefritz\/"},"modified":"2025-01-22T10:38:35","modified_gmt":"2025-01-22T09:38:35","slug":"de-beiefritz","status":"publish","type":"page","link":"https:\/\/beiefritz.lu\/fr\/lapiculture\/de-beiefritz\/","title":{"rendered":"De Beiefritz"},"content":{"rendered":"\n\t<div id=\"gap-922211253\" class=\"gap-element clearfix\" style=\"display:block; height:auto;\">\n\t\t\n<style>\n#gap-922211253 {\n  padding-top: 30px;\n}\n<\/style>\n\t<\/div>\n\t\n\n<h2 class=\"uppercase\" style=\"text-align: center;\">Qui est \u00ab\u00a0De beiefritz\u00a0\u00bb ?<\/h2>\n<h3 class=\"thin-font\"> <\/h3>\n\n<div class=\"row hide-for-small\"  id=\"row-313369932\">\n\n\n\t<div id=\"col-731225795\" class=\"col medium-6 small-12 large-6\"  >\n\t\t\t\t<div class=\"col-inner\"  >\n\t\t\t\n\t\t\t\n\n<div class=\"row\"  id=\"row-1562378122\">\n\n\n\t<div id=\"col-1858852188\" class=\"col small-12 large-12\"  >\n\t\t\t\t<div class=\"col-inner\"  >\n\t\t\t\n\t\t\t\n\n<p>N\u00e9 en 1990 au Luxembourg, je n&rsquo;ai eu aucun contact avec les abeilles jusqu&rsquo;\u00e0 mes 24 ans. En raison de mon int\u00e9r\u00eat pour les animaux et la biologie, ainsi que de ma fa\u00e7on consciente de penser \u00e9cologiquement et durablement \u00e0 la culture de nourriture moi-m\u00eame, je suis venu vers les abeilles.<\/p>\n<p>Il est particuli\u00e8rement important pour moi que le consommateur comprenne d&rsquo;o\u00f9 vient sa nourriture et sache comment elle est produite, comme c&rsquo;\u00e9tait le cas dans le pass\u00e9, o\u00f9 chacun produisait tout en autosuffisance. \u00ab\u00a0Retour aux sources\u00a0\u00bb.<\/p>\n\t<div class=\"img has-hover x md-x lg-x y md-y lg-y\" id=\"image_1124627226\">\n\t\t\t\t\t\t\t\t<div class=\"img-inner image-cover dark\" style=\"padding-top:100%;margin:0px 0px 0px 0;\">\n\t\t\t<img loading=\"lazy\" decoding=\"async\" width=\"768\" height=\"1024\" src=\"https:\/\/beiefritz.lu\/wp-content\/uploads\/2024\/08\/2019-08-04-Beiefritz-102-768x1024.jpg\" class=\"attachment-large size-large\" alt=\"\" srcset=\"https:\/\/beiefritz.lu\/wp-content\/uploads\/2024\/08\/2019-08-04-Beiefritz-102-768x1024.jpg 768w, https:\/\/beiefritz.lu\/wp-content\/uploads\/2024\/08\/2019-08-04-Beiefritz-102-225x300.jpg 225w, https:\/\/beiefritz.lu\/wp-content\/uploads\/2024\/08\/2019-08-04-Beiefritz-102-510x680.jpg 510w, https:\/\/beiefritz.lu\/wp-content\/uploads\/2024\/08\/2019-08-04-Beiefritz-102.jpg 810w\" sizes=\"auto, (max-width: 768px) 100vw, 768px\" \/>\t\t\t\t\t\t\n\t\t\t\t\t<\/div>\n\t\t\t\t\t\t\t\t\n<style>\n#image_1124627226 {\n  width: 100%;\n}\n<\/style>\n\t<\/div>\n\t\n\n\n\t\t<\/div>\n\t\t\t\t\t<\/div>\n\n\t\n\n<\/div>\n\n\t\t<\/div>\n\t\t\t\t\t<\/div>\n\n\t\n\n\t<div id=\"col-371494537\" class=\"col medium-6 small-12 large-6\"  >\n\t\t\t\t<div class=\"col-inner\"  >\n\t\t\t\n\t\t\t\n\n\t<div class=\"img has-hover x md-x lg-x y md-y lg-y\" id=\"image_1554100197\">\n\t\t\t\t\t\t\t\t<div class=\"img-inner image-cover dark\" style=\"padding-top:100%;\">\n\t\t\t<img loading=\"lazy\" decoding=\"async\" width=\"768\" height=\"1024\" src=\"https:\/\/beiefritz.lu\/wp-content\/uploads\/2024\/08\/Beiefritz4-768x1024.jpg\" class=\"attachment-large size-large\" alt=\"\" srcset=\"https:\/\/beiefritz.lu\/wp-content\/uploads\/2024\/08\/Beiefritz4-768x1024.jpg 768w, https:\/\/beiefritz.lu\/wp-content\/uploads\/2024\/08\/Beiefritz4-225x300.jpg 225w, https:\/\/beiefritz.lu\/wp-content\/uploads\/2024\/08\/Beiefritz4-510x680.jpg 510w, https:\/\/beiefritz.lu\/wp-content\/uploads\/2024\/08\/Beiefritz4.jpg 810w\" sizes=\"auto, (max-width: 768px) 100vw, 768px\" \/>\t\t\t\t\t\t\n\t\t\t\t\t<\/div>\n\t\t\t\t\t\t\t\t\n<style>\n#image_1554100197 {\n  width: 100%;\n}\n<\/style>\n\t<\/div>\n\t\n\n<p>Depuis l&rsquo;industrialisation, notre soci\u00e9t\u00e9 a connu un m\u00e9ga \u00ab\u00a0boom\u00a0\u00bb, o\u00f9 il est devenu de plus en plus facile de se procurer de la nourriture rapidement et d&rsquo;acheter tous les produits \u00ab\u00a0anonymement\u00a0\u00bb au supermarch\u00e9.<\/p>\n<p>Nous avons oubli\u00e9 combien de temps et d&rsquo;\u00e9nergie est mis dans chaque produit individuel, puisque tout est disponible en rayon 7\/7 jours.<\/p>\n<p> <\/p>\n<p style=\"text-align: right;\"><em><strong>Yannick alias. De Beiefritz<\/strong><\/em><\/p>\n<p> <\/p>\n\n\t\t<\/div>\n\t\t\t\t\t<\/div>\n\n\t\n\n<\/div>\n<div class=\"row show-for-small\"  id=\"row-439347411\">\n\n\n\t<div id=\"col-1135566814\" class=\"col small-12 large-12\"  >\n\t\t\t\t<div class=\"col-inner\"  >\n\t\t\t\n\t\t\t\n\n<p>N\u00e9 en 1990 au Luxembourg, je n&rsquo;ai eu aucun contact avec les abeilles jusqu&rsquo;\u00e0 mes 24 ans. En raison de mon int\u00e9r\u00eat pour les animaux et la biologie, ainsi que de ma fa\u00e7on consciente de penser \u00e9cologiquement et durablement \u00e0 la culture de nourriture moi-m\u00eame, je suis venu vers les abeilles.<\/p>\n\t<div class=\"img has-hover x md-x lg-x y md-y lg-y\" id=\"image_144674553\">\n\t\t\t\t\t\t\t\t<div class=\"img-inner image-cover dark\" style=\"padding-top:100%;\">\n\t\t\t<img loading=\"lazy\" decoding=\"async\" width=\"768\" height=\"1024\" src=\"https:\/\/beiefritz.lu\/wp-content\/uploads\/2024\/08\/Beiefritz4-768x1024.jpg\" class=\"attachment-large size-large\" alt=\"\" srcset=\"https:\/\/beiefritz.lu\/wp-content\/uploads\/2024\/08\/Beiefritz4-768x1024.jpg 768w, https:\/\/beiefritz.lu\/wp-content\/uploads\/2024\/08\/Beiefritz4-225x300.jpg 225w, https:\/\/beiefritz.lu\/wp-content\/uploads\/2024\/08\/Beiefritz4-510x680.jpg 510w, https:\/\/beiefritz.lu\/wp-content\/uploads\/2024\/08\/Beiefritz4.jpg 810w\" sizes=\"auto, (max-width: 768px) 100vw, 768px\" \/>\t\t\t\t\t\t\n\t\t\t\t\t<\/div>\n\t\t\t\t\t\t\t\t\n<style>\n#image_144674553 {\n  width: 100%;\n}\n<\/style>\n\t<\/div>\n\t\n\n<p>Il est particuli\u00e8rement important pour moi que le consommateur comprenne d&rsquo;o\u00f9 vient sa nourriture et sache comment elle est produite, comme c&rsquo;\u00e9tait le cas dans le pass\u00e9, o\u00f9 chacun produisait tout en autosuffisance. \u00ab\u00a0Retour aux sources\u00a0\u00bb.<\/p>\n\t<div class=\"img has-hover x md-x lg-x y md-y lg-y\" id=\"image_1680191668\">\n\t\t\t\t\t\t\t\t<div class=\"img-inner image-cover dark\" style=\"padding-top:100%;\">\n\t\t\t<img loading=\"lazy\" decoding=\"async\" width=\"768\" height=\"1024\" src=\"https:\/\/beiefritz.lu\/wp-content\/uploads\/2024\/08\/2019-08-04-Beiefritz-102-768x1024.jpg\" class=\"attachment-large size-large\" alt=\"\" srcset=\"https:\/\/beiefritz.lu\/wp-content\/uploads\/2024\/08\/2019-08-04-Beiefritz-102-768x1024.jpg 768w, https:\/\/beiefritz.lu\/wp-content\/uploads\/2024\/08\/2019-08-04-Beiefritz-102-225x300.jpg 225w, https:\/\/beiefritz.lu\/wp-content\/uploads\/2024\/08\/2019-08-04-Beiefritz-102-510x680.jpg 510w, https:\/\/beiefritz.lu\/wp-content\/uploads\/2024\/08\/2019-08-04-Beiefritz-102.jpg 810w\" sizes=\"auto, (max-width: 768px) 100vw, 768px\" \/>\t\t\t\t\t\t\n\t\t\t\t\t<\/div>\n\t\t\t\t\t\t\t\t\n<style>\n#image_1680191668 {\n  width: 100%;\n}\n<\/style>\n\t<\/div>\n\t\n\n<p>Depuis l&rsquo;industrialisation, notre soci\u00e9t\u00e9 a connu un m\u00e9ga \u00ab\u00a0boom\u00a0\u00bb, o\u00f9 il est devenu de plus en plus facile de se procurer de la nourriture rapidement et d&rsquo;acheter tous les produits \u00ab\u00a0anonymement\u00a0\u00bb au supermarch\u00e9.<\/p>\n<p>Nous avons oubli\u00e9 combien de temps et d&rsquo;\u00e9nergie est mis dans chaque produit individuel, puisque tout est disponible en rayon 7\/7 jours.<\/p>\n<p> <\/p>\n<p style=\"text-align: right;\"><em><strong>Yannick alias. De Beiefritz<\/strong><\/em><\/p>\n<p> <\/p>\n\n\t\t<\/div>\n\t\t\t\t\t<\/div>\n\n\t\n\n<\/div>\n\n","protected":false},"excerpt":{"rendered":"","protected":false},"author":1,"featured_media":0,"parent":8778,"menu_order":0,"comment_status":"closed","ping_status":"closed","template":"","meta":{"footnotes":""},"class_list":["post-8781","page","type-page","status-publish","hentry"],"_links":{"self":[{"href":"https:\/\/beiefritz.lu\/fr\/wp-json\/wp\/v2\/pages\/8781","targetHints":{"allow":["GET"]}}],"collection":[{"href":"https:\/\/beiefritz.lu\/fr\/wp-json\/wp\/v2\/pages"}],"about":[{"href":"https:\/\/beiefritz.lu\/fr\/wp-json\/wp\/v2\/types\/page"}],"author":[{"embeddable":true,"href":"https:\/\/beiefritz.lu\/fr\/wp-json\/wp\/v2\/users\/1"}],"replies":[{"embeddable":true,"href":"https:\/\/beiefritz.lu\/fr\/wp-json\/wp\/v2\/comments?post=8781"}],"version-history":[{"count":3,"href":"https:\/\/beiefritz.lu\/fr\/wp-json\/wp\/v2\/pages\/8781\/revisions"}],"predecessor-version":[{"id":17206,"href":"https:\/\/beiefritz.lu\/fr\/wp-json\/wp\/v2\/pages\/8781\/revisions\/17206"}],"up":[{"embeddable":true,"href":"https:\/\/beiefritz.lu\/fr\/wp-json\/wp\/v2\/pages\/8778"}],"wp:attachment":[{"href":"https:\/\/beiefritz.lu\/fr\/wp-json\/wp\/v2\/media?parent=8781"}],"curies":[{"name":"wp","href":"https:\/\/api.w.org\/{rel}","templated":true}]}}