{"id":8785,"date":"2022-02-20T16:43:02","date_gmt":"2022-02-20T15:43:02","guid":{"rendered":"https:\/\/www.beiefritz.lu\/lapiculture\/ma-philosophie\/"},"modified":"2025-01-22T10:29:50","modified_gmt":"2025-01-22T09:29:50","slug":"ma-philosophie","status":"publish","type":"page","link":"https:\/\/beiefritz.lu\/fr\/lapiculture\/ma-philosophie\/","title":{"rendered":"Ma philosophie"},"content":{"rendered":"\n<h2 class=\"uppercase\" style=\"text-align: center;\">Ma philosophie<\/h2>\n<h3 class=\"thin-font\"> <\/h3>\n<p>Mon apiculture est bas\u00e9e sur la r\u00e9gionalit\u00e9 et donc sur une production durable et \u00e9cologiquement sens\u00e9e d&rsquo;un miel aussi pur et sans r\u00e9sidus que possible, qui d\u00e9coule d&rsquo;une pens\u00e9e holistique. Cela signifie s&rsquo;engager dans la nature.<\/p>\n<p>Je pratique l&rsquo;apiculture dans des ruches en bois, autant que possible sans mat\u00e9riaux et composants en plastique.<\/p>\n<p>Le miel n&rsquo;est traditionnellement et d\u00e9licatement extrait des alv\u00e9oles que lorsqu&rsquo;il est m\u00fbr.<\/p>\n<p><a href=\"https:\/\/beiefritz.lu\/wp-content\/uploads\/2016\/02\/IMG_6663.jpg\" rel=\"attachment wp-att-572\"><br\/><img loading=\"lazy\" decoding=\"async\" class=\"wp-image-572 aligncenter\" src=\"https:\/\/beiefritz.lu\/wp-content\/uploads\/2016\/02\/IMG_6663-1024x768.jpg\" alt=\"IMG_6663\" width=\"522\" height=\"392\" srcset=\"https:\/\/beiefritz.lu\/wp-content\/uploads\/2016\/02\/IMG_6663-1024x768.jpg 1024w, https:\/\/beiefritz.lu\/wp-content\/uploads\/2016\/02\/IMG_6663-510x383.jpg 510w, https:\/\/beiefritz.lu\/wp-content\/uploads\/2016\/02\/IMG_6663-300x225.jpg 300w, https:\/\/beiefritz.lu\/wp-content\/uploads\/2016\/02\/IMG_6663-768x576.jpg 768w, https:\/\/beiefritz.lu\/wp-content\/uploads\/2016\/02\/IMG_6663.jpg 1080w\" sizes=\"auto, (max-width: 522px) 100vw, 522px\" \/><\/a><\/p>\n\n","protected":false},"excerpt":{"rendered":"<p>Ma philosophie Mon apiculture est bas\u00e9e sur la r\u00e9gionalit\u00e9 et donc sur une production durable et \u00e9cologiquement sens\u00e9e d&rsquo;un miel aussi pur et sans r\u00e9sidus que possible, qui d\u00e9coule d&rsquo;une pens\u00e9e holistique. Cela signifie s&rsquo;engager dans la nature. Je pratique l&rsquo;apiculture dans des ruches en bois, autant que possible sans mat\u00e9riaux et composants en plastique. [&#8230;]\n","protected":false},"author":1,"featured_media":9129,"parent":8778,"menu_order":0,"comment_status":"closed","ping_status":"closed","template":"","meta":{"footnotes":""},"class_list":["post-8785","page","type-page","status-publish","has-post-thumbnail","hentry"],"_links":{"self":[{"href":"https:\/\/beiefritz.lu\/fr\/wp-json\/wp\/v2\/pages\/8785","targetHints":{"allow":["GET"]}}],"collection":[{"href":"https:\/\/beiefritz.lu\/fr\/wp-json\/wp\/v2\/pages"}],"about":[{"href":"https:\/\/beiefritz.lu\/fr\/wp-json\/wp\/v2\/types\/page"}],"author":[{"embeddable":true,"href":"https:\/\/beiefritz.lu\/fr\/wp-json\/wp\/v2\/users\/1"}],"replies":[{"embeddable":true,"href":"https:\/\/beiefritz.lu\/fr\/wp-json\/wp\/v2\/comments?post=8785"}],"version-history":[{"count":2,"href":"https:\/\/beiefritz.lu\/fr\/wp-json\/wp\/v2\/pages\/8785\/revisions"}],"predecessor-version":[{"id":17810,"href":"https:\/\/beiefritz.lu\/fr\/wp-json\/wp\/v2\/pages\/8785\/revisions\/17810"}],"up":[{"embeddable":true,"href":"https:\/\/beiefritz.lu\/fr\/wp-json\/wp\/v2\/pages\/8778"}],"wp:featuredmedia":[{"embeddable":true,"href":"https:\/\/beiefritz.lu\/fr\/wp-json\/wp\/v2\/media\/9129"}],"wp:attachment":[{"href":"https:\/\/beiefritz.lu\/fr\/wp-json\/wp\/v2\/media?parent=8785"}],"curies":[{"name":"wp","href":"https:\/\/api.w.org\/{rel}","templated":true}]}}