{"id":8789,"date":"2022-02-20T16:45:19","date_gmt":"2022-02-20T15:45:19","guid":{"rendered":"https:\/\/www.beiefritz.lu\/faq\/"},"modified":"2025-01-22T11:03:18","modified_gmt":"2025-01-22T10:03:18","slug":"faq","status":"publish","type":"page","link":"https:\/\/beiefritz.lu\/fr\/faq\/","title":{"rendered":"FAQ"},"content":{"rendered":"\n<h2 class=\"uppercase\" style=\"text-align: center;\">FAQ<\/h2>\n<h3 class=\"thin-font\"> <\/h3>\n<h3>Quelles sont ces miettes minuscules (<1 mm) dans le miel\u00a0?<\/h3>\n\t<div class=\"img has-hover x md-x lg-x y md-y lg-y\" id=\"image_1840156957\">\n\t\t\t\t\t\t\t\t<div class=\"img-inner dark\" >\n\t\t\t<img loading=\"lazy\" decoding=\"async\" width=\"768\" height=\"768\" src=\"https:\/\/beiefritz.lu\/wp-content\/uploads\/2018\/12\/IMG_0796-Kopie.jpg\" class=\"attachment-large size-large\" alt=\"\" srcset=\"https:\/\/beiefritz.lu\/wp-content\/uploads\/2018\/12\/IMG_0796-Kopie.jpg 768w, https:\/\/beiefritz.lu\/wp-content\/uploads\/2018\/12\/IMG_0796-Kopie-247x247.jpg 247w, https:\/\/beiefritz.lu\/wp-content\/uploads\/2018\/12\/IMG_0796-Kopie-100x100.jpg 100w, https:\/\/beiefritz.lu\/wp-content\/uploads\/2018\/12\/IMG_0796-Kopie-510x510.jpg 510w, https:\/\/beiefritz.lu\/wp-content\/uploads\/2018\/12\/IMG_0796-Kopie-150x150.jpg 150w, https:\/\/beiefritz.lu\/wp-content\/uploads\/2018\/12\/IMG_0796-Kopie-300x300.jpg 300w\" sizes=\"auto, (max-width: 768px) 100vw, 768px\" \/>\t\t\t\t\t\t\n\t\t\t\t\t<\/div>\n\t\t\t\t\t\t\t\t\n<style>\n#image_1840156957 {\n  width: 31%;\n}\n<\/style>\n\t<\/div>\n\t\n\n<p>Parce que nous ne filtrons que grossi\u00e8rement notre miel, le pollen de haute qualit\u00e9 et riche en nutriments reste dans le miel. Une filtration avec un tamis trop fin \u00e9liminerait le pr\u00e9cieux pollen du miel.<\/p>\n<p>Le pollen contient de nombreuses prot\u00e9ines et une analyse du pollen peut d\u00e9terminer l&rsquo;origine exacte du miel. <\/p>\n<p>Les contrefa\u00e7ons consistent g\u00e9n\u00e9ralement \u00e0 retirer tout le pollen afin de rendre impossible la tra\u00e7abilit\u00e9 du miel.<\/p>\n<p> <\/p>\n<h3>Quel genre de cristaux y a-t-il dans le miel ?<\/h3>\n\t<div class=\"img has-hover x md-x lg-x y md-y lg-y\" id=\"image_1976765604\">\n\t\t\t\t\t\t\t\t<div class=\"img-inner dark\" >\n\t\t\t<img loading=\"lazy\" decoding=\"async\" width=\"768\" height=\"768\" src=\"https:\/\/beiefritz.lu\/wp-content\/uploads\/2018\/12\/IMG_0794-Kopie.jpg\" class=\"attachment-large size-large\" alt=\"\" srcset=\"https:\/\/beiefritz.lu\/wp-content\/uploads\/2018\/12\/IMG_0794-Kopie.jpg 768w, https:\/\/beiefritz.lu\/wp-content\/uploads\/2018\/12\/IMG_0794-Kopie-247x247.jpg 247w, https:\/\/beiefritz.lu\/wp-content\/uploads\/2018\/12\/IMG_0794-Kopie-100x100.jpg 100w, https:\/\/beiefritz.lu\/wp-content\/uploads\/2018\/12\/IMG_0794-Kopie-510x510.jpg 510w, https:\/\/beiefritz.lu\/wp-content\/uploads\/2018\/12\/IMG_0794-Kopie-150x150.jpg 150w, https:\/\/beiefritz.lu\/wp-content\/uploads\/2018\/12\/IMG_0794-Kopie-300x300.jpg 300w\" sizes=\"auto, (max-width: 768px) 100vw, 768px\" \/>\t\t\t\t\t\t\n\t\t\t\t\t<\/div>\n\t\t\t\t\t\t\t\t\n<style>\n#image_1976765604 {\n  width: 32%;\n}\n<\/style>\n\t<\/div>\n\t\n\n<p>Oui, le miel est encore comestible. Ce n&rsquo;est pas de la moisissure, ce sont des cristaux de glucose. M\u00eame si le miel ne forme des cristaux qu&rsquo;au bout de quelques mois, ce n&rsquo;est pas un signe de mauvais miel, au contraire, c&rsquo;est un signe de miel particuli\u00e8rement sec.<\/p>\n<p>La fleur dite de cristal n&rsquo;appara\u00eet que dans le miel r\u00e9colt\u00e9 \u00e0 sec. Si les cristaux de glucose manquent d&rsquo;une couche d&rsquo;eau, alors l&rsquo;air est stock\u00e9. La r\u00e9fraction de la lumi\u00e8re entre le miel et l&rsquo;air assure la couleur lumi\u00e8re\/blanc. Un minuscule espace d&rsquo;air a \u00e9t\u00e9 cr\u00e9\u00e9 entre le verre et le miel, dans lequel les cristaux de glucose se sont d\u00e9velopp\u00e9s.<\/p>\n\n","protected":false},"excerpt":{"rendered":"<p>FAQ Quelles sont ces miettes minuscules (<\/p>\n","protected":false},"author":1,"featured_media":0,"parent":0,"menu_order":0,"comment_status":"closed","ping_status":"closed","template":"","meta":{"footnotes":""},"class_list":["post-8789","page","type-page","status-publish","hentry"],"_links":{"self":[{"href":"https:\/\/beiefritz.lu\/fr\/wp-json\/wp\/v2\/pages\/8789","targetHints":{"allow":["GET"]}}],"collection":[{"href":"https:\/\/beiefritz.lu\/fr\/wp-json\/wp\/v2\/pages"}],"about":[{"href":"https:\/\/beiefritz.lu\/fr\/wp-json\/wp\/v2\/types\/page"}],"author":[{"embeddable":true,"href":"https:\/\/beiefritz.lu\/fr\/wp-json\/wp\/v2\/users\/1"}],"replies":[{"embeddable":true,"href":"https:\/\/beiefritz.lu\/fr\/wp-json\/wp\/v2\/comments?post=8789"}],"version-history":[{"count":1,"href":"https:\/\/beiefritz.lu\/fr\/wp-json\/wp\/v2\/pages\/8789\/revisions"}],"predecessor-version":[{"id":8790,"href":"https:\/\/beiefritz.lu\/fr\/wp-json\/wp\/v2\/pages\/8789\/revisions\/8790"}],"wp:attachment":[{"href":"https:\/\/beiefritz.lu\/fr\/wp-json\/wp\/v2\/media?parent=8789"}],"curies":[{"name":"wp","href":"https:\/\/api.w.org\/{rel}","templated":true}]}}