{"id":13878,"date":"2025-09-08T19:49:35","date_gmt":"2025-09-08T17:49:35","guid":{"rendered":"https:\/\/www.beiefritz.lu\/shop\/de-beiefritz-lingots-de-cire-dabeille-260g\/"},"modified":"2025-09-08T19:49:36","modified_gmt":"2025-09-08T17:49:36","slug":"fr-beiefritz-barre-de-cire-dabeille-270g","status":"publish","type":"product","link":"https:\/\/beiefritz.lu\/fr\/produkt\/fr-beiefritz-barre-de-cire-dabeille-270g\/","title":{"rendered":"DE BEIEFRITZ &#8211; Lingot de cire d&rsquo;abeille env. 270g"},"content":{"rendered":"<ul>\n<li>Comme raffermissant dans la fabrication de cr\u00e8mes, de savons, de rouges \u00e0 l\u00e8vres, etc.<\/li>\n<li>Pour la fabrication de bougies<\/li>\n<\/ul>\n<p>          <em>Environ 270g de cire d&rsquo;abeille pure par lingot<\/em><\/p>\n","protected":false},"excerpt":{"rendered":"<p>Comme raffermissant dans la fabrication de cr\u00e8mes, de savons, de rouges \u00e0 l\u00e8vres, etc. Pour la fabrication de bougies Environ 270g de cire d&rsquo;abeille pure par lingot<\/p>\n","protected":false},"featured_media":13876,"comment_status":"open","ping_status":"closed","template":"","meta":[],"product_brand":[],"product_cat":[670,588,578,496],"product_tag":[],"class_list":{"0":"post-13878","1":"product","2":"type-product","3":"status-publish","4":"has-post-thumbnail","6":"product_cat-cire-dabeille","7":"product_cat-de-beiefritz-fr","8":"product_cat-fabrique-au-luxembourg","9":"product_cat-zero-dechet","11":"first","12":"instock","13":"taxable","14":"shipping-taxable","15":"purchasable","16":"product-type-simple"},"_links":{"self":[{"href":"https:\/\/beiefritz.lu\/fr\/wp-json\/wp\/v2\/product\/13878","targetHints":{"allow":["GET"]}}],"collection":[{"href":"https:\/\/beiefritz.lu\/fr\/wp-json\/wp\/v2\/product"}],"about":[{"href":"https:\/\/beiefritz.lu\/fr\/wp-json\/wp\/v2\/types\/product"}],"replies":[{"embeddable":true,"href":"https:\/\/beiefritz.lu\/fr\/wp-json\/wp\/v2\/comments?post=13878"}],"wp:featuredmedia":[{"embeddable":true,"href":"https:\/\/beiefritz.lu\/fr\/wp-json\/wp\/v2\/media\/13876"}],"wp:attachment":[{"href":"https:\/\/beiefritz.lu\/fr\/wp-json\/wp\/v2\/media?parent=13878"}],"wp:term":[{"taxonomy":"product_brand","embeddable":true,"href":"https:\/\/beiefritz.lu\/fr\/wp-json\/wp\/v2\/product_brand?post=13878"},{"taxonomy":"product_cat","embeddable":true,"href":"https:\/\/beiefritz.lu\/fr\/wp-json\/wp\/v2\/product_cat?post=13878"},{"taxonomy":"product_tag","embeddable":true,"href":"https:\/\/beiefritz.lu\/fr\/wp-json\/wp\/v2\/product_tag?post=13878"}],"curies":[{"name":"wp","href":"https:\/\/api.w.org\/{rel}","templated":true}]}}