{"id":13888,"date":"2025-08-13T00:00:13","date_gmt":"2025-08-12T22:00:13","guid":{"rendered":"https:\/\/www.beiefritz.lu\/shop\/little-bee-fresh-tapis-de-cuisson-permanent-33-x-40-cm-2-pieces-marron\/"},"modified":"2026-02-05T09:03:34","modified_gmt":"2026-02-05T08:03:34","slug":"little-bee-fresh-matelas-de-cuisson-permanent-33-x-40-cm-2-pieces-marron","status":"publish","type":"product","link":"https:\/\/beiefritz.lu\/fr\/produkt\/little-bee-fresh-matelas-de-cuisson-permanent-33-x-40-cm-2-pieces-marron\/","title":{"rendered":"LITTLE BEE FRESH &#8211; Tapis de cuisson permanent 33 x 40 cm &#8211; 2 pi\u00e8ces &#8211; marron"},"content":{"rendered":"<h2><strong>Tapis de cuisson permanent pour les fans de p\u00e2tisserie !<\/strong><\/h2>\n<p>Avec nos tapis de cuisson permanents en fibres de verre sp\u00e9ciales recouvertes de T\u00e9flon, nous vous proposons une alternative r\u00e9utilisable et durable au papier sulfuris\u00e9 traditionnel. Avec ces tapis de four, vous pouvez cuire autant de fois que vous le souhaitez et vous \u00e9vitez ainsi des d\u00e9chets inutiles. Les tapis de cuisson sont con\u00e7us pour plusieurs centaines de cuissons. Avec une r\u00e9sistance \u00e0 la chaleur allant jusqu&rsquo;\u00e0 260\u00b0C, ils garantissent une cuisson respectueuse de l&rsquo;environnement.<\/p>\n<p>Les tapis de cuisson se lavent tr\u00e8s facilement \u00e0 l&rsquo;eau et au liquide vaisselle.<\/p>\n<p><strong>Attention :<\/strong> il est interdit de couper sur le tapis de cuisson permanent !<\/p>\n<h3 class=\"qodef-icon-list-icon-holder-inner clearfix\"><strong>Pourquoi utiliser un tapis de cuisson permanent ? Qu&rsquo;est-ce qui est mauvais dans le papier sulfuris\u00e9 traditionnel ?<\/strong><\/h3>\n<div>Le papier sulfuris\u00e9 est un papier couch\u00e9 dont le rev\u00eatement antiadh\u00e9sif le plus courant est en silicone et n&rsquo;est donc <strong>pas recyclable <\/strong>. \u00c9tant donn\u00e9 que, dans la plupart des cas, nous ne pouvons utiliser le papier sulfuris\u00e9 qu&rsquo;une seule fois, il repr\u00e9sente un probl\u00e8me de recyclage plus important pour notre environnement que beaucoup d&rsquo;entre nous ne le r\u00e9alisent. Ainsi, notre tapis de cuisson permanent ne m\u00e9nage pas seulement l&rsquo;environnement, mais aussi ton porte-monnaie.<\/div>\n<div><\/div>\n<h3><strong>Peut-on recycler un tapis de cuisson permanent ?<\/strong><\/h3>\n<div>Le tapis de cuisson permanent peut \u00eatre utilis\u00e9 pendant de nombreuses ann\u00e9es, ce qui permet d&rsquo;\u00e9conomiser une grande quantit\u00e9 de papier sulfuris\u00e9 traditionnel, qui est g\u00e9n\u00e9ralement recouvert d&rsquo;une couche de silicone.<br \/>  En principe, le tapis de cuisson en fibre de verre et en t\u00e9flon peut \u00eatre jet\u00e9 avec les autres d\u00e9chets, car il peut \u00eatre incin\u00e9r\u00e9 sans r\u00e9sidus par nos installations de traitement des d\u00e9chets.<\/div>\n","protected":false},"excerpt":{"rendered":"<p><strong>2 tapis de cuisson r\u00e9utilisables, pour une cuisson respectueuse de l&rsquo;environnement !<\/strong><\/p>\n<ul>\n<li>R\u00e9sistant \u00e0 la chaleur jusqu&rsquo;\u00e0 260\u00b0C<\/li>\n<li>r\u00e9utilisable \u00e0 volont\u00e9<\/li>\n<li>dure des ann\u00e9es !<\/li>\n<li>nettoyage facile<\/li>\n<li>Dimensions : 33 x 40 cm (peut \u00eatre d\u00e9coup\u00e9 de mani\u00e8re flexible)<\/li>\n<li><strong>Une cha\u00eene d&rsquo;approvisionnement transparente :<\/strong>\n<ul>\n<li>fabriqu\u00e9 en : Angleterre<\/li>\n<li>emball\u00e9 chez : little bee fresh<\/li>\n<\/ul>\n<\/li>\n<\/ul>\n<p><strong>Contenu de la livraison : 2x <\/strong>tapis de cuisson (33 x 40cm) &#8211; brun, emball\u00e9 dans du papier d&rsquo;herbe<\/p>\n","protected":false},"featured_media":12776,"comment_status":"open","ping_status":"closed","template":"","meta":[],"product_brand":[],"product_cat":[272,496],"product_tag":[],"class_list":{"0":"post-13888","1":"product","2":"type-product","3":"status-publish","4":"has-post-thumbnail","6":"product_cat-divers","7":"product_cat-zero-dechet","9":"first","10":"instock","11":"taxable","12":"shipping-taxable","13":"purchasable","14":"product-type-simple"},"_links":{"self":[{"href":"https:\/\/beiefritz.lu\/fr\/wp-json\/wp\/v2\/product\/13888","targetHints":{"allow":["GET"]}}],"collection":[{"href":"https:\/\/beiefritz.lu\/fr\/wp-json\/wp\/v2\/product"}],"about":[{"href":"https:\/\/beiefritz.lu\/fr\/wp-json\/wp\/v2\/types\/product"}],"replies":[{"embeddable":true,"href":"https:\/\/beiefritz.lu\/fr\/wp-json\/wp\/v2\/comments?post=13888"}],"wp:featuredmedia":[{"embeddable":true,"href":"https:\/\/beiefritz.lu\/fr\/wp-json\/wp\/v2\/media\/12776"}],"wp:attachment":[{"href":"https:\/\/beiefritz.lu\/fr\/wp-json\/wp\/v2\/media?parent=13888"}],"wp:term":[{"taxonomy":"product_brand","embeddable":true,"href":"https:\/\/beiefritz.lu\/fr\/wp-json\/wp\/v2\/product_brand?post=13888"},{"taxonomy":"product_cat","embeddable":true,"href":"https:\/\/beiefritz.lu\/fr\/wp-json\/wp\/v2\/product_cat?post=13888"},{"taxonomy":"product_tag","embeddable":true,"href":"https:\/\/beiefritz.lu\/fr\/wp-json\/wp\/v2\/product_tag?post=13888"}],"curies":[{"name":"wp","href":"https:\/\/api.w.org\/{rel}","templated":true}]}}