{"id":13933,"date":"2025-09-08T19:49:33","date_gmt":"2025-09-08T17:49:33","guid":{"rendered":"https:\/\/www.beiefritz.lu\/shop\/schlosswald-bienenengut-cure-cellulaire-royale-creme-hydratante\/"},"modified":"2025-09-08T19:49:34","modified_gmt":"2025-09-08T17:49:34","slug":"creme-hydratante-royale-de-cure-cellulaire-a-lapiculture-de-la-foret-close","status":"publish","type":"product","link":"https:\/\/beiefritz.lu\/fr\/produkt\/creme-hydratante-royale-de-cure-cellulaire-a-lapiculture-de-la-foret-close\/","title":{"rendered":"SCHLO\u00dfWALD-BIENENENGUT &#8211; Cure cellulaire Royale Cr\u00e8me hydratante"},"content":{"rendered":"<p><strong>Revitalisante, et avec sa grande vari\u00e9t\u00e9 d&rsquo;ingr\u00e9dients naturels les plus divers, sans doute la cr\u00e8me pour le visage la plus exclusive de la maison Schlo\u00dfwald-Bienengut\u00ae.<\/strong><\/p>\n<p><strong>Le Q10 biodisponible, les cellules fra\u00eeches de la pomme et 3% de gel\u00e9e royale combattent le processus de vieillissement<br \/>\nde la peau. Ils favorisent naturellement la r\u00e9g\u00e9n\u00e9ration cellulaire et stimulent le processus de division cellulaire.<br \/>\nL&rsquo;extrait d&rsquo;aloe vera, l&rsquo;huile d&rsquo;amande et le beurre de cacao, pour ne citer que<br \/>\n, sont autant d&rsquo;ingr\u00e9dients pr\u00e9cieux et enti\u00e8rement naturels. <\/strong><br \/>\n<strong><br \/>\nLa cr\u00e8me hydratante royale Zellkur<br \/>\nest rapidement absorb\u00e9e gr\u00e2ce \u00e0 sa texture l\u00e9g\u00e8re, elle n&rsquo;est pas grasse<br \/>\net hydrate jusqu&rsquo;\u00e0 12 heures avec son parfum d&rsquo;orange. Elle est parfum\u00e9e \u00e0 l&rsquo;orange.<br \/>\nElle unifie le teint d\u00e8s l&rsquo;application et pr\u00e9vient les irritations de la peau et les impuret\u00e9s des pores dues \u00e0 l&rsquo;environnement.  Ce produit cosm\u00e9tique naturel convient \u00e0 tous les types de peau comme cr\u00e8me de jour et de nuit.<\/strong><\/p>\n<p>Contenu : Pot \u00e0 50ml<\/p>\n","protected":false},"excerpt":{"rendered":"<p>Revitalisante, et avec sa grande vari\u00e9t\u00e9 d&rsquo;ingr\u00e9dients naturels les plus divers, sans doute la cr\u00e8me pour le visage la plus exclusive de la maison Schlo\u00dfwald-Bienengut\u00ae. Le Q10 biodisponible, les cellules fra\u00eeches de la pomme et 3% de gel\u00e9e royale combattent le processus de vieillissement de la peau. Ils favorisent naturellement la r\u00e9g\u00e9n\u00e9ration cellulaire et stimulent [&#8230;]\n","protected":false},"featured_media":13931,"comment_status":"open","ping_status":"closed","template":"","meta":[],"product_brand":[],"product_cat":[272,263],"product_tag":[],"class_list":{"0":"post-13933","1":"product","2":"type-product","3":"status-publish","4":"has-post-thumbnail","6":"product_cat-divers","7":"product_cat-schlosswald-bienengut-fr","9":"first","10":"instock","11":"sale","12":"taxable","13":"shipping-taxable","14":"purchasable","15":"product-type-simple"},"_links":{"self":[{"href":"https:\/\/beiefritz.lu\/fr\/wp-json\/wp\/v2\/product\/13933","targetHints":{"allow":["GET"]}}],"collection":[{"href":"https:\/\/beiefritz.lu\/fr\/wp-json\/wp\/v2\/product"}],"about":[{"href":"https:\/\/beiefritz.lu\/fr\/wp-json\/wp\/v2\/types\/product"}],"replies":[{"embeddable":true,"href":"https:\/\/beiefritz.lu\/fr\/wp-json\/wp\/v2\/comments?post=13933"}],"wp:featuredmedia":[{"embeddable":true,"href":"https:\/\/beiefritz.lu\/fr\/wp-json\/wp\/v2\/media\/13931"}],"wp:attachment":[{"href":"https:\/\/beiefritz.lu\/fr\/wp-json\/wp\/v2\/media?parent=13933"}],"wp:term":[{"taxonomy":"product_brand","embeddable":true,"href":"https:\/\/beiefritz.lu\/fr\/wp-json\/wp\/v2\/product_brand?post=13933"},{"taxonomy":"product_cat","embeddable":true,"href":"https:\/\/beiefritz.lu\/fr\/wp-json\/wp\/v2\/product_cat?post=13933"},{"taxonomy":"product_tag","embeddable":true,"href":"https:\/\/beiefritz.lu\/fr\/wp-json\/wp\/v2\/product_tag?post=13933"}],"curies":[{"name":"wp","href":"https:\/\/api.w.org\/{rel}","templated":true}]}}