{"id":13949,"date":"2025-09-08T19:49:41","date_gmt":"2025-09-08T17:49:41","guid":{"rendered":"https:\/\/www.beiefritz.lu\/shop\/schlosswald-bienenengut-creme-pour-le-visage-rose-royal\/"},"modified":"2025-09-08T19:49:42","modified_gmt":"2025-09-08T17:49:42","slug":"creme-visage-a-la-rose-royale-de-schlosswald","status":"publish","type":"product","link":"https:\/\/beiefritz.lu\/fr\/produkt\/creme-visage-a-la-rose-royale-de-schlosswald\/","title":{"rendered":"SCHLO\u00dfWALD-BIENENENGUT &#8211; Cr\u00e8me pour le visage Rose-Royal"},"content":{"rendered":"<p><strong>Le soin universel Sensitive, particuli\u00e8rement adapt\u00e9 aux peaux sensibles et d\u00e9licates, de la maison Schlo\u00dfwald-Bienengut\u00ae.<\/strong><\/p>\n<p><strong>Gr\u00e2ce \u00e0 la combinaison douce de substances actives d&rsquo;extrait d&rsquo;aloe vera hydratant, de vitamines naturelles et de 2% de gel\u00e9e royale fra\u00eeche, elle a un effet apaisant sur les peaux sensibles et ab\u00eem\u00e9es. Des beurres et des huiles v\u00e9g\u00e9tales pr\u00e9cieuses assurent en m\u00eame temps une protection et un soin de longue dur\u00e9e des parties du visage.<\/strong><\/p>\n<p><strong>Gr\u00e2ce \u00e0 sa texture d\u00e9licate, la cr\u00e8me pour le visage Rose-Royal p\u00e9n\u00e8tre de mani\u00e8re diff\u00e9r\u00e9e, tout en nourrissant la peau \u00e0 la fois avec des composants hydratants et relipidants. Tous les composants sont adapt\u00e9s \u00e0 une tol\u00e9rance optimale des peaux sensibles \u00e0 irrit\u00e9es, de sorte que m\u00eame apr\u00e8s le rasage, elle garantit la meilleure tol\u00e9rance cutan\u00e9e possible et a un effet apaisant sur la peau. Ce produit cosm\u00e9tique naturel convient \u00e0 tous les types de peau comme cr\u00e8me de jour et de nuit.<\/strong><\/p>\n<p>Contenu : Pot \u00e0 50ml<\/p>\n","protected":false},"excerpt":{"rendered":"<p>Le soin universel Sensitive, particuli\u00e8rement adapt\u00e9 aux peaux sensibles et d\u00e9licates, de la maison Schlo\u00dfwald-Bienengut\u00ae. Gr\u00e2ce \u00e0 la combinaison douce de substances actives d&rsquo;extrait d&rsquo;aloe vera hydratant, de vitamines naturelles et de 2% de gel\u00e9e royale fra\u00eeche, elle a un effet apaisant sur les peaux sensibles et ab\u00eem\u00e9es. Des beurres et des huiles v\u00e9g\u00e9tales pr\u00e9cieuses [&#8230;]\n","protected":false},"featured_media":13946,"comment_status":"open","ping_status":"closed","template":"","meta":[],"product_brand":[],"product_cat":[272,263],"product_tag":[],"class_list":{"0":"post-13949","1":"product","2":"type-product","3":"status-publish","4":"has-post-thumbnail","6":"product_cat-divers","7":"product_cat-schlosswald-bienengut-fr","9":"first","10":"instock","11":"sale","12":"taxable","13":"shipping-taxable","14":"purchasable","15":"product-type-simple"},"_links":{"self":[{"href":"https:\/\/beiefritz.lu\/fr\/wp-json\/wp\/v2\/product\/13949","targetHints":{"allow":["GET"]}}],"collection":[{"href":"https:\/\/beiefritz.lu\/fr\/wp-json\/wp\/v2\/product"}],"about":[{"href":"https:\/\/beiefritz.lu\/fr\/wp-json\/wp\/v2\/types\/product"}],"replies":[{"embeddable":true,"href":"https:\/\/beiefritz.lu\/fr\/wp-json\/wp\/v2\/comments?post=13949"}],"wp:featuredmedia":[{"embeddable":true,"href":"https:\/\/beiefritz.lu\/fr\/wp-json\/wp\/v2\/media\/13946"}],"wp:attachment":[{"href":"https:\/\/beiefritz.lu\/fr\/wp-json\/wp\/v2\/media?parent=13949"}],"wp:term":[{"taxonomy":"product_brand","embeddable":true,"href":"https:\/\/beiefritz.lu\/fr\/wp-json\/wp\/v2\/product_brand?post=13949"},{"taxonomy":"product_cat","embeddable":true,"href":"https:\/\/beiefritz.lu\/fr\/wp-json\/wp\/v2\/product_cat?post=13949"},{"taxonomy":"product_tag","embeddable":true,"href":"https:\/\/beiefritz.lu\/fr\/wp-json\/wp\/v2\/product_tag?post=13949"}],"curies":[{"name":"wp","href":"https:\/\/api.w.org\/{rel}","templated":true}]}}