{"id":13964,"date":"2022-12-18T23:03:35","date_gmt":"2022-12-18T22:03:35","guid":{"rendered":"https:\/\/www.beiefritz.lu\/shop\/little-bee-fresh-pierre-a-nettoyer-ecologique-en-bocal-hermetique-400g\/"},"modified":"2025-08-19T17:38:16","modified_gmt":"2025-08-19T15:38:16","slug":"little-bee-fresh-pierre-de-nettoyage-ecologique-en-bocal-400g","status":"publish","type":"product","link":"https:\/\/beiefritz.lu\/fr\/produkt\/little-bee-fresh-pierre-de-nettoyage-ecologique-en-bocal-400g\/","title":{"rendered":"LITTLE BEE FRESH &#8211; Pierre \u00e0 nettoyer \u00e9cologique &#8211; en bocal herm\u00e9tique 400g"},"content":{"rendered":"<p>Notre pierre de nettoyage en bocal convient aux surfaces dures comme : acier chrom\u00e9, lavabos, robinetterie, four, gril, cuisini\u00e8re, plaque de cuisson en vitroc\u00e9ramique, casseroles, po\u00eales, carrelages, etc.<\/p>\n<p><strong>Application : <\/strong>Appliquer avec un chiffon humide, une \u00e9ponge en cuivre ou une brosse \u00e0 vaisselle, essuyer avec un chiffon humide, c&rsquo;est tout.<\/p>\n<p><strong>Ingr\u00e9dients : <\/strong>moins de 5% de savon. Parfums, CITRAL, LIMON\u00c8NE<\/p>\n","protected":false},"excerpt":{"rendered":"<div class=\"product-short-description\">\n<p><strong>Redonne de l&rsquo;\u00e9clat aux surfaces dures !  <\/strong><\/p>\n<ul>\n<li>nettoie puissamment &amp; naturellement<\/li>\n<li>emball\u00e9 dans un bocal<\/li>\n<li>biod\u00e9gradable<\/li>\n<li>tr\u00e8s \u00e9conomique<\/li>\n<li>100% sans plastique<\/li>\n<\/ul>\n<p><strong>Contenu de la livraison :<\/strong> 1x Pierre de nettoyage \u00e9cologique &#8211; Lemon (400g) dans un bocal de conservation<\/p>\n<\/div>\n","protected":false},"featured_media":13961,"comment_status":"open","ping_status":"closed","template":"","meta":[],"product_brand":[],"product_cat":[564,496],"product_tag":[],"class_list":{"0":"post-13964","1":"product","2":"type-product","3":"status-publish","4":"has-post-thumbnail","6":"product_cat-little-bee-fresh-fr","7":"product_cat-zero-dechet","9":"first","10":"instock","11":"taxable","12":"shipping-taxable","13":"purchasable","14":"product-type-simple"},"_links":{"self":[{"href":"https:\/\/beiefritz.lu\/fr\/wp-json\/wp\/v2\/product\/13964","targetHints":{"allow":["GET"]}}],"collection":[{"href":"https:\/\/beiefritz.lu\/fr\/wp-json\/wp\/v2\/product"}],"about":[{"href":"https:\/\/beiefritz.lu\/fr\/wp-json\/wp\/v2\/types\/product"}],"replies":[{"embeddable":true,"href":"https:\/\/beiefritz.lu\/fr\/wp-json\/wp\/v2\/comments?post=13964"}],"wp:featuredmedia":[{"embeddable":true,"href":"https:\/\/beiefritz.lu\/fr\/wp-json\/wp\/v2\/media\/13961"}],"wp:attachment":[{"href":"https:\/\/beiefritz.lu\/fr\/wp-json\/wp\/v2\/media?parent=13964"}],"wp:term":[{"taxonomy":"product_brand","embeddable":true,"href":"https:\/\/beiefritz.lu\/fr\/wp-json\/wp\/v2\/product_brand?post=13964"},{"taxonomy":"product_cat","embeddable":true,"href":"https:\/\/beiefritz.lu\/fr\/wp-json\/wp\/v2\/product_cat?post=13964"},{"taxonomy":"product_tag","embeddable":true,"href":"https:\/\/beiefritz.lu\/fr\/wp-json\/wp\/v2\/product_tag?post=13964"}],"curies":[{"name":"wp","href":"https:\/\/api.w.org\/{rel}","templated":true}]}}