{"id":13981,"date":"2025-09-08T19:49:43","date_gmt":"2025-09-08T17:49:43","guid":{"rendered":"https:\/\/www.beiefritz.lu\/shop\/little-bee-fresh-liquide-vaisselle-solide-en-bocal-neutre\/"},"modified":"2025-09-08T19:49:44","modified_gmt":"2025-09-08T17:49:44","slug":"little-bee-fresh-liquide-de-laverie-solide-en-bocal-neutre","status":"publish","type":"product","link":"https:\/\/beiefritz.lu\/fr\/produkt\/little-bee-fresh-liquide-de-laverie-solide-en-bocal-neutre\/","title":{"rendered":"LITTLE BEE FRESH &#8211; Liquide vaisselle solide en bocal &#8211; Neutre"},"content":{"rendered":"<div class=\"woocommerce-tabs wc-tabs-wrapper container tabbed-content\">\n<div class=\"tab-panels\">\n<div id=\"tab-description\" class=\"woocommerce-Tabs-panel woocommerce-Tabs-panel--description panel entry-content active\" role=\"tabpanel\" aria-labelledby=\"tab-title-description\">\n<h2>Liquide vaisselle solide dans la cuisine<\/h2>\n<p>Tu connais ? Le lave-vaisselle est rang\u00e9 et il reste des pi\u00e8ces isol\u00e9es qui ne devraient pas y \u00eatre. Il faut donc rapidement avoir sous la main un liquide vaisselle classique dans une bouteille en plastique et le rincer un par un. Mais sais-tu que les produits de nettoyage traditionnels contiennent <strong>souvent des tensioactifs agressifs et d&rsquo;autres substances nocives pour la sant\u00e9<\/strong>? Je ne parlerai m\u00eame pas des nombreuses bouteilles en plastique vides. De plus, les \u00e9ponges et les brosses en plastique lib\u00e8rent des <strong>microplastiques lors de leur utilisation<\/strong>, qui se retrouvent \u00e0 leur tour dans les eaux us\u00e9es. Nettoie tes lingettes en cire d&rsquo;abeille bio, ta vaisselle, tes casseroles, tes po\u00eales, tes verres et bien d&rsquo;autres choses encore <strong>de mani\u00e8re durable &amp; sans plastique avec un produit vaisselle solide<\/strong>.<\/p>\n<h2>Du liquide vaisselle solide en camping<\/h2>\n<p>La consistance ferme est optimale pour le camping. Si vous avez d\u00e9j\u00e0 eu des fuites de liquide vaisselle en camping, vous serez ravi de notre liquide vaisselle solide. La formule est extra forte contre le calcaire et nettoie la vaisselle sale m\u00eame avec de l&rsquo;eau froide au camping. Voici un conseil pour le meilleur nettoyage au camping : le mieux est de faire mousser \u00e9nergiquement le produit vaisselle avec la brosse et d&rsquo;en savonner toutes les pi\u00e8ces de vaisselle. Ensuite, rincer ou, si possible, plonger dans un bassin d&rsquo;eau claire. Tu \u00e9conomises ainsi le plus d&rsquo;eau possible et ta vaisselle reste propre en toute simplicit\u00e9, m\u00eame si l&rsquo;eau est froide et calcaire.<\/p>\n<h2>Notre liquide vaisselle solide est sans plastique, tr\u00e8s \u00e9conomique et biod\u00e9gradable.<\/h2>\n<p>Notre recette de liquide vaisselle solide est principalement compos\u00e9e d&rsquo;huile de coco et est enti\u00e8rement v\u00e9g\u00e9talienne. De plus, gr\u00e2ce \u00e0 l&rsquo;utilisation d&rsquo;ingr\u00e9dients exclusivement naturels, il est biod\u00e9gradable. Merci de ne pas le jeter dans la nature et de le tenir \u00e9loign\u00e9 des cours d&rsquo;eau. Les produits de nettoyage, aussi naturels soient-ils, ne doivent pas \u00eatre r\u00e9pandus dans la nature.<\/p>\n<p>Le liquide vaisselle solide nettoie aussi bien que le liquide vaisselle traditionnel. Gr\u00e2ce \u00e0 sa formule concentr\u00e9e, il est en outre tr\u00e8s \u00e9conomique !<\/p>\n<p><strong>APPLICATION :<\/strong><\/p>\n<p>Fais mousser le liquide vaisselle solide \u00e0 l&rsquo;aide d&rsquo;une \u00e9ponge ou d&rsquo;une brosse \u00e0 vaisselle et frotte-le d\u00e9licatement sur ton chiffon en cire d&rsquo;abeille. Une petite quantit\u00e9 de liquide vaisselle solide est absolument suffisante. Rince ensuite ton chiffon de cire d&rsquo;abeille \u00e0 l&rsquo;eau froide et laisse-le s\u00e9cher avant de l&rsquo;utiliser \u00e0 nouveau. Avec le liquide vaisselle solide, tu peux bien s\u00fbr nettoyer non seulement tes lingettes en cire d&rsquo;abeille, mais aussi tous les autres objets de ta cuisine.<\/p>\n<p>Seule une petite quantit\u00e9 d&rsquo;eau est n\u00e9cessaire pour faire mousser le produit. Veille \u00e0 ce qu&rsquo;il ne reste pas trop d&rsquo;eau dans le verre et que le liquide vaisselle solide puisse bien s\u00e9cher.<\/p>\n<p><strong>INGR\u00c9DIENTS :<br \/>\n<\/strong>Sodium cocoate, Potassium cocoate, Aqua, Coconut acid, sodium citrate.<\/p>\n<p>Contenu : 150g<\/p>\n<\/div><\/div>\n<\/p><\/div>\n<div class=\"gap-element clearfix\"><\/div>\n<div class=\"woocommerce-tabs wc-tabs-wrapper container tabbed-content\">\n<div class=\"tab-panels\">\n<div id=\"tab-description\" class=\"woocommerce-Tabs-panel woocommerce-Tabs-panel--description panel entry-content active\" role=\"tabpanel\" aria-labelledby=\"tab-title-description\">\n<h2>Voici comment fonctionne le liquide vaisselle solide :<\/h2>\n<div id=\"row-1669820080\" class=\"row\">\n<div id=\"col-2021267682\" class=\"col medium-6 small-12 large-6\">\n<div class=\"col-inner\"><\/div>\n<\/p><\/div>\n<div id=\"col-101318592\" class=\"col medium-4 small-12 large-4\">\n<div class=\"col-inner\"><\/div>\n<\/p><\/div>\n<\/p><\/div>\n<\/p><\/div>\n<div id=\"tab-pwb_tab\" class=\"woocommerce-Tabs-panel woocommerce-Tabs-panel--pwb_tab panel entry-content \" role=\"tabpanel\" aria-labelledby=\"tab-title-pwb_tab\">\n<h2><\/h2>\n<div id=\"tab-pwb_tab-content\">\n<h3><\/h3>\n<\/p><\/div>\n<\/p><\/div>\n<\/p><\/div>\n<\/p><\/div>\n<div><\/div>\n<div id=\"judgeme_product_reviews\" class=\"jdgm-widget jdgm-review-widget jdgm--done-setup-widget\" data-product-title=\"Festes Sp\u00fclmittel im Weckglas \u2013 Neutral\" data-id=\"45500\">\n<div class=\"jdgm-rev-widg\" data-updated-at=\"2022-11-04T11:17:21Z\" data-average-rating=\"4.86\" data-number-of-reviews=\"21\" data-number-of-questions=\"0\">\n<div class=\"jdgm-rev-widg__header\"><\/div>\n<\/p><\/div>\n<\/p><\/div>\n","protected":false},"excerpt":{"rendered":"<p><strong>Liquide vaisselle solide dans un bocal pour le nettoyage en douceur de tes lingettes en cire d&rsquo;abeille et de tous les objets de ta cuisine.<\/strong><\/p>\n<ul>\n<li>liquide vaisselle solide sans plastique<\/li>\n<li>extra fort contre le calcaire<\/li>\n<li>mati\u00e8res premi\u00e8res naturelles sans huile de palme<\/li>\n<li>autoris\u00e9 et enregistr\u00e9 comme produit de nettoyage<\/li>\n<li>tr\u00e8s \u00e9conomique<\/li>\n<li>vegan<\/li>\n<\/ul>\n<p><strong>Contenu de la livraison :<\/strong> 1x liquide vaisselle solide &#8211; neutre (150g) dans un bocal herm\u00e9tique<\/p>\n","protected":false},"featured_media":13973,"comment_status":"open","ping_status":"closed","template":"","meta":[],"product_brand":[],"product_cat":[656,564,496],"product_tag":[],"class_list":{"0":"post-13981","1":"product","2":"type-product","3":"status-publish","4":"has-post-thumbnail","6":"product_cat-bio-fr","7":"product_cat-little-bee-fresh-fr","8":"product_cat-zero-dechet","10":"first","11":"outofstock","12":"taxable","13":"shipping-taxable","14":"purchasable","15":"product-type-simple"},"_links":{"self":[{"href":"https:\/\/beiefritz.lu\/fr\/wp-json\/wp\/v2\/product\/13981","targetHints":{"allow":["GET"]}}],"collection":[{"href":"https:\/\/beiefritz.lu\/fr\/wp-json\/wp\/v2\/product"}],"about":[{"href":"https:\/\/beiefritz.lu\/fr\/wp-json\/wp\/v2\/types\/product"}],"replies":[{"embeddable":true,"href":"https:\/\/beiefritz.lu\/fr\/wp-json\/wp\/v2\/comments?post=13981"}],"wp:featuredmedia":[{"embeddable":true,"href":"https:\/\/beiefritz.lu\/fr\/wp-json\/wp\/v2\/media\/13973"}],"wp:attachment":[{"href":"https:\/\/beiefritz.lu\/fr\/wp-json\/wp\/v2\/media?parent=13981"}],"wp:term":[{"taxonomy":"product_brand","embeddable":true,"href":"https:\/\/beiefritz.lu\/fr\/wp-json\/wp\/v2\/product_brand?post=13981"},{"taxonomy":"product_cat","embeddable":true,"href":"https:\/\/beiefritz.lu\/fr\/wp-json\/wp\/v2\/product_cat?post=13981"},{"taxonomy":"product_tag","embeddable":true,"href":"https:\/\/beiefritz.lu\/fr\/wp-json\/wp\/v2\/product_tag?post=13981"}],"curies":[{"name":"wp","href":"https:\/\/api.w.org\/{rel}","templated":true}]}}