{"id":14003,"date":"2022-11-23T19:46:08","date_gmt":"2022-11-23T18:46:08","guid":{"rendered":"https:\/\/www.beiefritz.lu\/shop\/de-beiefritz-vin-chaud-au-miel\/"},"modified":"2025-01-22T13:27:26","modified_gmt":"2025-01-22T12:27:26","slug":"fr-beiefritz-honig-gluehwein","status":"publish","type":"product","link":"https:\/\/beiefritz.lu\/fr\/produkt\/fr-beiefritz-honig-gluehwein\/","title":{"rendered":"DE BEIEFRITZ &#8211; Vin chaud au miel"},"content":{"rendered":"<p>Un hydromel m\u00fbri pendant plus de deux ans a \u00e9t\u00e9 m\u00e9lang\u00e9 \u00e0 des \u00e9pices de No\u00ebl provenant de la p\u00e2tisserie de No\u00ebl et encore une fois \u00e0 une touche du meilleur miel.<\/p>\n<p>C&rsquo;est ainsi qu&rsquo;est n\u00e9 un d\u00e9licieux vin chaud que vous ne voudrez partager qu&rsquo;avec vos proches \ud83d\ude09<\/p>\n<p>&nbsp;<\/p>\n<p>Contenu : 1 litre<\/p>\n<p>Alc. 12 % vol.<\/p>\n","protected":false},"excerpt":{"rendered":"<p>Un hydromel m\u00fbri pendant plus de deux ans a \u00e9t\u00e9 m\u00e9lang\u00e9 \u00e0 des \u00e9pices de No\u00ebl provenant de la p\u00e2tisserie de No\u00ebl et encore une fois \u00e0 une touche du meilleur miel. C&rsquo;est ainsi qu&rsquo;est n\u00e9 un d\u00e9licieux vin chaud que vous ne voudrez partager qu&rsquo;avec vos proches \ud83d\ude09 &nbsp; Contenu : 1 litre Alc. [&#8230;]\n","protected":false},"featured_media":13817,"comment_status":"open","ping_status":"closed","template":"","meta":[],"product_brand":[],"product_cat":[588,178],"product_tag":[],"class_list":{"0":"post-14003","1":"product","2":"type-product","3":"status-publish","4":"has-post-thumbnail","6":"product_cat-de-beiefritz-fr","7":"product_cat-idees-de-cadeaux","9":"first","10":"outofstock","11":"taxable","12":"shipping-taxable","13":"purchasable","14":"product-type-simple"},"_links":{"self":[{"href":"https:\/\/beiefritz.lu\/fr\/wp-json\/wp\/v2\/product\/14003","targetHints":{"allow":["GET"]}}],"collection":[{"href":"https:\/\/beiefritz.lu\/fr\/wp-json\/wp\/v2\/product"}],"about":[{"href":"https:\/\/beiefritz.lu\/fr\/wp-json\/wp\/v2\/types\/product"}],"replies":[{"embeddable":true,"href":"https:\/\/beiefritz.lu\/fr\/wp-json\/wp\/v2\/comments?post=14003"}],"wp:featuredmedia":[{"embeddable":true,"href":"https:\/\/beiefritz.lu\/fr\/wp-json\/wp\/v2\/media\/13817"}],"wp:attachment":[{"href":"https:\/\/beiefritz.lu\/fr\/wp-json\/wp\/v2\/media?parent=14003"}],"wp:term":[{"taxonomy":"product_brand","embeddable":true,"href":"https:\/\/beiefritz.lu\/fr\/wp-json\/wp\/v2\/product_brand?post=14003"},{"taxonomy":"product_cat","embeddable":true,"href":"https:\/\/beiefritz.lu\/fr\/wp-json\/wp\/v2\/product_cat?post=14003"},{"taxonomy":"product_tag","embeddable":true,"href":"https:\/\/beiefritz.lu\/fr\/wp-json\/wp\/v2\/product_tag?post=14003"}],"curies":[{"name":"wp","href":"https:\/\/api.w.org\/{rel}","templated":true}]}}