{"id":14043,"date":"2025-09-08T19:49:23","date_gmt":"2025-09-08T17:49:23","guid":{"rendered":"https:\/\/www.beiefritz.lu\/shop\/schlosswald-bienengut-elixier-royal-elixir-au-venin-dabeille\/"},"modified":"2025-09-08T19:49:24","modified_gmt":"2025-09-08T17:49:24","slug":"schlosswald-bienenengut-elixier-royal-poison-dabeille","status":"publish","type":"product","link":"https:\/\/beiefritz.lu\/fr\/produkt\/schlosswald-bienenengut-elixier-royal-poison-dabeille\/","title":{"rendered":"SCHLO\u00dfWALD-BIENENGUT &#8211; Elixier-Royal\u00ae \u00c9lixir au venin d&rsquo;abeille"},"content":{"rendered":"<p><strong>\u00c9lixir r\u00e9parateur hautement actif avec du v\u00e9ritable venin d&rsquo;abeille et un complexe de 7 substances actives de la maison Schlo\u00dfwald-Bienengut\u00ae.<\/strong><\/p>\n<p class=\"line-height-150 cke-line-height\"><strong>V\u00e9ritable venin d&rsquo;abeille naturel, rafra\u00eechit les traits de votre visage en r\u00e9duisant les fines contractions musculaires avec un \u00ab\u00a0effet imm\u00e9diat\u00a0\u00bb perceptible.  <\/strong><strong>En tant qu&rsquo;antioxydant naturel, l&rsquo;astaxanthine capture les radicaux libres nocifs et prot\u00e8ge ainsi notre peau.<\/strong><\/p>\n<p class=\"line-height-150 cke-line-height\"><strong>L&rsquo;extrait de lys blanc (Neurolight 61G) aide \u00e0 combattre les taches pigmentaires, tandis que la Soliberine\u00ae r\u00e9duit les effets n\u00e9gatifs de la lumi\u00e8re naturelle et artificielle.<\/strong><\/p>\n<p class=\"line-height-150 cke-line-height\"><strong>Le stoechiol (issu de la lavande papillon) agit comme un relaxant sur les cellules nerveuses et aide \u00e0 d\u00e9tendre les traits tendus du visage.<\/strong><\/p>\n<p class=\"line-height-150 cke-line-height\"><strong>La structure cellulaire affaiss\u00e9e est renforc\u00e9e et reconstruite de l&rsquo;int\u00e9rieur gr\u00e2ce aux extraits d&rsquo;algues zen (ALGAKTIV\u00ae) dans la structure de collag\u00e8ne propre \u00e0 la peau.<\/strong><\/p>\n<p class=\"line-height-150 cke-line-height\"><strong>De v\u00e9ritables cellules fra\u00eeches v\u00e9g\u00e9tales issues de mousses (Moss CellTec No.1\u00ae) favorisent la r\u00e9silience de la peau et renforcent sa propre r\u00e9sistance aux agressions environnementales.<\/strong><\/p>\n<p><strong>Gr\u00e2ce \u00e0 cette puissante combinaison high-tech 100% naturelle de substances actives naturelles brevet\u00e9es et de nouveaut\u00e9s mondiales, Elixier-Royal\u00ae offre \u00e0 votre peau l&rsquo;\u00e9nergie n\u00e9cessaire pour se r\u00e9g\u00e9n\u00e9rer pendant la nuit et lui conf\u00e8re un nouvel \u00e9clat unique !<\/strong><\/p>\n<p><strong>Ce produit cosm\u00e9tique naturel exclusif convient \u00e0 absolument toutes les peaux avant l&rsquo;application de tout soin du visage.<\/strong><\/p>\n","protected":false},"excerpt":{"rendered":"<p>\u00c9lixir r\u00e9parateur hautement actif avec du v\u00e9ritable venin d&rsquo;abeille et un complexe de 7 substances actives de la maison Schlo\u00dfwald-Bienengut\u00ae. V\u00e9ritable venin d&rsquo;abeille naturel, rafra\u00eechit les traits de votre visage en r\u00e9duisant les fines contractions musculaires avec un \u00ab\u00a0effet imm\u00e9diat\u00a0\u00bb perceptible. En tant qu&rsquo;antioxydant naturel, l&rsquo;astaxanthine capture les radicaux libres nocifs et prot\u00e8ge ainsi notre [&#8230;]\n","protected":false},"featured_media":13531,"comment_status":"open","ping_status":"closed","template":"","meta":[],"product_brand":[],"product_cat":[257,263,530],"product_tag":[],"class_list":{"0":"post-14043","1":"product","2":"type-product","3":"status-publish","4":"has-post-thumbnail","6":"product_cat-nouveau","7":"product_cat-schlosswald-bienengut-fr","8":"product_cat-soins-du-corps","10":"first","11":"instock","12":"sale","13":"taxable","14":"shipping-taxable","15":"purchasable","16":"product-type-simple"},"_links":{"self":[{"href":"https:\/\/beiefritz.lu\/fr\/wp-json\/wp\/v2\/product\/14043","targetHints":{"allow":["GET"]}}],"collection":[{"href":"https:\/\/beiefritz.lu\/fr\/wp-json\/wp\/v2\/product"}],"about":[{"href":"https:\/\/beiefritz.lu\/fr\/wp-json\/wp\/v2\/types\/product"}],"replies":[{"embeddable":true,"href":"https:\/\/beiefritz.lu\/fr\/wp-json\/wp\/v2\/comments?post=14043"}],"wp:featuredmedia":[{"embeddable":true,"href":"https:\/\/beiefritz.lu\/fr\/wp-json\/wp\/v2\/media\/13531"}],"wp:attachment":[{"href":"https:\/\/beiefritz.lu\/fr\/wp-json\/wp\/v2\/media?parent=14043"}],"wp:term":[{"taxonomy":"product_brand","embeddable":true,"href":"https:\/\/beiefritz.lu\/fr\/wp-json\/wp\/v2\/product_brand?post=14043"},{"taxonomy":"product_cat","embeddable":true,"href":"https:\/\/beiefritz.lu\/fr\/wp-json\/wp\/v2\/product_cat?post=14043"},{"taxonomy":"product_tag","embeddable":true,"href":"https:\/\/beiefritz.lu\/fr\/wp-json\/wp\/v2\/product_tag?post=14043"}],"curies":[{"name":"wp","href":"https:\/\/api.w.org\/{rel}","templated":true}]}}