{"id":14059,"date":"2025-09-08T19:49:10","date_gmt":"2025-09-08T17:49:10","guid":{"rendered":"https:\/\/www.beiefritz.lu\/shop\/sachet-de-savon-env-13x11cm-avec-cordelette\/"},"modified":"2025-11-04T00:11:50","modified_gmt":"2025-11-03T23:11:50","slug":"sachets-de-savon-ca-13x11cm-avec-cordon","status":"publish","type":"product","link":"https:\/\/beiefritz.lu\/fr\/produkt\/sachets-de-savon-ca-13x11cm-avec-cordon\/","title":{"rendered":"Sachet de savon env. 13x11cm, avec cordelette"},"content":{"rendered":"<p data-start=\"335\" data-end=\"662\">Nos sachets de savon sont fabriqu\u00e9s \u00e0 partir d&rsquo;un m\u00e9lange naturel de coton et de lin et se ferment facilement \u00e0 l&rsquo;aide d&rsquo;une cordelette.<br data-start=\"470\" data-end=\"473\">Les grands savons comme les petits restes de savon peuvent y \u00eatre merveilleusement mouss\u00e9s &#8211; la peau est exfoli\u00e9e en douceur. Apr\u00e8s le lavage ou la douche, il suffit de les suspendre et de les laisser s\u00e9cher. <\/p>\n<p data-start=\"664\" data-end=\"783\"><strong data-start=\"664\" data-end=\"676\">Remarque :<\/strong> il s&rsquo;agit ici uniquement du sachet de savon. Le savon correspondant est vendu s\u00e9par\u00e9ment. <\/p>\n<p data-start=\"785\" data-end=\"898\">Associ\u00e9 \u00e0 l&rsquo;un de nos savons au miel, le sachet de savon est une belle id\u00e9e de cadeau pour de nombreuses occasions.<\/p>\n","protected":false},"excerpt":{"rendered":"<p>Nos sachets de savon sont fabriqu\u00e9s \u00e0 partir d&rsquo;un m\u00e9lange naturel de coton et de lin et se ferment facilement \u00e0 l&rsquo;aide d&rsquo;une cordelette.Les grands savons comme les petits restes de savon peuvent y \u00eatre merveilleusement mouss\u00e9s &#8211; la peau est exfoli\u00e9e en douceur. Apr\u00e8s le lavage ou la douche, il suffit de les suspendre [&#8230;]\n","protected":false},"featured_media":13335,"comment_status":"open","ping_status":"closed","template":"","meta":[],"product_brand":[],"product_cat":[272,257,266,530,496],"product_tag":[],"class_list":{"0":"post-14059","1":"product","2":"type-product","3":"status-publish","4":"has-post-thumbnail","6":"product_cat-divers","7":"product_cat-nouveau","8":"product_cat-savons","9":"product_cat-soins-du-corps","10":"product_cat-zero-dechet","12":"first","13":"instock","14":"taxable","15":"shipping-taxable","16":"purchasable","17":"product-type-simple"},"_links":{"self":[{"href":"https:\/\/beiefritz.lu\/fr\/wp-json\/wp\/v2\/product\/14059","targetHints":{"allow":["GET"]}}],"collection":[{"href":"https:\/\/beiefritz.lu\/fr\/wp-json\/wp\/v2\/product"}],"about":[{"href":"https:\/\/beiefritz.lu\/fr\/wp-json\/wp\/v2\/types\/product"}],"replies":[{"embeddable":true,"href":"https:\/\/beiefritz.lu\/fr\/wp-json\/wp\/v2\/comments?post=14059"}],"wp:featuredmedia":[{"embeddable":true,"href":"https:\/\/beiefritz.lu\/fr\/wp-json\/wp\/v2\/media\/13335"}],"wp:attachment":[{"href":"https:\/\/beiefritz.lu\/fr\/wp-json\/wp\/v2\/media?parent=14059"}],"wp:term":[{"taxonomy":"product_brand","embeddable":true,"href":"https:\/\/beiefritz.lu\/fr\/wp-json\/wp\/v2\/product_brand?post=14059"},{"taxonomy":"product_cat","embeddable":true,"href":"https:\/\/beiefritz.lu\/fr\/wp-json\/wp\/v2\/product_cat?post=14059"},{"taxonomy":"product_tag","embeddable":true,"href":"https:\/\/beiefritz.lu\/fr\/wp-json\/wp\/v2\/product_tag?post=14059"}],"curies":[{"name":"wp","href":"https:\/\/api.w.org\/{rel}","templated":true}]}}