{"id":14080,"date":"2022-12-28T15:09:00","date_gmt":"2022-12-28T14:09:00","guid":{"rendered":"https:\/\/www.beiefritz.lu\/shop\/nougat-noir-nougat-provencal\/"},"modified":"2025-01-22T13:27:31","modified_gmt":"2025-01-22T12:27:31","slug":"nougat-noir-nougat-provencal","status":"publish","type":"product","link":"https:\/\/beiefritz.lu\/fr\/produkt\/nougat-noir-nougat-provencal\/","title":{"rendered":"Nougat noir (nougat proven\u00e7al)"},"content":{"rendered":"<p>Ce nougat est pr\u00e9par\u00e9 avec 46 % de miel de lavande et des amandes de Provence, ce qui lui conf\u00e8re son go\u00fbt caract\u00e9ristique. Le secret d&rsquo;un nougat noir qui m\u00e9nage les dents est d&rsquo;utiliser beaucoup d&rsquo;amandes (53 %). Produit traditionnellement par notre partenaire apiculteur Reynier au c\u0153ur de la Provence. Contenu : min. 90g par pi\u00e8ce <span style=\"font-size: 75%;\"><em>(comme il ne s&rsquo;agit pas d&rsquo;une production m\u00e9canique, il faut s&rsquo;attendre \u00e0 des diff\u00e9rences de poids consid\u00e9rables)<\/em><\/span><\/p>\n","protected":false},"excerpt":{"rendered":"<p>Fabriqu\u00e9 par un apiculteur en Provence<\/p>\n","protected":false},"featured_media":14072,"comment_status":"open","ping_status":"closed","template":"","meta":[],"product_brand":[],"product_cat":[61],"product_tag":[],"class_list":{"0":"post-14080","1":"product","2":"type-product","3":"status-publish","4":"has-post-thumbnail","6":"product_cat-gesichtspflege","8":"first","9":"instock","10":"taxable","11":"shipping-taxable","12":"purchasable","13":"product-type-simple"},"_links":{"self":[{"href":"https:\/\/beiefritz.lu\/fr\/wp-json\/wp\/v2\/product\/14080","targetHints":{"allow":["GET"]}}],"collection":[{"href":"https:\/\/beiefritz.lu\/fr\/wp-json\/wp\/v2\/product"}],"about":[{"href":"https:\/\/beiefritz.lu\/fr\/wp-json\/wp\/v2\/types\/product"}],"replies":[{"embeddable":true,"href":"https:\/\/beiefritz.lu\/fr\/wp-json\/wp\/v2\/comments?post=14080"}],"wp:featuredmedia":[{"embeddable":true,"href":"https:\/\/beiefritz.lu\/fr\/wp-json\/wp\/v2\/media\/14072"}],"wp:attachment":[{"href":"https:\/\/beiefritz.lu\/fr\/wp-json\/wp\/v2\/media?parent=14080"}],"wp:term":[{"taxonomy":"product_brand","embeddable":true,"href":"https:\/\/beiefritz.lu\/fr\/wp-json\/wp\/v2\/product_brand?post=14080"},{"taxonomy":"product_cat","embeddable":true,"href":"https:\/\/beiefritz.lu\/fr\/wp-json\/wp\/v2\/product_cat?post=14080"},{"taxonomy":"product_tag","embeddable":true,"href":"https:\/\/beiefritz.lu\/fr\/wp-json\/wp\/v2\/product_tag?post=14080"}],"curies":[{"name":"wp","href":"https:\/\/api.w.org\/{rel}","templated":true}]}}