{"id":14084,"date":"2022-12-28T15:13:51","date_gmt":"2022-12-28T14:13:51","guid":{"rendered":"https:\/\/www.beiefritz.lu\/?post_type=product&#038;p=14084"},"modified":"2025-01-22T13:27:32","modified_gmt":"2025-01-22T12:27:32","slug":"nougat-blanc-au-miel","status":"publish","type":"product","link":"https:\/\/beiefritz.lu\/fr\/produkt\/nougat-blanc-au-miel\/","title":{"rendered":"Nougat blanc (nougat au miel) \u00ab\u00a0dur"},"content":{"rendered":"<p>La d\u00e9nomination nougat au miel n&rsquo;est autoris\u00e9e qu&rsquo;\u00e0 partir d&rsquo;une teneur en miel de 25 %. Nous utilisons 38%, c&rsquo;est-\u00e0-dire le maximum, et pas n&rsquo;importe quel miel, mais du miel de lavande. Malgr\u00e9 son apparence de nougat blanc, son go\u00fbt exceptionnel n&rsquo;est m\u00eame pas comparable \u00e0 celui des nougats au sucre que l&rsquo;on trouve partout.<\/p>\n<p>Produit traditionnellement par notre partenaire apiculteur Reynier au c\u0153ur de la Provence.<\/p>\n<p>Contenu : min. 90g par pi\u00e8ce <span style=\"font-size: 75%;\"><br \/>\n  <em>(comme il ne s&rsquo;agit pas d&rsquo;une production m\u00e9canique, il faut s&rsquo;attendre \u00e0 des diff\u00e9rences de poids consid\u00e9rables)<\/em><br \/>\n<\/span><\/p>\n","protected":false},"excerpt":{"rendered":"<p>Fabriqu\u00e9 par un apiculteur en Provence<\/p>\n","protected":false},"featured_media":14069,"comment_status":"open","ping_status":"closed","template":"","meta":[],"product_brand":[],"product_cat":[61],"product_tag":[],"class_list":{"0":"post-14084","1":"product","2":"type-product","3":"status-publish","4":"has-post-thumbnail","6":"product_cat-gesichtspflege","8":"first","9":"instock","10":"taxable","11":"shipping-taxable","12":"purchasable","13":"product-type-simple"},"_links":{"self":[{"href":"https:\/\/beiefritz.lu\/fr\/wp-json\/wp\/v2\/product\/14084","targetHints":{"allow":["GET"]}}],"collection":[{"href":"https:\/\/beiefritz.lu\/fr\/wp-json\/wp\/v2\/product"}],"about":[{"href":"https:\/\/beiefritz.lu\/fr\/wp-json\/wp\/v2\/types\/product"}],"replies":[{"embeddable":true,"href":"https:\/\/beiefritz.lu\/fr\/wp-json\/wp\/v2\/comments?post=14084"}],"wp:featuredmedia":[{"embeddable":true,"href":"https:\/\/beiefritz.lu\/fr\/wp-json\/wp\/v2\/media\/14069"}],"wp:attachment":[{"href":"https:\/\/beiefritz.lu\/fr\/wp-json\/wp\/v2\/media?parent=14084"}],"wp:term":[{"taxonomy":"product_brand","embeddable":true,"href":"https:\/\/beiefritz.lu\/fr\/wp-json\/wp\/v2\/product_brand?post=14084"},{"taxonomy":"product_cat","embeddable":true,"href":"https:\/\/beiefritz.lu\/fr\/wp-json\/wp\/v2\/product_cat?post=14084"},{"taxonomy":"product_tag","embeddable":true,"href":"https:\/\/beiefritz.lu\/fr\/wp-json\/wp\/v2\/product_tag?post=14084"}],"curies":[{"name":"wp","href":"https:\/\/api.w.org\/{rel}","templated":true}]}}