{"id":14096,"date":"2025-08-12T23:49:42","date_gmt":"2025-08-12T21:49:42","guid":{"rendered":"https:\/\/www.beiefritz.lu\/shop\/de-beiefritz-miel-de-lavande-du-sud-de-la-france\/"},"modified":"2026-03-12T13:29:49","modified_gmt":"2026-03-12T12:29:49","slug":"miel-de-lavande","status":"publish","type":"product","link":"https:\/\/beiefritz.lu\/fr\/produkt\/miel-de-lavande\/","title":{"rendered":"DE BEIEFRITZ &#8211; Miel de lavande du Sud de la France"},"content":{"rendered":"<p>Notre miel de lavande est issu d&rsquo;une petite exploitation apicole familiale traditionnelle du sud de la France, au c\u0153ur de la Provence.<\/p>\n<p>Ici dans le Parc Naturel du Luberon, plus pr\u00e9cis\u00e9ment \u00e0 Vach\u00e8res, le miel de lavande est r\u00e9colt\u00e9 pour nous \u00e0 la fin de l&rsquo;\u00e9t\u00e9, et apr\u00e8s r\u00e9colte il arrive directement au Luxembourg pour \u00eatre soigneusement mis en pots. De cette fa\u00e7on, l&rsquo;ar\u00f4me de la r\u00e9gion et le nectar sont pr\u00e9serv\u00e9s de mani\u00e8re optimale.<\/p>\n<p>&nbsp;<\/p>\n<p>Contenu : 230g<\/p>\n<p>&nbsp;<\/p>\n<p><a href=\"https:\/\/www.beiefritz.lu\/wp-content\/uploads\/2018\/05\/1486411249.jpg\"><img loading=\"lazy\" decoding=\"async\" class=\"wp-image-1455 alignleft\" src=\"https:\/\/www.beiefritz.lu\/wp-content\/uploads\/2018\/05\/1486411249.jpg\" alt=\"\" width=\"534\" height=\"283\" srcset=\"https:\/\/beiefritz.lu\/wp-content\/uploads\/2018\/05\/1486411249.jpg 1020w, https:\/\/beiefritz.lu\/wp-content\/uploads\/2018\/05\/1486411249-510x270.jpg 510w, https:\/\/beiefritz.lu\/wp-content\/uploads\/2018\/05\/1486411249-300x159.jpg 300w, https:\/\/beiefritz.lu\/wp-content\/uploads\/2018\/05\/1486411249-768x407.jpg 768w\" sizes=\"auto, (max-width: 534px) 100vw, 534px\" \/><\/a><\/p>\n<p><a href=\"https:\/\/www.beiefritz.lu\/wp-content\/uploads\/2018\/05\/1486411303.jpg\"><img loading=\"lazy\" decoding=\"async\" class=\"wp-image-1456 alignright\" src=\"https:\/\/www.beiefritz.lu\/wp-content\/uploads\/2018\/05\/1486411303.jpg\" alt=\"\" width=\"287\" height=\"383\" srcset=\"https:\/\/beiefritz.lu\/wp-content\/uploads\/2018\/05\/1486411303.jpg 519w, https:\/\/beiefritz.lu\/wp-content\/uploads\/2018\/05\/1486411303-510x680.jpg 510w, https:\/\/beiefritz.lu\/wp-content\/uploads\/2018\/05\/1486411303-225x300.jpg 225w\" sizes=\"auto, (max-width: 287px) 100vw, 287px\" \/><\/a><\/p>\n<p>&nbsp;<\/p>\n<p>&nbsp;<\/p>\n<p>&nbsp;<\/p>\n<p>&nbsp;<\/p>\n<p>&nbsp;<\/p>\n<p>&nbsp;<\/p>\n<p>&nbsp;<\/p>\n<p>&nbsp;<\/p>\n<p>&nbsp;<\/p>\n<p><a href=\"https:\/\/www.beiefritz.lu\/wp-content\/uploads\/2018\/05\/1486411384.jpg\"><img loading=\"lazy\" decoding=\"async\" class=\"wp-image-1457 alignleft\" src=\"https:\/\/www.beiefritz.lu\/wp-content\/uploads\/2018\/05\/1486411384.jpg\" alt=\"\" width=\"558\" height=\"417\" srcset=\"https:\/\/beiefritz.lu\/wp-content\/uploads\/2018\/05\/1486411384.jpg 656w, https:\/\/beiefritz.lu\/wp-content\/uploads\/2018\/05\/1486411384-510x381.jpg 510w, https:\/\/beiefritz.lu\/wp-content\/uploads\/2018\/05\/1486411384-300x224.jpg 300w\" sizes=\"auto, (max-width: 558px) 100vw, 558px\" \/><\/a><\/p>\n","protected":false},"excerpt":{"rendered":"<p>Notre miel de lavande est issu d&rsquo;une petite exploitation apicole familiale traditionnelle du sud de la France, au c\u0153ur de la Provence. Ici dans le Parc Naturel du Luberon, plus pr\u00e9cis\u00e9ment \u00e0 Vach\u00e8res, le miel de lavande est r\u00e9colt\u00e9 pour nous \u00e0 la fin de l&rsquo;\u00e9t\u00e9, et apr\u00e8s r\u00e9colte il arrive directement au Luxembourg pour [&#8230;]\n","protected":false},"featured_media":13787,"comment_status":"open","ping_status":"closed","template":"","meta":[],"product_brand":[],"product_cat":[588,597],"product_tag":[],"class_list":{"0":"post-14096","1":"product","2":"type-product","3":"status-publish","4":"has-post-thumbnail","6":"product_cat-de-beiefritz-fr","7":"product_cat-miels-de-varietes","9":"first","10":"instock","11":"taxable","12":"shipping-taxable","13":"purchasable","14":"product-type-simple"},"_links":{"self":[{"href":"https:\/\/beiefritz.lu\/fr\/wp-json\/wp\/v2\/product\/14096","targetHints":{"allow":["GET"]}}],"collection":[{"href":"https:\/\/beiefritz.lu\/fr\/wp-json\/wp\/v2\/product"}],"about":[{"href":"https:\/\/beiefritz.lu\/fr\/wp-json\/wp\/v2\/types\/product"}],"replies":[{"embeddable":true,"href":"https:\/\/beiefritz.lu\/fr\/wp-json\/wp\/v2\/comments?post=14096"}],"wp:featuredmedia":[{"embeddable":true,"href":"https:\/\/beiefritz.lu\/fr\/wp-json\/wp\/v2\/media\/13787"}],"wp:attachment":[{"href":"https:\/\/beiefritz.lu\/fr\/wp-json\/wp\/v2\/media?parent=14096"}],"wp:term":[{"taxonomy":"product_brand","embeddable":true,"href":"https:\/\/beiefritz.lu\/fr\/wp-json\/wp\/v2\/product_brand?post=14096"},{"taxonomy":"product_cat","embeddable":true,"href":"https:\/\/beiefritz.lu\/fr\/wp-json\/wp\/v2\/product_cat?post=14096"},{"taxonomy":"product_tag","embeddable":true,"href":"https:\/\/beiefritz.lu\/fr\/wp-json\/wp\/v2\/product_tag?post=14096"}],"curies":[{"name":"wp","href":"https:\/\/api.w.org\/{rel}","templated":true}]}}