{"id":14131,"date":"2025-09-08T19:18:17","date_gmt":"2025-09-08T17:18:17","guid":{"rendered":"https:\/\/www.beiefritz.lu\/shop\/de-beiefritz-miel-mini-gin\/"},"modified":"2026-03-12T13:29:49","modified_gmt":"2026-03-12T12:29:49","slug":"fr-beiefritz-honig-mini-gin","status":"publish","type":"product","link":"https:\/\/beiefritz.lu\/fr\/produkt\/fr-beiefritz-honig-mini-gin\/","title":{"rendered":"DE BEIEFRITZ &#8211; Miel Mini Gin 5cl"},"content":{"rendered":"<p>Le gin au miel est raffin\u00e9 avec du miel et 12 botaniques. Une symbiose de miel et de fruits, produits du travail de ces insectes tr\u00e8s pr\u00e9cieux. Sans les abeilles, ce d\u00e9licieux gin n&rsquo;existerait pas. Cette petite bouteille est le compagnon id\u00e9al pour les paniers-cadeaux ou comme petit cadeau. Alc. 40% vol. Contenu : 5 cl<\/p>\n","protected":false},"excerpt":{"rendered":"<p>Le gin au miel est raffin\u00e9 avec du miel et 12 botaniques. Une symbiose de miel et de fruits, produits du travail de ces insectes tr\u00e8s pr\u00e9cieux. Sans les abeilles, ce d\u00e9licieux gin n&rsquo;existerait pas. Cette petite bouteille est le compagnon id\u00e9al pour les paniers-cadeaux ou comme petit cadeau. Alc. 40% vol. Contenu : 5 [&#8230;]\n","protected":false},"featured_media":12417,"comment_status":"open","ping_status":"closed","template":"","meta":[],"product_brand":[],"product_cat":[588,595,178],"product_tag":[430,435,450],"class_list":{"0":"post-14131","1":"product","2":"type-product","3":"status-publish","4":"has-post-thumbnail","6":"product_cat-de-beiefritz-fr","7":"product_cat-gin-au-miel","8":"product_cat-idees-de-cadeaux","9":"product_tag-beiefritz-fr","10":"product_tag-gastro-fr","11":"product_tag-revendeurs-fr","13":"first","14":"instock","15":"taxable","16":"shipping-taxable","17":"purchasable","18":"product-type-simple"},"_links":{"self":[{"href":"https:\/\/beiefritz.lu\/fr\/wp-json\/wp\/v2\/product\/14131","targetHints":{"allow":["GET"]}}],"collection":[{"href":"https:\/\/beiefritz.lu\/fr\/wp-json\/wp\/v2\/product"}],"about":[{"href":"https:\/\/beiefritz.lu\/fr\/wp-json\/wp\/v2\/types\/product"}],"replies":[{"embeddable":true,"href":"https:\/\/beiefritz.lu\/fr\/wp-json\/wp\/v2\/comments?post=14131"}],"wp:featuredmedia":[{"embeddable":true,"href":"https:\/\/beiefritz.lu\/fr\/wp-json\/wp\/v2\/media\/12417"}],"wp:attachment":[{"href":"https:\/\/beiefritz.lu\/fr\/wp-json\/wp\/v2\/media?parent=14131"}],"wp:term":[{"taxonomy":"product_brand","embeddable":true,"href":"https:\/\/beiefritz.lu\/fr\/wp-json\/wp\/v2\/product_brand?post=14131"},{"taxonomy":"product_cat","embeddable":true,"href":"https:\/\/beiefritz.lu\/fr\/wp-json\/wp\/v2\/product_cat?post=14131"},{"taxonomy":"product_tag","embeddable":true,"href":"https:\/\/beiefritz.lu\/fr\/wp-json\/wp\/v2\/product_tag?post=14131"}],"curies":[{"name":"wp","href":"https:\/\/api.w.org\/{rel}","templated":true}]}}