{"id":14133,"date":"2025-09-08T19:32:51","date_gmt":"2025-09-08T17:32:51","guid":{"rendered":"https:\/\/www.beiefritz.lu\/shop\/ajovita-fluide-contour-des-yeux-a-la-gelee-royale-30ml\/"},"modified":"2025-09-08T19:32:52","modified_gmt":"2025-09-08T17:32:52","slug":"ajovita-fluide-aux-yeux-avec-gelee-royale-30ml","status":"publish","type":"product","link":"https:\/\/beiefritz.lu\/fr\/produkt\/ajovita-fluide-aux-yeux-avec-gelee-royale-30ml\/","title":{"rendered":"AJOVITA &#8211; Fluide contour des yeux \u00e0 la gel\u00e9e royale 30ml"},"content":{"rendered":"<div class=\"page\" title=\"Page 1\">\n<div class=\"section\">\n<div class=\"layoutArea\">\n<div class=\"column\">\n<p>Les parties fines du contour de l&rsquo;\u0153il, qui ne sont pas recouvertes de tissu adipeux, deviennent plus \u00e9lastiques et plus lisses. L&rsquo;euphraise apaise la peau gr\u00e2ce \u00e0 son effet anti-inflammatoire. Gr\u00e2ce \u00e0 la gel\u00e9e royale et aux liposomes, votre peau est raffermie.<br \/>\nConvient \u00e9galement aux porteurs de lentilles de contact.<br \/>\nNe laisse que les rides du sourire et donne un regard frais et lumineux. Particuli\u00e8rement adapt\u00e9 aux peaux matures et s\u00e8ches.<br \/>\nUn parfum frais et l\u00e9ger de pamplemousse avec une touche d&rsquo;agrumes accompagne votre soin des yeux enrichi de gel\u00e9e royale.<\/p>\n<\/div>\n<\/div>\n<\/div>\n<\/div>\n","protected":false},"excerpt":{"rendered":"<p>Les parties fines du contour de l&rsquo;\u0153il, qui ne sont pas recouvertes de tissu adipeux, deviennent plus \u00e9lastiques et plus lisses. L&rsquo;euphraise apaise la peau gr\u00e2ce \u00e0 son effet anti-inflammatoire. Gr\u00e2ce \u00e0 la gel\u00e9e royale et aux liposomes, votre peau est raffermie. Convient \u00e9galement aux porteurs de lentilles de contact. Ne laisse que les rides [&#8230;]\n","protected":false},"featured_media":12406,"comment_status":"open","ping_status":"closed","template":"","meta":[],"product_brand":[],"product_cat":[500,257,530],"product_tag":[],"class_list":{"0":"post-14133","1":"product","2":"type-product","3":"status-publish","4":"has-post-thumbnail","6":"product_cat-ajovita-fr","7":"product_cat-nouveau","8":"product_cat-soins-du-corps","10":"first","11":"instock","12":"taxable","13":"shipping-taxable","14":"purchasable","15":"product-type-simple"},"_links":{"self":[{"href":"https:\/\/beiefritz.lu\/fr\/wp-json\/wp\/v2\/product\/14133","targetHints":{"allow":["GET"]}}],"collection":[{"href":"https:\/\/beiefritz.lu\/fr\/wp-json\/wp\/v2\/product"}],"about":[{"href":"https:\/\/beiefritz.lu\/fr\/wp-json\/wp\/v2\/types\/product"}],"replies":[{"embeddable":true,"href":"https:\/\/beiefritz.lu\/fr\/wp-json\/wp\/v2\/comments?post=14133"}],"wp:featuredmedia":[{"embeddable":true,"href":"https:\/\/beiefritz.lu\/fr\/wp-json\/wp\/v2\/media\/12406"}],"wp:attachment":[{"href":"https:\/\/beiefritz.lu\/fr\/wp-json\/wp\/v2\/media?parent=14133"}],"wp:term":[{"taxonomy":"product_brand","embeddable":true,"href":"https:\/\/beiefritz.lu\/fr\/wp-json\/wp\/v2\/product_brand?post=14133"},{"taxonomy":"product_cat","embeddable":true,"href":"https:\/\/beiefritz.lu\/fr\/wp-json\/wp\/v2\/product_cat?post=14133"},{"taxonomy":"product_tag","embeddable":true,"href":"https:\/\/beiefritz.lu\/fr\/wp-json\/wp\/v2\/product_tag?post=14133"}],"curies":[{"name":"wp","href":"https:\/\/api.w.org\/{rel}","templated":true}]}}