{"id":14135,"date":"2025-09-08T19:32:49","date_gmt":"2025-09-08T17:32:49","guid":{"rendered":"https:\/\/www.beiefritz.lu\/shop\/ajovita-peeling-doux-au-miel-50ml\/"},"modified":"2025-09-08T19:32:50","modified_gmt":"2025-09-08T17:32:50","slug":"ajovita-peeling-doux-avec-miel-50ml","status":"publish","type":"product","link":"https:\/\/beiefritz.lu\/fr\/produkt\/ajovita-peeling-doux-avec-miel-50ml\/","title":{"rendered":"AJOVITA &#8211; Peeling doux au miel 50ml"},"content":{"rendered":"<div class=\"page\" title=\"Page 1\">\n<div class=\"section\">\n<div class=\"layoutArea\">\n<div class=\"column\">\n<p>Gommage doux pour le visage au miel &#8211; le peeling bio parfait<\/p>\n<p>L&rsquo;ajovita Peeling de visage avec le miel est applicable pour chaque type de peau et repr\u00e9sente un peeling bio tr\u00e8s doux \u00e0 cause de ses perles de cire de jojoba. Outre notre pr\u00e9cieux miel, le peeling contient d&rsquo;autres ingr\u00e9dients de qualit\u00e9 tels que la vitamine E, l&rsquo;aloe vera, l&rsquo;huile de noyau d&rsquo;abricot, l&rsquo;huile de jojoba, les extraits de plantain lanc\u00e9ol\u00e9, d&rsquo;\u00e9corce de saule et de camomille. Veillez \u00e0 avoir une peau sans r\u00e9sidus avant m\u00eame de la nettoyer avec notre miel d&rsquo;apiculture. Avec un parfum frais et citronn\u00e9 qui purifie.<br \/>\nLes yoyobeads permettent de se d\u00e9barrasser en douceur et de mani\u00e8re s\u00e9lective des cellules fatigu\u00e9es. Il ne reste plus qu&rsquo;une peau lisse et souple, \u00e9clatante de jeunesse.<br \/>\nNotre pr\u00e9cieux miel, en particulier, associ\u00e9 \u00e0 l&rsquo;aloe vera, permet de r\u00e9guler naturellement l&rsquo;hydratation de votre peau \u00e0 tout \u00e2ge.<\/p>\n<p> Pour conna\u00eetre toutes les substances contenues dans ce gommage bio pour le visage, cliquez sur l&rsquo;onglet \u00ab\u00a0INCI\/Ingr\u00e9dients\u00a0\u00bb.<\/p>\n<p>En r\u00e9sum\u00e9, nous avons list\u00e9 ci-dessous encore une fois les avantages des produits cosm\u00e9tiques bio ajovita :<\/p>\n<p>&#8211; Cosm\u00e9tiques naturels certifi\u00e9s (BDIH) directement de l&rsquo;apiculture Bioland<br \/>\n&#8211; La production n&rsquo;est pas test\u00e9e sur les animaux !<br \/>\n&#8211; Nouveaux cosm\u00e9tiques de haute qualit\u00e9 avec du miel, de la propolis et de la gel\u00e9e royale<br \/>\n&#8211; Vous pouvez commander\/acheter le peeling facial ajovita et tous les autres produits cosm\u00e9tiques ici dans le magasin en ligne &#8211; directement chez le producteur, sans interm\u00e9diaire &#8211; Si vous n&rsquo;\u00eates pas satisfait, ajovita reprend votre article cosm\u00e9tique dans les 2 semaines.<\/p>\n<\/div>\n<\/div>\n<\/div>\n<\/div>\n","protected":false},"excerpt":{"rendered":"<p>Gommage doux pour le visage au miel &#8211; le peeling bio parfait L&rsquo;ajovita Peeling de visage avec le miel est applicable pour chaque type de peau et repr\u00e9sente un peeling bio tr\u00e8s doux \u00e0 cause de ses perles de cire de jojoba. Outre notre pr\u00e9cieux miel, le peeling contient d&rsquo;autres ingr\u00e9dients de qualit\u00e9 tels que [&#8230;]\n","protected":false},"featured_media":12399,"comment_status":"open","ping_status":"closed","template":"","meta":[],"product_brand":[],"product_cat":[659,500,257,530],"product_tag":[],"class_list":{"0":"post-14135","1":"product","2":"type-product","3":"status-publish","4":"has-post-thumbnail","6":"product_cat-bien-etre","7":"product_cat-ajovita-fr","8":"product_cat-nouveau","9":"product_cat-soins-du-corps","11":"first","12":"instock","13":"taxable","14":"shipping-taxable","15":"purchasable","16":"product-type-simple"},"_links":{"self":[{"href":"https:\/\/beiefritz.lu\/fr\/wp-json\/wp\/v2\/product\/14135","targetHints":{"allow":["GET"]}}],"collection":[{"href":"https:\/\/beiefritz.lu\/fr\/wp-json\/wp\/v2\/product"}],"about":[{"href":"https:\/\/beiefritz.lu\/fr\/wp-json\/wp\/v2\/types\/product"}],"replies":[{"embeddable":true,"href":"https:\/\/beiefritz.lu\/fr\/wp-json\/wp\/v2\/comments?post=14135"}],"wp:featuredmedia":[{"embeddable":true,"href":"https:\/\/beiefritz.lu\/fr\/wp-json\/wp\/v2\/media\/12399"}],"wp:attachment":[{"href":"https:\/\/beiefritz.lu\/fr\/wp-json\/wp\/v2\/media?parent=14135"}],"wp:term":[{"taxonomy":"product_brand","embeddable":true,"href":"https:\/\/beiefritz.lu\/fr\/wp-json\/wp\/v2\/product_brand?post=14135"},{"taxonomy":"product_cat","embeddable":true,"href":"https:\/\/beiefritz.lu\/fr\/wp-json\/wp\/v2\/product_cat?post=14135"},{"taxonomy":"product_tag","embeddable":true,"href":"https:\/\/beiefritz.lu\/fr\/wp-json\/wp\/v2\/product_tag?post=14135"}],"curies":[{"name":"wp","href":"https:\/\/api.w.org\/{rel}","templated":true}]}}