{"id":14136,"date":"2025-09-08T19:32:40","date_gmt":"2025-09-08T17:32:40","guid":{"rendered":"https:\/\/www.beiefritz.lu\/shop\/little-bee-fresh-lingettes-en-cire-dabeille-bio-lot-de-2-lingettes-a-fromage\/"},"modified":"2025-09-08T19:32:42","modified_gmt":"2025-09-08T17:32:42","slug":"little-bee-fresh-2er-set-kaese-2","status":"publish","type":"product","link":"https:\/\/beiefritz.lu\/fr\/produkt\/little-bee-fresh-2er-set-kaese-2\/","title":{"rendered":"LITTLE BEE FRESH &#8211; Lingettes en cire d&rsquo;abeille bio, lot de 2 &#8211; Lingettes \u00e0 fromage"},"content":{"rendered":"<div class=\"product-short-description\">\n<p><strong>Avis aux amateurs de fromage !<\/strong><\/p>\n<p>Avec nos lingettes en cire d&rsquo;abeille bio au design fromager, tu trouveras facilement et rapidement ton morceau de fromage emball\u00e9 sans plastique dans le r\u00e9frig\u00e9rateur. Qu&rsquo;il s&rsquo;agisse de fromage de montagne, de parmesan ou d&rsquo;autres vari\u00e9t\u00e9s de fromage \u00e0 p\u00e2te dure, la toile d&rsquo;abeille bio conserve longtemps la fra\u00eecheur de ton fromage.<\/p>\n<p>Les deux tissus en cire d&rsquo;abeille permettent \u00e9galement d&#8217;emballer naturellement, joliment et facilement d&rsquo;autres aliments comme les b\u00e2tonnets de l\u00e9gumes, les fruits et le casse-cro\u00fbte.<\/p>\n<p>Les lingettes prennent peu de place, sont ultra l\u00e9g\u00e8res et ne laissent aucun d\u00e9chet. Le kit est id\u00e9al pour la maison et les d\u00e9placements.<\/p>\n<p><strong>Petite astuce<\/strong>: Emporte ta toile cir\u00e9e bio directement \u00e0 ta fromagerie et fais emballer ton fromage pr\u00e9f\u00e9r\u00e9 directement dans ta toile cir\u00e9e.<\/p>\n<p><strong>Le set de 2 pi\u00e8ces au design \u00ab\u00a0fromage\u00a0\u00bb se compose de :<\/strong><\/p>\n<ul>\n<li>deux grands draps de 35 x 25 cm chacun<\/li>\n<\/ul>\n<p><strong>Mati\u00e8res premi\u00e8res s\u00e9lectionn\u00e9es<\/strong><br \/>\nCoton bio, cire d&rsquo;abeille bio, r\u00e9sine d&rsquo;arbre.<\/p>\n<\/div>\n","protected":false},"excerpt":{"rendered":"<p>Avis aux amateurs de fromage ! Avec nos lingettes en cire d&rsquo;abeille bio au design fromager, tu trouveras facilement et rapidement ton morceau de fromage emball\u00e9 sans plastique dans le r\u00e9frig\u00e9rateur. Qu&rsquo;il s&rsquo;agisse de fromage de montagne, de parmesan ou d&rsquo;autres vari\u00e9t\u00e9s de fromage \u00e0 p\u00e2te dure, la toile d&rsquo;abeille bio conserve longtemps la fra\u00eecheur [&#8230;]\n","protected":false},"featured_media":12340,"comment_status":"open","ping_status":"closed","template":"","meta":[],"product_brand":[],"product_cat":[656,539,497],"product_tag":[],"class_list":{"0":"post-14136","1":"product","2":"type-product","3":"status-publish","4":"has-post-thumbnail","6":"product_cat-bio-fr","7":"product_cat-lingette-de-cire-dabeille-kit-de-demarrage","8":"product_cat-lingettes-de-cire-dabeille","10":"first","11":"instock","12":"taxable","13":"shipping-taxable","14":"purchasable","15":"product-type-simple"},"_links":{"self":[{"href":"https:\/\/beiefritz.lu\/fr\/wp-json\/wp\/v2\/product\/14136","targetHints":{"allow":["GET"]}}],"collection":[{"href":"https:\/\/beiefritz.lu\/fr\/wp-json\/wp\/v2\/product"}],"about":[{"href":"https:\/\/beiefritz.lu\/fr\/wp-json\/wp\/v2\/types\/product"}],"replies":[{"embeddable":true,"href":"https:\/\/beiefritz.lu\/fr\/wp-json\/wp\/v2\/comments?post=14136"}],"wp:featuredmedia":[{"embeddable":true,"href":"https:\/\/beiefritz.lu\/fr\/wp-json\/wp\/v2\/media\/12340"}],"wp:attachment":[{"href":"https:\/\/beiefritz.lu\/fr\/wp-json\/wp\/v2\/media?parent=14136"}],"wp:term":[{"taxonomy":"product_brand","embeddable":true,"href":"https:\/\/beiefritz.lu\/fr\/wp-json\/wp\/v2\/product_brand?post=14136"},{"taxonomy":"product_cat","embeddable":true,"href":"https:\/\/beiefritz.lu\/fr\/wp-json\/wp\/v2\/product_cat?post=14136"},{"taxonomy":"product_tag","embeddable":true,"href":"https:\/\/beiefritz.lu\/fr\/wp-json\/wp\/v2\/product_tag?post=14136"}],"curies":[{"name":"wp","href":"https:\/\/api.w.org\/{rel}","templated":true}]}}