{"id":14140,"date":"2025-08-13T00:00:56","date_gmt":"2025-08-12T22:00:56","guid":{"rendered":"https:\/\/www.beiefritz.lu\/shop\/coffret-de-spiritueux\/"},"modified":"2025-08-13T00:00:58","modified_gmt":"2025-08-12T22:00:58","slug":"boite-de-la-fete-des-peres","status":"publish","type":"product","link":"https:\/\/beiefritz.lu\/fr\/produkt\/boite-de-la-fete-des-peres\/","title":{"rendered":"Coffret de spiritueux"},"content":{"rendered":"<p>une bouteille d&rsquo;eau-de-vie de miel 50cl et de gin au miel 50cl dans une bo\u00eete respectueuse de l&rsquo;environnement, fabriqu\u00e9e \u00e0 partir de foin.<\/p>\n","protected":false},"excerpt":{"rendered":"<p>une bouteille d&rsquo;eau-de-vie de miel 50cl et de gin au miel 50cl dans une bo\u00eete respectueuse de l&rsquo;environnement, fabriqu\u00e9e \u00e0 partir de foin.<\/p>\n","protected":false},"featured_media":12209,"comment_status":"open","ping_status":"closed","template":"","meta":[],"product_brand":[],"product_cat":[594,595,576],"product_tag":[],"class_list":{"0":"post-14140","1":"product","2":"type-product","3":"status-publish","4":"has-post-thumbnail","6":"product_cat-eau-de-vie-au-miel-fr","7":"product_cat-gin-au-miel","8":"product_cat-paniers-cadeaux","10":"first","11":"instock","12":"taxable","13":"shipping-taxable","14":"purchasable","15":"product-type-simple"},"_links":{"self":[{"href":"https:\/\/beiefritz.lu\/fr\/wp-json\/wp\/v2\/product\/14140","targetHints":{"allow":["GET"]}}],"collection":[{"href":"https:\/\/beiefritz.lu\/fr\/wp-json\/wp\/v2\/product"}],"about":[{"href":"https:\/\/beiefritz.lu\/fr\/wp-json\/wp\/v2\/types\/product"}],"replies":[{"embeddable":true,"href":"https:\/\/beiefritz.lu\/fr\/wp-json\/wp\/v2\/comments?post=14140"}],"wp:featuredmedia":[{"embeddable":true,"href":"https:\/\/beiefritz.lu\/fr\/wp-json\/wp\/v2\/media\/12209"}],"wp:attachment":[{"href":"https:\/\/beiefritz.lu\/fr\/wp-json\/wp\/v2\/media?parent=14140"}],"wp:term":[{"taxonomy":"product_brand","embeddable":true,"href":"https:\/\/beiefritz.lu\/fr\/wp-json\/wp\/v2\/product_brand?post=14140"},{"taxonomy":"product_cat","embeddable":true,"href":"https:\/\/beiefritz.lu\/fr\/wp-json\/wp\/v2\/product_cat?post=14140"},{"taxonomy":"product_tag","embeddable":true,"href":"https:\/\/beiefritz.lu\/fr\/wp-json\/wp\/v2\/product_tag?post=14140"}],"curies":[{"name":"wp","href":"https:\/\/api.w.org\/{rel}","templated":true}]}}