{"id":14163,"date":"2025-09-08T19:32:46","date_gmt":"2025-09-08T17:32:46","guid":{"rendered":"https:\/\/www.beiefritz.lu\/shop\/ajovita-simplement-beau-masque-50ml\/"},"modified":"2025-09-08T19:32:48","modified_gmt":"2025-09-08T17:32:48","slug":"ajovita-simple-masque-du-beurre-50ml","status":"publish","type":"product","link":"https:\/\/beiefritz.lu\/fr\/produkt\/ajovita-simple-masque-du-beurre-50ml\/","title":{"rendered":"AJOVITA &#8211; Simplement beau Masque 50ml"},"content":{"rendered":"<div class=\"page\" title=\"Page 1\">\n<div class=\"section\">\n<div class=\"layoutArea\">\n<div class=\"column\">\n<p>Le masque de beaut\u00e9 ajovita &#8211; Masque facial avec le miel et le th\u00e9 vert<\/p>\n<p>Masque visage apaisant et r\u00e9g\u00e9n\u00e9rant<br \/>\navec notre propre miel de fleurs pour tous les types de peau.<br \/>\nUn \u00e9quilibre que vous pouvez ressentir<br \/>\nUn noble parfum de rose sauvage associ\u00e9 au th\u00e9 vert vous donne l&rsquo;impression de vous d\u00e9tendre dans un temple ayurv\u00e9dique.<br \/>\nLe masque facial ajovita \u00ab\u00a0Simplement beau masque\u00a0\u00bb vous offre un soin suppl\u00e9mentaire durable et r\u00e9gulateur d&rsquo;humidit\u00e9 gr\u00e2ce \u00e0 un miel de fleurs fin.<br \/>\nUn raffermissement visible de la peau sans sensation de tiraillement, qui vous donne la sensation d&rsquo;une peau sans d\u00e9faut.<br \/>\nLa teneur \u00e9lev\u00e9e en vitamine C du th\u00e9 vert favorise la formation de collag\u00e8ne propre \u00e0 la peau, un combleur de rides naturel.<br \/>\nL&rsquo;huile de rose musqu\u00e9e est riche en acide gamma-linol\u00e9nique et joue un r\u00f4le important dans la r\u00e9gulation de la croissance et du renouvellement des cellules.<br \/>\nEn plus de notre miel, de l&rsquo;extrait de th\u00e9 vert, de l&rsquo;huile de rose sauvage, de l&rsquo;acide linol\u00e9nique, d&rsquo;autres ingr\u00e9dients de haute qualit\u00e9 sont contenus dans le masque facial ajovita, comme par exemple la vitamine E, l&rsquo;extrait de camomille, d&rsquo;\u00e9corce de saule, de plantain lanc\u00e9ol\u00e9, de mousse d&rsquo;Islande, de vanille, de beurre de karit\u00e9, d&rsquo;huile de jojoba et d&rsquo;huile d&rsquo;amande. Vous trouverez un aper\u00e7u de toutes les substances contenues dans le masque de beaut\u00e9 ajovota ajovita sous la rubrique \u00ab\u00a0INCI\/Ingr\u00e9dients\u00a0\u00bb.<\/p>\n<p>Ci-dessous, nous vous pr\u00e9sentons \u00e0 nouveau les avantages des cosm\u00e9tiques naturels ajovita :<\/p>\n<p>&#8211; La production se d\u00e9roule sans tests sur les animaux<br \/>\n&#8211; Cosm\u00e9tique naturelle certifi\u00e9e (BDIH) directement de l&rsquo;apiculteur bio<br \/>\n&#8211; Nouvelle, pr\u00e9cieuse cosm\u00e9tique avec le miel bio, la propolis et la gel\u00e9e royale<br \/>\n&#8211; L&rsquo;ajovita Beautymaske et tous les autres produits cosm\u00e9tiques naturels, vous pouvez commander et acheter ici dans la boutique en ligne &#8211; directement chez le fabricant, sans interm\u00e9diaires<br \/>\n&#8211; Si vous n&rsquo;\u00eates pas satisfait, ajovita reprend votre produit cosm\u00e9tique achet\u00e9 dans cette boutique en ligne dans les 2 semaines.<\/p>\n<\/div>\n<\/div>\n<\/div>\n<\/div>\n","protected":false},"excerpt":{"rendered":"<p>Le masque de beaut\u00e9 ajovita &#8211; Masque facial avec le miel et le th\u00e9 vert Masque visage apaisant et r\u00e9g\u00e9n\u00e9rant avec notre propre miel de fleurs pour tous les types de peau. Un \u00e9quilibre que vous pouvez ressentir Un noble parfum de rose sauvage associ\u00e9 au th\u00e9 vert vous donne l&rsquo;impression de vous d\u00e9tendre dans [&#8230;]\n","protected":false},"featured_media":12388,"comment_status":"open","ping_status":"closed","template":"","meta":[],"product_brand":[],"product_cat":[500,257,530],"product_tag":[],"class_list":{"0":"post-14163","1":"product","2":"type-product","3":"status-publish","4":"has-post-thumbnail","6":"product_cat-ajovita-fr","7":"product_cat-nouveau","8":"product_cat-soins-du-corps","10":"first","11":"instock","12":"taxable","13":"shipping-taxable","14":"purchasable","15":"product-type-simple"},"_links":{"self":[{"href":"https:\/\/beiefritz.lu\/fr\/wp-json\/wp\/v2\/product\/14163","targetHints":{"allow":["GET"]}}],"collection":[{"href":"https:\/\/beiefritz.lu\/fr\/wp-json\/wp\/v2\/product"}],"about":[{"href":"https:\/\/beiefritz.lu\/fr\/wp-json\/wp\/v2\/types\/product"}],"replies":[{"embeddable":true,"href":"https:\/\/beiefritz.lu\/fr\/wp-json\/wp\/v2\/comments?post=14163"}],"wp:featuredmedia":[{"embeddable":true,"href":"https:\/\/beiefritz.lu\/fr\/wp-json\/wp\/v2\/media\/12388"}],"wp:attachment":[{"href":"https:\/\/beiefritz.lu\/fr\/wp-json\/wp\/v2\/media?parent=14163"}],"wp:term":[{"taxonomy":"product_brand","embeddable":true,"href":"https:\/\/beiefritz.lu\/fr\/wp-json\/wp\/v2\/product_brand?post=14163"},{"taxonomy":"product_cat","embeddable":true,"href":"https:\/\/beiefritz.lu\/fr\/wp-json\/wp\/v2\/product_cat?post=14163"},{"taxonomy":"product_tag","embeddable":true,"href":"https:\/\/beiefritz.lu\/fr\/wp-json\/wp\/v2\/product_tag?post=14163"}],"curies":[{"name":"wp","href":"https:\/\/api.w.org\/{rel}","templated":true}]}}