{"id":14165,"date":"2025-09-08T19:32:42","date_gmt":"2025-09-08T17:32:42","guid":{"rendered":"https:\/\/www.beiefritz.lu\/shop\/little-bee-fresh-lot-de-2-lingettes-bio-a-la-cire-dabeille-exterieur\/"},"modified":"2025-09-08T19:32:44","modified_gmt":"2025-09-08T17:32:44","slug":"little-bee-fresh-chiffons-de-cire-dabeille-bio-2er-set-outdoor","status":"publish","type":"product","link":"https:\/\/beiefritz.lu\/fr\/produkt\/little-bee-fresh-chiffons-de-cire-dabeille-bio-2er-set-outdoor\/","title":{"rendered":"LITTLE BEE FRESH &#8211; Lot de 2 lingettes bio \u00e0 la cire d&rsquo;abeille &#8211; Ext\u00e9rieur"},"content":{"rendered":"<p><strong>Fans de plein air, attention !<\/strong><\/p>\n<p>Vous voulez emballer et emporter vos aliments frais et sans plastique ? Alors notre kit d&rsquo;ext\u00e9rieur est exactement ce qu&rsquo;il vous faut ! Ce joli design permet d&#8217;emballer naturellement, joliment et facilement des aliments comme le fromage, les b\u00e2tonnets de l\u00e9gumes et le casse-cro\u00fbte.<\/p>\n<p>Les lingettes prennent peu de place, sont ultra l\u00e9g\u00e8res et ne laissent aucun d\u00e9chet. Ce kit est le compagnon id\u00e9al pour les d\u00e9placements et ta prochaine aventure en plein air.<\/p>\n<p><strong>Le set de 2 pi\u00e8ces au design \u00ab\u00a0Outdoor\u00a0\u00bb se compose de<\/strong><\/p>\n<ul>\n<li>1x grand chiffon (25 x 35 cm)<\/li>\n<li>1x chiffon moyen (20 x 25 cm)<\/li>\n<\/ul>\n<p><strong>Mati\u00e8res premi\u00e8res s\u00e9lectionn\u00e9es<\/strong><br \/>\nCoton bio, cire d&rsquo;abeille bio, r\u00e9sine d&rsquo;arbre.<\/p>\n","protected":false},"excerpt":{"rendered":"<p>Fans de plein air, attention ! Vous voulez emballer et emporter vos aliments frais et sans plastique ? Alors notre kit d&rsquo;ext\u00e9rieur est exactement ce qu&rsquo;il vous faut ! Ce joli design permet d&#8217;emballer naturellement, joliment et facilement des aliments comme le fromage, les b\u00e2tonnets de l\u00e9gumes et le casse-cro\u00fbte. Les lingettes prennent peu de [&#8230;]\n","protected":false},"featured_media":12363,"comment_status":"open","ping_status":"closed","template":"","meta":[],"product_brand":[],"product_cat":[656,539,497],"product_tag":[],"class_list":{"0":"post-14165","1":"product","2":"type-product","3":"status-publish","4":"has-post-thumbnail","6":"product_cat-bio-fr","7":"product_cat-lingette-de-cire-dabeille-kit-de-demarrage","8":"product_cat-lingettes-de-cire-dabeille","10":"first","11":"outofstock","12":"taxable","13":"shipping-taxable","14":"purchasable","15":"product-type-simple"},"_links":{"self":[{"href":"https:\/\/beiefritz.lu\/fr\/wp-json\/wp\/v2\/product\/14165","targetHints":{"allow":["GET"]}}],"collection":[{"href":"https:\/\/beiefritz.lu\/fr\/wp-json\/wp\/v2\/product"}],"about":[{"href":"https:\/\/beiefritz.lu\/fr\/wp-json\/wp\/v2\/types\/product"}],"replies":[{"embeddable":true,"href":"https:\/\/beiefritz.lu\/fr\/wp-json\/wp\/v2\/comments?post=14165"}],"wp:featuredmedia":[{"embeddable":true,"href":"https:\/\/beiefritz.lu\/fr\/wp-json\/wp\/v2\/media\/12363"}],"wp:attachment":[{"href":"https:\/\/beiefritz.lu\/fr\/wp-json\/wp\/v2\/media?parent=14165"}],"wp:term":[{"taxonomy":"product_brand","embeddable":true,"href":"https:\/\/beiefritz.lu\/fr\/wp-json\/wp\/v2\/product_brand?post=14165"},{"taxonomy":"product_cat","embeddable":true,"href":"https:\/\/beiefritz.lu\/fr\/wp-json\/wp\/v2\/product_cat?post=14165"},{"taxonomy":"product_tag","embeddable":true,"href":"https:\/\/beiefritz.lu\/fr\/wp-json\/wp\/v2\/product_tag?post=14165"}],"curies":[{"name":"wp","href":"https:\/\/api.w.org\/{rel}","templated":true}]}}