{"id":14177,"date":"2022-02-20T12:30:08","date_gmt":"2022-02-20T11:30:08","guid":{"rendered":"https:\/\/www.beiefritz.lu\/shop\/porte-bougies-en-bois-sans-decoration\/"},"modified":"2025-01-22T13:26:18","modified_gmt":"2025-01-22T12:26:18","slug":"porte-bougies-en-bois-sans-decoration","status":"publish","type":"product","link":"https:\/\/beiefritz.lu\/fr\/produkt\/porte-bougies-en-bois-sans-decoration\/","title":{"rendered":"Porte-bougie en bois"},"content":{"rendered":"<p>Porte-bougies en bois de h\u00eatre luxembourgeois. Incl. Bougie chauffe-plat 100% cire d&rsquo;abeille.<\/p>\n<p>&nbsp;<\/p>\n<p>assorti \u00e0 nos 9 bougies chauffe-plat dans un pack de recharge.<\/p>\n<p>Remarque : le motif peut diff\u00e9rer de l&rsquo;image car il s&rsquo;agit d&rsquo;un produit naturel et chaque produit est unique.<\/p>\n","protected":false},"excerpt":{"rendered":"<p>Porte-bougies en bois de h\u00eatre luxembourgeois. Incl. Bougie chauffe-plat 100% cire d&rsquo;abeille. &nbsp; assorti \u00e0 nos 9 bougies chauffe-plat dans un pack de recharge. Remarque : le motif peut diff\u00e9rer de l&rsquo;image car il s&rsquo;agit d&rsquo;un produit naturel et chaque produit est unique.<\/p>\n","protected":false},"featured_media":8944,"comment_status":"open","ping_status":"closed","template":"","meta":[],"product_brand":[],"product_cat":[61],"product_tag":[],"class_list":{"0":"post-14177","1":"product","2":"type-product","3":"status-publish","4":"has-post-thumbnail","6":"product_cat-gesichtspflege","8":"first","9":"outofstock","10":"taxable","11":"shipping-taxable","12":"purchasable","13":"product-type-simple"},"_links":{"self":[{"href":"https:\/\/beiefritz.lu\/fr\/wp-json\/wp\/v2\/product\/14177","targetHints":{"allow":["GET"]}}],"collection":[{"href":"https:\/\/beiefritz.lu\/fr\/wp-json\/wp\/v2\/product"}],"about":[{"href":"https:\/\/beiefritz.lu\/fr\/wp-json\/wp\/v2\/types\/product"}],"replies":[{"embeddable":true,"href":"https:\/\/beiefritz.lu\/fr\/wp-json\/wp\/v2\/comments?post=14177"}],"wp:featuredmedia":[{"embeddable":true,"href":"https:\/\/beiefritz.lu\/fr\/wp-json\/wp\/v2\/media\/8944"}],"wp:attachment":[{"href":"https:\/\/beiefritz.lu\/fr\/wp-json\/wp\/v2\/media?parent=14177"}],"wp:term":[{"taxonomy":"product_brand","embeddable":true,"href":"https:\/\/beiefritz.lu\/fr\/wp-json\/wp\/v2\/product_brand?post=14177"},{"taxonomy":"product_cat","embeddable":true,"href":"https:\/\/beiefritz.lu\/fr\/wp-json\/wp\/v2\/product_cat?post=14177"},{"taxonomy":"product_tag","embeddable":true,"href":"https:\/\/beiefritz.lu\/fr\/wp-json\/wp\/v2\/product_tag?post=14177"}],"curies":[{"name":"wp","href":"https:\/\/api.w.org\/{rel}","templated":true}]}}