{"id":14182,"date":"2025-08-12T23:49:38","date_gmt":"2025-08-12T21:49:38","guid":{"rendered":"https:\/\/www.beiefritz.lu\/shop\/schlosswald-bienengut-elixir-dhaleine-propolix\/"},"modified":"2025-08-12T23:49:39","modified_gmt":"2025-08-12T21:49:39","slug":"propolix-respirelixir","status":"publish","type":"product","link":"https:\/\/beiefritz.lu\/fr\/produkt\/propolix-respirelixir\/","title":{"rendered":"SCHLOSSWALD-BIENENGUT &#8211; Elixir d&rsquo;haleine Propolix"},"content":{"rendered":"<p>Tous les produits exclusifs de Schlo\u00dfwald-Bienengut\u00ae sont bien s\u00fbr exempts d&rsquo;ingr\u00e9dients chimiques, synth\u00e9tiques et g\u00e9n\u00e9tiquement modifi\u00e9s.<\/p>\n<p><strong>Ingr\u00e9dients: <\/strong><\/p>\n<p style=\"padding-left: 40px;\">88,64% miel (vari\u00e9t\u00e9 : acacia)<\/p>\n<p style=\"padding-left: 40px;\">Extrait de propolis \u00e0 4,75 % (dissous dans de l&rsquo;\u00e9thanol)<\/p>\n<p style=\"padding-left: 40px;\">Extrait aqueux et alcoolique \u00e0 6,61 % d&rsquo;extraits de plantes de : eucalyptus, gen\u00e9vrier, thym, pin parasol<\/p>\n<p>Conseil d&rsquo; <strong>utilisation<\/strong> : Dissoudre lentement une cuill\u00e8re \u00e0 soupe dans la bouche 3 \u00e0 5 fois par jour.<\/p>\n<p><span style=\"font-size: 85%;\">Le produit contient 4% vol d&rsquo;alcool. compl\u00e9ments alimentaires<\/span><\/p>\n<p><span style=\"font-size: 85%;\">Tenir hors de port\u00e9e des ENFANTS. D\u00e9conseill\u00e9 aux enfants, adolescents et femmes enceintes ou allaitantes.<\/span><\/p>\n<p><span style=\"font-size: 85%;\">Ne se substitue pas \u00e0 une alimentation \u00e9quilibr\u00e9e et vari\u00e9e. Il est important de maintenir un mode de vie sain.<\/span><\/p>\n<p><span style=\"font-size: 85%;\">Ne pas d\u00e9passer la dose quotidienne maximale recommand\u00e9e<\/span><\/p>\n<p><em>Tableau nutritionnel (125ml):<\/em><\/p>\n<p style=\"padding-left: 40px;\">Pouvoir calorifique 1264 kJ (302 kcal)<\/p>\n<p style=\"padding-left: 40px;\">Prot\u00e9ines 0.4g<\/p>\n<p style=\"padding-left: 40px;\">Glucides 75.1g<\/p>\n<p style=\"padding-left: 40px;\">gras 0g<\/p>\n","protected":false},"excerpt":{"rendered":"<p>Tous les produits exclusifs de Schlo\u00dfwald-Bienengut\u00ae sont bien s\u00fbr exempts d&rsquo;ingr\u00e9dients chimiques, synth\u00e9tiques et g\u00e9n\u00e9tiquement modifi\u00e9s. Ingr\u00e9dients: 88,64% miel (vari\u00e9t\u00e9 : acacia) Extrait de propolis \u00e0 4,75 % (dissous dans de l&rsquo;\u00e9thanol) Extrait aqueux et alcoolique \u00e0 6,61 % d&rsquo;extraits de plantes de : eucalyptus, gen\u00e9vrier, thym, pin parasol Conseil d&rsquo; utilisation : Dissoudre lentement [&#8230;]\n","protected":false},"featured_media":10134,"comment_status":"open","ping_status":"closed","template":"","meta":[],"product_brand":[],"product_cat":[254,558,263],"product_tag":[448,450],"class_list":{"0":"post-14182","1":"product","2":"type-product","3":"status-publish","4":"has-post-thumbnail","6":"product_cat-complement-alimentaire","7":"product_cat-propolis-fr","8":"product_cat-schlosswald-bienengut-fr","9":"product_tag-propolis-fr","10":"product_tag-revendeurs-fr","12":"first","13":"outofstock","14":"taxable","15":"shipping-taxable","16":"purchasable","17":"product-type-simple"},"_links":{"self":[{"href":"https:\/\/beiefritz.lu\/fr\/wp-json\/wp\/v2\/product\/14182","targetHints":{"allow":["GET"]}}],"collection":[{"href":"https:\/\/beiefritz.lu\/fr\/wp-json\/wp\/v2\/product"}],"about":[{"href":"https:\/\/beiefritz.lu\/fr\/wp-json\/wp\/v2\/types\/product"}],"replies":[{"embeddable":true,"href":"https:\/\/beiefritz.lu\/fr\/wp-json\/wp\/v2\/comments?post=14182"}],"wp:featuredmedia":[{"embeddable":true,"href":"https:\/\/beiefritz.lu\/fr\/wp-json\/wp\/v2\/media\/10134"}],"wp:attachment":[{"href":"https:\/\/beiefritz.lu\/fr\/wp-json\/wp\/v2\/media?parent=14182"}],"wp:term":[{"taxonomy":"product_brand","embeddable":true,"href":"https:\/\/beiefritz.lu\/fr\/wp-json\/wp\/v2\/product_brand?post=14182"},{"taxonomy":"product_cat","embeddable":true,"href":"https:\/\/beiefritz.lu\/fr\/wp-json\/wp\/v2\/product_cat?post=14182"},{"taxonomy":"product_tag","embeddable":true,"href":"https:\/\/beiefritz.lu\/fr\/wp-json\/wp\/v2\/product_tag?post=14182"}],"curies":[{"name":"wp","href":"https:\/\/api.w.org\/{rel}","templated":true}]}}