{"id":14186,"date":"2025-08-12T23:49:44","date_gmt":"2025-08-12T21:49:44","guid":{"rendered":"https:\/\/www.beiefritz.lu\/shop\/de-beiefritz-eau-de-vie-au-miel-luxembourgeois-goutte-de-miel-10-cl\/"},"modified":"2026-03-12T13:29:49","modified_gmt":"2026-03-12T12:29:49","slug":"eau-de-vie-de-miel-10cl","status":"publish","type":"product","link":"https:\/\/beiefritz.lu\/fr\/produkt\/eau-de-vie-de-miel-10cl\/","title":{"rendered":"DE BEIEFRITZ &#8211; Eau-de-vie de miel luxembourgeoise \u00ab\u00a0Hunnegdr\u00ebpp\u00a0\u00bb 10 cl"},"content":{"rendered":"<p>Notre eau-de-vie de miel traditionnelle (lux. : l\u00ebtzebuerger Hunnegdr\u00ebpp), fabriqu\u00e9e selon une recette secr\u00e8te maison avec du miel luxembourgeois, de l&rsquo;eau-de-vie luxembourgeoise de la r\u00e9gion de la Moselle et des herbes s\u00e9lectionn\u00e9es.<\/p>\n<p>Grandeur optimale pour les corbeilles!<\/p>\n<p>&nbsp;<\/p>\n<p><strong>GO\u00dbT:<\/strong><br \/><em><strong><span class=\"light\">\u00ab\u00a0Attendez-vous \u00e0 un ar\u00f4me d&rsquo;agrumes, avec un miel floral en bouche. Le miel est compl\u00e9t\u00e9 par des \u00e9pices, ce qui donne un profil de go\u00fbt compliqu\u00e9 et inhabituel, ainsi qu&rsquo;une finale piquante et am\u00e8re.\u00a0\u00bb<\/span><\/strong><\/em><\/p>\n<p>&nbsp;<\/p>\n<p>Alc. 32% vol.<\/p>\n","protected":false},"excerpt":{"rendered":"<p>Notre eau-de-vie de miel traditionnelle (lux. : l\u00ebtzebuerger Hunnegdr\u00ebpp), fabriqu\u00e9e selon une recette secr\u00e8te maison avec du miel luxembourgeois, de l&rsquo;eau-de-vie luxembourgeoise de la r\u00e9gion de la Moselle et des herbes s\u00e9lectionn\u00e9es. Grandeur optimale pour les corbeilles! &nbsp; GO\u00dbT:\u00ab\u00a0Attendez-vous \u00e0 un ar\u00f4me d&rsquo;agrumes, avec un miel floral en bouche. Le miel est compl\u00e9t\u00e9 par des [&#8230;]\n","protected":false},"featured_media":6752,"comment_status":"open","ping_status":"closed","template":"","meta":[],"product_brand":[],"product_cat":[594,178],"product_tag":[430,441,450],"class_list":{"0":"post-14186","1":"product","2":"type-product","3":"status-publish","4":"has-post-thumbnail","6":"product_cat-eau-de-vie-au-miel-fr","7":"product_cat-idees-de-cadeaux","8":"product_tag-beiefritz-fr","9":"product_tag-hunnegdrepp-fr","10":"product_tag-revendeurs-fr","12":"first","13":"instock","14":"taxable","15":"shipping-taxable","16":"purchasable","17":"product-type-simple"},"_links":{"self":[{"href":"https:\/\/beiefritz.lu\/fr\/wp-json\/wp\/v2\/product\/14186","targetHints":{"allow":["GET"]}}],"collection":[{"href":"https:\/\/beiefritz.lu\/fr\/wp-json\/wp\/v2\/product"}],"about":[{"href":"https:\/\/beiefritz.lu\/fr\/wp-json\/wp\/v2\/types\/product"}],"replies":[{"embeddable":true,"href":"https:\/\/beiefritz.lu\/fr\/wp-json\/wp\/v2\/comments?post=14186"}],"wp:featuredmedia":[{"embeddable":true,"href":"https:\/\/beiefritz.lu\/fr\/wp-json\/wp\/v2\/media\/6752"}],"wp:attachment":[{"href":"https:\/\/beiefritz.lu\/fr\/wp-json\/wp\/v2\/media?parent=14186"}],"wp:term":[{"taxonomy":"product_brand","embeddable":true,"href":"https:\/\/beiefritz.lu\/fr\/wp-json\/wp\/v2\/product_brand?post=14186"},{"taxonomy":"product_cat","embeddable":true,"href":"https:\/\/beiefritz.lu\/fr\/wp-json\/wp\/v2\/product_cat?post=14186"},{"taxonomy":"product_tag","embeddable":true,"href":"https:\/\/beiefritz.lu\/fr\/wp-json\/wp\/v2\/product_tag?post=14186"}],"curies":[{"name":"wp","href":"https:\/\/api.w.org\/{rel}","templated":true}]}}