{"id":14188,"date":"2025-08-12T23:50:08","date_gmt":"2025-08-12T21:50:08","guid":{"rendered":"https:\/\/www.beiefritz.lu\/shop\/schlosswald-bienengut-serum-royal-au-venin-dabeille\/"},"modified":"2025-08-12T23:50:09","modified_gmt":"2025-08-12T21:50:09","slug":"schlosswald-bienengut-serum-royal-with-bee-poison","status":"publish","type":"product","link":"https:\/\/beiefritz.lu\/fr\/produkt\/schlosswald-bienengut-serum-royal-with-bee-poison\/","title":{"rendered":"SCHLOSSWALD-BIENENGUT &#8211; S\u00e9rum royal au venin d&rsquo;abeille"},"content":{"rendered":"<p>          <strong>S\u00e9rum anti-\u00e2ge hautement actif avec du vrai venin d&rsquo;abeille et un complexe d&rsquo;ingr\u00e9dients actifs 5 fois Schlo\u00dfwald-Bienengut\u00ae.<\/strong><\/p>\n<p>          <strong>R\u00e9active l&rsquo;\u00e9lasticit\u00e9 de la peau et augmente sa fermet\u00e9 gr\u00e2ce \u00e0 l&rsquo;extrait de microalgues et aux extraits de fleurs. Dans le m\u00eame temps, les peptides profonds naturels acc\u00e9l\u00e8rent la r\u00e9g\u00e9n\u00e9ration du tissu sous-jacent. Le renouvellement cellulaire est significativement augment\u00e9 par l&rsquo;\u00e9pig\u00e8ne de la nourriture de la reine des abeilles. Le venin d&rsquo;abeille naturel pur r\u00e9duit la contraction musculaire et favorise la circulation sanguine dans les tissus.<\/strong><\/p>\n<p>          <strong>Le Serum Royal est un s\u00e9rum facial profond \u00e0 usage quotidien avec un complexe intensif d&rsquo;ingr\u00e9dients actifs 5 fois. Tapot\u00e9 doucement dans les zones sollicit\u00e9es autour des yeux et du front, il est rapidement absorb\u00e9 dans les couches de la peau et a un effet en profondeur. Il augmente non seulement l&rsquo;\u00e9lasticit\u00e9 de la peau, mais reconstruit \u00e9galement sa structure avec une utilisation r\u00e9guli\u00e8re et laisse m\u00eame les zones de peau fatigu\u00e9es briller d&rsquo;un teint jeune.<\/strong><\/p>\n<p>          <strong>Ce produit cosm\u00e9tique naturel exclusif convient \u00e0 absolument toutes les peaux avant d&rsquo;appliquer un soin de jour ou de nuit, ainsi qu&rsquo;\u00e0 un usage quotidien multiple.<\/strong><\/p>\n","protected":false},"excerpt":{"rendered":"<p>S\u00e9rum anti-\u00e2ge hautement actif avec du vrai venin d&rsquo;abeille et un complexe d&rsquo;ingr\u00e9dients actifs 5 fois Schlo\u00dfwald-Bienengut\u00ae. R\u00e9active l&rsquo;\u00e9lasticit\u00e9 de la peau et augmente sa fermet\u00e9 gr\u00e2ce \u00e0 l&rsquo;extrait de microalgues et aux extraits de fleurs. Dans le m\u00eame temps, les peptides profonds naturels acc\u00e9l\u00e8rent la r\u00e9g\u00e9n\u00e9ration du tissu sous-jacent. Le renouvellement cellulaire est significativement [&#8230;]\n","protected":false},"featured_media":17417,"comment_status":"open","ping_status":"closed","template":"","meta":[],"product_brand":[],"product_cat":[263,530],"product_tag":[],"class_list":{"0":"post-14188","1":"product","2":"type-product","3":"status-publish","4":"has-post-thumbnail","6":"product_cat-schlosswald-bienengut-fr","7":"product_cat-soins-du-corps","9":"first","10":"instock","11":"sale","12":"taxable","13":"shipping-taxable","14":"purchasable","15":"product-type-simple"},"_links":{"self":[{"href":"https:\/\/beiefritz.lu\/fr\/wp-json\/wp\/v2\/product\/14188","targetHints":{"allow":["GET"]}}],"collection":[{"href":"https:\/\/beiefritz.lu\/fr\/wp-json\/wp\/v2\/product"}],"about":[{"href":"https:\/\/beiefritz.lu\/fr\/wp-json\/wp\/v2\/types\/product"}],"replies":[{"embeddable":true,"href":"https:\/\/beiefritz.lu\/fr\/wp-json\/wp\/v2\/comments?post=14188"}],"wp:featuredmedia":[{"embeddable":true,"href":"https:\/\/beiefritz.lu\/fr\/wp-json\/wp\/v2\/media\/17417"}],"wp:attachment":[{"href":"https:\/\/beiefritz.lu\/fr\/wp-json\/wp\/v2\/media?parent=14188"}],"wp:term":[{"taxonomy":"product_brand","embeddable":true,"href":"https:\/\/beiefritz.lu\/fr\/wp-json\/wp\/v2\/product_brand?post=14188"},{"taxonomy":"product_cat","embeddable":true,"href":"https:\/\/beiefritz.lu\/fr\/wp-json\/wp\/v2\/product_cat?post=14188"},{"taxonomy":"product_tag","embeddable":true,"href":"https:\/\/beiefritz.lu\/fr\/wp-json\/wp\/v2\/product_tag?post=14188"}],"curies":[{"name":"wp","href":"https:\/\/api.w.org\/{rel}","templated":true}]}}