{"id":14190,"date":"2020-05-02T13:06:27","date_gmt":"2020-05-02T11:06:27","guid":{"rendered":"https:\/\/www.beiefritz.lu\/shop\/de-biefritz-bon-dachat\/"},"modified":"2025-01-22T13:26:04","modified_gmt":"2025-01-22T12:26:04","slug":"bon","status":"publish","type":"product","link":"https:\/\/beiefritz.lu\/fr\/produkt\/bon\/","title":{"rendered":"DE BIEFRITZ &#8211; Bon d&rsquo;achat"},"content":{"rendered":"<p>Le bon ne peut \u00eatre \u00e9chang\u00e9 que sur www.beiefritz.lu<\/p>\n<p>&nbsp;<\/p>\n<p>Vous recevrez imm\u00e9diatement le bon par e-mail !<\/p>\n<p>&nbsp;<\/p>\n","protected":false},"excerpt":{"rendered":"<p>Le bon ne peut \u00eatre \u00e9chang\u00e9 que sur www.beiefritz.lu &nbsp; Vous recevrez imm\u00e9diatement le bon par e-mail ! &nbsp;<\/p>\n","protected":false},"featured_media":9300,"comment_status":"open","ping_status":"closed","template":"","meta":[],"product_brand":[],"product_cat":[588,385,178],"product_tag":[430],"class_list":{"0":"post-14190","1":"product","2":"type-product","3":"status-publish","4":"has-post-thumbnail","6":"product_cat-de-beiefritz-fr","7":"product_cat-mwb_wgm_giftcard-3-fr","8":"product_cat-idees-de-cadeaux","9":"product_tag-beiefritz-fr","11":"first","12":"instock","13":"taxable","14":"shipping-taxable","15":"purchasable","16":"product-type-simple"},"_links":{"self":[{"href":"https:\/\/beiefritz.lu\/fr\/wp-json\/wp\/v2\/product\/14190","targetHints":{"allow":["GET"]}}],"collection":[{"href":"https:\/\/beiefritz.lu\/fr\/wp-json\/wp\/v2\/product"}],"about":[{"href":"https:\/\/beiefritz.lu\/fr\/wp-json\/wp\/v2\/types\/product"}],"replies":[{"embeddable":true,"href":"https:\/\/beiefritz.lu\/fr\/wp-json\/wp\/v2\/comments?post=14190"}],"wp:featuredmedia":[{"embeddable":true,"href":"https:\/\/beiefritz.lu\/fr\/wp-json\/wp\/v2\/media\/9300"}],"wp:attachment":[{"href":"https:\/\/beiefritz.lu\/fr\/wp-json\/wp\/v2\/media?parent=14190"}],"wp:term":[{"taxonomy":"product_brand","embeddable":true,"href":"https:\/\/beiefritz.lu\/fr\/wp-json\/wp\/v2\/product_brand?post=14190"},{"taxonomy":"product_cat","embeddable":true,"href":"https:\/\/beiefritz.lu\/fr\/wp-json\/wp\/v2\/product_cat?post=14190"},{"taxonomy":"product_tag","embeddable":true,"href":"https:\/\/beiefritz.lu\/fr\/wp-json\/wp\/v2\/product_tag?post=14190"}],"curies":[{"name":"wp","href":"https:\/\/api.w.org\/{rel}","templated":true}]}}