{"id":14193,"date":"2025-08-13T00:00:58","date_gmt":"2025-08-12T22:00:58","guid":{"rendered":"https:\/\/www.beiefritz.lu\/shop\/de-beiefritz-miel-a-la-fraise\/"},"modified":"2025-08-13T00:01:01","modified_gmt":"2025-08-12T22:01:01","slug":"fr-beiefritz-fraise-en-miel","status":"publish","type":"product","link":"https:\/\/beiefritz.lu\/fr\/produkt\/fr-beiefritz-fraise-en-miel\/","title":{"rendered":"DE BEIEFRITZ &#8211; Miel \u00e0 la fraise"},"content":{"rendered":"<p>Du miel luxembourgeois cr\u00e9meux m\u00e9lang\u00e9 \u00e0 de la poudre de fraise offre un d\u00e9licieux mariage entre la douceur naturelle du miel et le go\u00fbt d\u00e9licat des fraises. Les fraises conf\u00e8rent au miel un doux go\u00fbt de fraise avec une note fruit\u00e9e.<\/p>\n<p>Notre miel \u00e0 la fraise est extr\u00eamement polyvalent. Utilisez-le pour tartiner vos toasts, bagels ou cr\u00eapes avec le d\u00e9licieux go\u00fbt des fraises. Il est \u00e9galement id\u00e9al pour garnir les yaourts, les c\u00e9r\u00e9ales, les cr\u00e8mes glac\u00e9es ou les smoothies afin d&rsquo;y ajouter une touche fruit\u00e9e. En outre, il peut \u00e9galement \u00eatre utilis\u00e9 dans les p\u00e2tisseries, les desserts ou m\u00eame les vinaigrettes pour apporter une note de fraise.<\/p>\n<p>La combinaison de miel luxembourgeois et de fraises offre non seulement un go\u00fbt d\u00e9licieux, mais contient \u00e9galement des nutriments et des antioxydants naturels, tandis que les fraises sont riches en vitamines, en fibres et en antioxydants.<\/p>\n<p>Notre miel \u00e0 la fraise est un v\u00e9ritable plaisir pour le palais, qui allie la douceur naturelle du miel \u00e0 l&rsquo;intensit\u00e9 du go\u00fbt de la fraise. Plongez dans cette d\u00e9licieuse exp\u00e9rience et laissez-vous g\u00e2ter par le mariage du miel et des fraises.<\/p>\n<p>Contenu : 140g<\/p>\n","protected":false},"excerpt":{"rendered":"<p>Miel de Luxembourg affin\u00e9 \u00e0 la fraise<\/p>\n","protected":false},"featured_media":11921,"comment_status":"open","ping_status":"closed","template":"","meta":[],"product_brand":[],"product_cat":[588,257,239],"product_tag":[430,435,450],"class_list":{"0":"post-14193","1":"product","2":"type-product","3":"status-publish","4":"has-post-thumbnail","6":"product_cat-de-beiefritz-fr","7":"product_cat-nouveau","8":"product_cat-specialites-au-miel","9":"product_tag-beiefritz-fr","10":"product_tag-gastro-fr","11":"product_tag-revendeurs-fr","13":"first","14":"outofstock","15":"featured","16":"taxable","17":"shipping-taxable","18":"purchasable","19":"product-type-simple"},"_links":{"self":[{"href":"https:\/\/beiefritz.lu\/fr\/wp-json\/wp\/v2\/product\/14193","targetHints":{"allow":["GET"]}}],"collection":[{"href":"https:\/\/beiefritz.lu\/fr\/wp-json\/wp\/v2\/product"}],"about":[{"href":"https:\/\/beiefritz.lu\/fr\/wp-json\/wp\/v2\/types\/product"}],"replies":[{"embeddable":true,"href":"https:\/\/beiefritz.lu\/fr\/wp-json\/wp\/v2\/comments?post=14193"}],"wp:featuredmedia":[{"embeddable":true,"href":"https:\/\/beiefritz.lu\/fr\/wp-json\/wp\/v2\/media\/11921"}],"wp:attachment":[{"href":"https:\/\/beiefritz.lu\/fr\/wp-json\/wp\/v2\/media?parent=14193"}],"wp:term":[{"taxonomy":"product_brand","embeddable":true,"href":"https:\/\/beiefritz.lu\/fr\/wp-json\/wp\/v2\/product_brand?post=14193"},{"taxonomy":"product_cat","embeddable":true,"href":"https:\/\/beiefritz.lu\/fr\/wp-json\/wp\/v2\/product_cat?post=14193"},{"taxonomy":"product_tag","embeddable":true,"href":"https:\/\/beiefritz.lu\/fr\/wp-json\/wp\/v2\/product_tag?post=14193"}],"curies":[{"name":"wp","href":"https:\/\/api.w.org\/{rel}","templated":true}]}}