{"id":14195,"date":"2025-08-13T00:01:01","date_gmt":"2025-08-12T22:01:01","guid":{"rendered":"https:\/\/www.beiefritz.lu\/shop\/schlosswald-bienenengut-creme-intensive-a-la-gelee-royale\/"},"modified":"2025-08-13T00:01:03","modified_gmt":"2025-08-12T22:01:03","slug":"schlosswald-bienengut-gelee-royale-creme-intensive","status":"publish","type":"product","link":"https:\/\/beiefritz.lu\/fr\/produkt\/schlosswald-bienengut-gelee-royale-creme-intensive\/","title":{"rendered":"SCHLO\u00dfWALD-BIENENENGUT &#8211; Cr\u00e8me intensive \u00e0 la gel\u00e9e royale"},"content":{"rendered":"<p>Cr\u00e8me intensive noble et riche avec la plus grande proportion de gel\u00e9e royale fra\u00eeche de votre Schlo\u00dfwald-Bienengut\u00ae.<\/p>\n<p>Une teneur maximale de 6 % de gel\u00e9e royale contribue \u00e0 am\u00e9liorer la qualit\u00e9 de la peau et \u00e0 la raffermir.<br \/>\nL&rsquo;huile d&rsquo;argousier &amp; la teinture de fruits de vanille pr\u00e9servent \u00e9galement la peau de l&rsquo;influence n\u00e9faste des radicaux libres. De plus, la proportion particuli\u00e8rement \u00e9lev\u00e9e de beurres v\u00e9g\u00e9taux riches et d&rsquo;huiles v\u00e9g\u00e9tales assure une protection longue dur\u00e9e, m\u00eame pour les peaux particuli\u00e8rement s\u00e8ches.<\/p>\n<p>En raison de sa texture riche, la cr\u00e8me intensive \u00e0 la gel\u00e9e royale p\u00e9n\u00e8tre un peu plus lentement dans la peau. Elle prot\u00e8ge et r\u00e9g\u00e9n\u00e8re en particulier gr\u00e2ce \u00e0 sa composition globale riche et redonne un \u00e9clat intense m\u00eame aux peaux tr\u00e8s s\u00e8ches.<br \/>\nCe produit cosm\u00e9tique naturel convient particuli\u00e8rement aux peaux s\u00e8ches et n\u00e9cessitant une r\u00e9g\u00e9n\u00e9ration en tant que soin de jour et de nuit.<\/p>\n<p>Contenu : 50 ml<\/p>\n","protected":false},"excerpt":{"rendered":"<p>Cr\u00e8me intensive noble et riche avec la plus grande proportion de gel\u00e9e royale fra\u00eeche de votre Schlo\u00dfwald-Bienengut\u00ae. Une teneur maximale de 6 % de gel\u00e9e royale contribue \u00e0 am\u00e9liorer la qualit\u00e9 de la peau et \u00e0 la raffermir. L&rsquo;huile d&rsquo;argousier &amp; la teinture de fruits de vanille pr\u00e9servent \u00e9galement la peau de l&rsquo;influence n\u00e9faste des [&#8230;]\n","protected":false},"featured_media":11343,"comment_status":"open","ping_status":"closed","template":"","meta":[],"product_brand":[],"product_cat":[263,530],"product_tag":[],"class_list":{"0":"post-14195","1":"product","2":"type-product","3":"status-publish","4":"has-post-thumbnail","6":"product_cat-schlosswald-bienengut-fr","7":"product_cat-soins-du-corps","9":"first","10":"instock","11":"sale","12":"taxable","13":"shipping-taxable","14":"purchasable","15":"product-type-simple"},"_links":{"self":[{"href":"https:\/\/beiefritz.lu\/fr\/wp-json\/wp\/v2\/product\/14195","targetHints":{"allow":["GET"]}}],"collection":[{"href":"https:\/\/beiefritz.lu\/fr\/wp-json\/wp\/v2\/product"}],"about":[{"href":"https:\/\/beiefritz.lu\/fr\/wp-json\/wp\/v2\/types\/product"}],"replies":[{"embeddable":true,"href":"https:\/\/beiefritz.lu\/fr\/wp-json\/wp\/v2\/comments?post=14195"}],"wp:featuredmedia":[{"embeddable":true,"href":"https:\/\/beiefritz.lu\/fr\/wp-json\/wp\/v2\/media\/11343"}],"wp:attachment":[{"href":"https:\/\/beiefritz.lu\/fr\/wp-json\/wp\/v2\/media?parent=14195"}],"wp:term":[{"taxonomy":"product_brand","embeddable":true,"href":"https:\/\/beiefritz.lu\/fr\/wp-json\/wp\/v2\/product_brand?post=14195"},{"taxonomy":"product_cat","embeddable":true,"href":"https:\/\/beiefritz.lu\/fr\/wp-json\/wp\/v2\/product_cat?post=14195"},{"taxonomy":"product_tag","embeddable":true,"href":"https:\/\/beiefritz.lu\/fr\/wp-json\/wp\/v2\/product_tag?post=14195"}],"curies":[{"name":"wp","href":"https:\/\/api.w.org\/{rel}","templated":true}]}}