{"id":14198,"date":"2025-08-13T00:00:44","date_gmt":"2025-08-12T22:00:44","guid":{"rendered":"https:\/\/www.beiefritz.lu\/shop\/puralp-huile-de-soin-bio-au-souci\/"},"modified":"2025-08-13T00:00:46","modified_gmt":"2025-08-12T22:00:46","slug":"huile-de-soin-bio-au-souci-puralp","status":"publish","type":"product","link":"https:\/\/beiefritz.lu\/fr\/produkt\/huile-de-soin-bio-au-souci-puralp\/","title":{"rendered":"PURALP &#8211; Extrait huileux de calendula bio"},"content":{"rendered":"<p>Huile de soin bio \u00e0 base d&rsquo;huile de tournesol bio et d&rsquo;extrait de calendula de notre propre culture dans l&rsquo;Allg\u00e4u.<\/p>\n<p>Les pr\u00e9cieuses fleurs de calendula sont pr\u00e9par\u00e9es selon un proc\u00e9d\u00e9 traditionnel avec de l&rsquo;huile de tournesol. La mac\u00e9ration (extraction d&rsquo;huile) permet d&rsquo;extraire les principes actifs de la plante qui se saturent dans l&rsquo;huile. L&rsquo;extrait de fleurs de calendula qu&rsquo;il contient a une teneur \u00e9lev\u00e9e en carot\u00e9no\u00efdes et peut ainsi favoriser la capacit\u00e9 de r\u00e9g\u00e9n\u00e9ration des peaux irrit\u00e9es, rouges et enflamm\u00e9es. Elle sert \u00e9galement d&rsquo;huile de base de haute qualit\u00e9 pour l&rsquo;ajout d&rsquo;huiles essentielles.<\/p>\n<p><strong>Utilisation<\/strong><\/p>\n<p>L&rsquo;huile de soin bio au souci est particuli\u00e8rement adapt\u00e9e aux peaux irrit\u00e9es, rougies et enflamm\u00e9es. Appliquer sur les zones de peau affect\u00e9es en mouvements circulaires et avec une pression mod\u00e9r\u00e9e jusqu&rsquo;\u00e0 3 fois par jour.<\/p>\n<p><strong>Ingr\u00e9dients<\/strong><\/p>\n<p>Huile de Graines d&rsquo;Helianthus Annuus*, Extrait de Fleur de Calendula Officinalis*.<\/p>\n<p>*issu d&rsquo;une production \u00e9cologique contr\u00f4l\u00e9e<\/p>\n<p><strong>Conseils<\/strong><\/p>\n<p>Ne pas utiliser en cas d&rsquo;hypersensibilit\u00e9 (allergies) aux plantes compos\u00e9es.<\/p>\n<p><strong>Quantit\u00e9 de contenu net<\/strong><\/p>\n<p>100ml<\/p>\n","protected":false},"excerpt":{"rendered":"<p>Huile de soin bio \u00e0 base d&rsquo;huile de tournesol bio et d&rsquo;extrait de calendula de notre propre culture dans l&rsquo;Allg\u00e4u. Les pr\u00e9cieuses fleurs de calendula sont pr\u00e9par\u00e9es selon un proc\u00e9d\u00e9 traditionnel avec de l&rsquo;huile de tournesol. La mac\u00e9ration (extraction d&rsquo;huile) permet d&rsquo;extraire les principes actifs de la plante qui se saturent dans l&rsquo;huile. L&rsquo;extrait de [&#8230;]\n","protected":false},"featured_media":8949,"comment_status":"open","ping_status":"closed","template":"","meta":[],"product_brand":[],"product_cat":[656,260,530],"product_tag":[450],"class_list":{"0":"post-14198","1":"product","2":"type-product","3":"status-publish","4":"has-post-thumbnail","6":"product_cat-bio-fr","7":"product_cat-puralp-fr","8":"product_cat-soins-du-corps","9":"product_tag-revendeurs-fr","11":"first","12":"instock","13":"taxable","14":"shipping-taxable","15":"purchasable","16":"product-type-simple"},"_links":{"self":[{"href":"https:\/\/beiefritz.lu\/fr\/wp-json\/wp\/v2\/product\/14198","targetHints":{"allow":["GET"]}}],"collection":[{"href":"https:\/\/beiefritz.lu\/fr\/wp-json\/wp\/v2\/product"}],"about":[{"href":"https:\/\/beiefritz.lu\/fr\/wp-json\/wp\/v2\/types\/product"}],"replies":[{"embeddable":true,"href":"https:\/\/beiefritz.lu\/fr\/wp-json\/wp\/v2\/comments?post=14198"}],"wp:featuredmedia":[{"embeddable":true,"href":"https:\/\/beiefritz.lu\/fr\/wp-json\/wp\/v2\/media\/8949"}],"wp:attachment":[{"href":"https:\/\/beiefritz.lu\/fr\/wp-json\/wp\/v2\/media?parent=14198"}],"wp:term":[{"taxonomy":"product_brand","embeddable":true,"href":"https:\/\/beiefritz.lu\/fr\/wp-json\/wp\/v2\/product_brand?post=14198"},{"taxonomy":"product_cat","embeddable":true,"href":"https:\/\/beiefritz.lu\/fr\/wp-json\/wp\/v2\/product_cat?post=14198"},{"taxonomy":"product_tag","embeddable":true,"href":"https:\/\/beiefritz.lu\/fr\/wp-json\/wp\/v2\/product_tag?post=14198"}],"curies":[{"name":"wp","href":"https:\/\/api.w.org\/{rel}","templated":true}]}}