{"id":14202,"date":"2025-08-13T00:00:39","date_gmt":"2025-08-12T22:00:39","guid":{"rendered":"https:\/\/www.beiefritz.lu\/shop\/cire-dabeille-en-bloc-au-kilo\/"},"modified":"2025-08-13T00:00:40","modified_gmt":"2025-08-12T22:00:40","slug":"bloc-de-cire-dabeille","status":"publish","type":"product","link":"https:\/\/beiefritz.lu\/fr\/produkt\/bloc-de-cire-dabeille\/","title":{"rendered":"Cire d&rsquo;abeille par kg"},"content":{"rendered":"<p>Bloc de 100% cire d&rsquo;abeille<\/p>\n<p>\u00e0 base de cire d&rsquo;abeille pure de nos abeilles, sans ajout de st\u00e9arine ou autre ordure !<\/p>\n<p><strong>Remarque :<\/strong> Le prix se r\u00e9f\u00e8re \u00e0 1 kg, veuillez indiquer la quantit\u00e9 en kilogrammes qui doit \u00eatre livr\u00e9e. La marchandise est livr\u00e9e dans un bloc ou en plusieurs blocs, selon la disponibilit\u00e9.<\/p>\n<p>Peut \u00eatre utilis\u00e9 pour divers travaux :<\/p>\n<ul>\n<li>Rafra\u00eechir les meubles<\/li>\n<li>Cosm\u00e9tique DIY<\/li>\n<li>Verser des bougies<\/li>\n<li>Etc.<\/li>\n<\/ul>\n","protected":false},"excerpt":{"rendered":"<p>en pure cire d&rsquo;abeille<\/p>\n","protected":false},"featured_media":11071,"comment_status":"open","ping_status":"closed","template":"","meta":[],"product_brand":[],"product_cat":[670],"product_tag":[430,450],"class_list":{"0":"post-14202","1":"product","2":"type-product","3":"status-publish","4":"has-post-thumbnail","6":"product_cat-cire-dabeille","7":"product_tag-beiefritz-fr","8":"product_tag-revendeurs-fr","10":"first","11":"instock","12":"taxable","13":"shipping-taxable","14":"purchasable","15":"product-type-simple"},"_links":{"self":[{"href":"https:\/\/beiefritz.lu\/fr\/wp-json\/wp\/v2\/product\/14202","targetHints":{"allow":["GET"]}}],"collection":[{"href":"https:\/\/beiefritz.lu\/fr\/wp-json\/wp\/v2\/product"}],"about":[{"href":"https:\/\/beiefritz.lu\/fr\/wp-json\/wp\/v2\/types\/product"}],"replies":[{"embeddable":true,"href":"https:\/\/beiefritz.lu\/fr\/wp-json\/wp\/v2\/comments?post=14202"}],"wp:featuredmedia":[{"embeddable":true,"href":"https:\/\/beiefritz.lu\/fr\/wp-json\/wp\/v2\/media\/11071"}],"wp:attachment":[{"href":"https:\/\/beiefritz.lu\/fr\/wp-json\/wp\/v2\/media?parent=14202"}],"wp:term":[{"taxonomy":"product_brand","embeddable":true,"href":"https:\/\/beiefritz.lu\/fr\/wp-json\/wp\/v2\/product_brand?post=14202"},{"taxonomy":"product_cat","embeddable":true,"href":"https:\/\/beiefritz.lu\/fr\/wp-json\/wp\/v2\/product_cat?post=14202"},{"taxonomy":"product_tag","embeddable":true,"href":"https:\/\/beiefritz.lu\/fr\/wp-json\/wp\/v2\/product_tag?post=14202"}],"curies":[{"name":"wp","href":"https:\/\/api.w.org\/{rel}","templated":true}]}}