{"id":14206,"date":"2025-08-13T00:00:41","date_gmt":"2025-08-12T22:00:41","guid":{"rendered":"https:\/\/www.beiefritz.lu\/shop\/puralp-pommade-propolis-calendula-bio\/"},"modified":"2025-08-13T00:00:42","modified_gmt":"2025-08-12T22:00:42","slug":"onguent-bio-puralp-propolis-souci","status":"publish","type":"product","link":"https:\/\/beiefritz.lu\/fr\/produkt\/onguent-bio-puralp-propolis-souci\/","title":{"rendered":"PURALP &#8211; Pommade Propolis &amp; Calendula Bio"},"content":{"rendered":"<p>La recette de la Pommade Propolis &amp; Calendula Bio est bas\u00e9e sur des connaissances anciennes, traditionnelles et \u00e9prouv\u00e9es. La base de pommade naturelle contient de l&rsquo;huile de tournesol et de la cire d&rsquo;abeille naturelle, qui offre \u00e0 la peau un merveilleux film protecteur. La pommade bio propolis et calendula est particuli\u00e8rement adapt\u00e9e au soin de la peau et des l\u00e8vres lorsqu&rsquo;elles sont irrit\u00e9es, s\u00e8ches ou craquel\u00e9es. L&rsquo;huile de souci douce pour la peau a un effet calmant et r\u00e9g\u00e9n\u00e9rant gr\u00e2ce \u00e0 sa teneur \u00e9lev\u00e9e en carot\u00e9no\u00efdes. L&rsquo;effet de la propolis naturelle est soutenu par la pr\u00e9cieuse huile de millepertuis.<\/p>\n<p><strong>Description du produit<\/strong><\/p>\n<p>La Pommade Bio Propolis &amp; Calendula est particuli\u00e8rement adapt\u00e9e au soin de la peau et des l\u00e8vres lorsqu&rsquo;elles sont irrit\u00e9es, s\u00e8ches ou craquel\u00e9es. L&rsquo;effet de la propolis naturelle est soutenu par la pr\u00e9cieuse huile de souci et de millepertuis. La propolis contenue ainsi que la cire d&rsquo;abeille sont obtenues selon les directives strictes de Bioland et trait\u00e9es \u00e0 l&rsquo;\u00e9tat naturel.<\/p>\n<p><strong>Ingr\u00e9dients<\/strong><\/p>\n<p>Olea Europaea Fruit Oil*, Cera flava*, Helianthus Annuus Seed Oil*, Alcohol*, Hypericum Perforatum Extract*, Calendula Officinalis Extract*, Propolis Cera*, Rosmarinus Officinalis Leaf Extract*.<br \/>\n*issu d&rsquo;une production \u00e9cologique contr\u00f4l\u00e9e<\/p>\n<p><strong>Ingr\u00e9dients<\/strong><\/p>\n<p>Huile d&rsquo;olive*, cire d&rsquo;abeille jaune*, huile de tournesol*, alcool*, huile de millepertuis*, huile de calendula*, propolis*, extrait de romarin*.<br \/>\n*issu d&rsquo;une production \u00e9cologique contr\u00f4l\u00e9e<\/p>\n<p><strong>Certification<\/strong><\/p>\n<p>Bioland<\/p>\n<p><strong>Quantit\u00e9 de remplissage nette<\/strong><\/p>\n<p>30ml<\/p>\n<p><strong>Conseils<\/strong><\/p>\n<p>Ne pas utiliser si vous \u00eates hypersensible (allergique) \u00e0 la propolis ou \u00e0 la famille des marguerites.<\/p>\n<p><strong>Utilisation<\/strong><\/p>\n<p>Appliquer sur les zones affect\u00e9es de la peau plusieurs fois par jour selon les besoins.<\/p>\n<p><strong>Fabriqu\u00e9 en<\/strong><\/p>\n<p>Allemagne<\/p>\n","protected":false},"excerpt":{"rendered":"<p>La recette de la Pommade Propolis &amp; Calendula Bio est bas\u00e9e sur des connaissances anciennes, traditionnelles et \u00e9prouv\u00e9es. La base de pommade naturelle contient de l&rsquo;huile de tournesol et de la cire d&rsquo;abeille naturelle, qui offre \u00e0 la peau un merveilleux film protecteur. La pommade bio propolis et calendula est particuli\u00e8rement adapt\u00e9e au soin de [&#8230;]\n","protected":false},"featured_media":8954,"comment_status":"open","ping_status":"closed","template":"","meta":[],"product_brand":[],"product_cat":[656,260,530],"product_tag":[448,450],"class_list":{"0":"post-14206","1":"product","2":"type-product","3":"status-publish","4":"has-post-thumbnail","6":"product_cat-bio-fr","7":"product_cat-puralp-fr","8":"product_cat-soins-du-corps","9":"product_tag-propolis-fr","10":"product_tag-revendeurs-fr","12":"first","13":"instock","14":"taxable","15":"shipping-taxable","16":"purchasable","17":"product-type-simple"},"_links":{"self":[{"href":"https:\/\/beiefritz.lu\/fr\/wp-json\/wp\/v2\/product\/14206","targetHints":{"allow":["GET"]}}],"collection":[{"href":"https:\/\/beiefritz.lu\/fr\/wp-json\/wp\/v2\/product"}],"about":[{"href":"https:\/\/beiefritz.lu\/fr\/wp-json\/wp\/v2\/types\/product"}],"replies":[{"embeddable":true,"href":"https:\/\/beiefritz.lu\/fr\/wp-json\/wp\/v2\/comments?post=14206"}],"wp:featuredmedia":[{"embeddable":true,"href":"https:\/\/beiefritz.lu\/fr\/wp-json\/wp\/v2\/media\/8954"}],"wp:attachment":[{"href":"https:\/\/beiefritz.lu\/fr\/wp-json\/wp\/v2\/media?parent=14206"}],"wp:term":[{"taxonomy":"product_brand","embeddable":true,"href":"https:\/\/beiefritz.lu\/fr\/wp-json\/wp\/v2\/product_brand?post=14206"},{"taxonomy":"product_cat","embeddable":true,"href":"https:\/\/beiefritz.lu\/fr\/wp-json\/wp\/v2\/product_cat?post=14206"},{"taxonomy":"product_tag","embeddable":true,"href":"https:\/\/beiefritz.lu\/fr\/wp-json\/wp\/v2\/product_tag?post=14206"}],"curies":[{"name":"wp","href":"https:\/\/api.w.org\/{rel}","templated":true}]}}