{"id":14207,"date":"2025-08-12T23:50:06","date_gmt":"2025-08-12T21:50:06","guid":{"rendered":"https:\/\/www.beiefritz.lu\/shop\/de-beiefritz-bonbons-miel-propolis\/"},"modified":"2026-04-27T15:53:52","modified_gmt":"2026-04-27T13:53:52","slug":"de-beiefritz-miel-propolis-bonbons","status":"publish","type":"product","link":"https:\/\/beiefritz.lu\/fr\/produkt\/de-beiefritz-miel-propolis-bonbons\/","title":{"rendered":"DE BEIEFRITZ &#8211; bonbons miel-propolis"},"content":{"rendered":"<p>Contenu : 100g<\/p>\n<p>avec de la propolis, du miel et des extraits d&rsquo;herbes s\u00e9lectionn\u00e9es<\/p>\n<p>tr\u00e8s b\u00e9n\u00e9fique pour la gorge et les bronches<\/p>\n","protected":false},"excerpt":{"rendered":"<p>Contenu : 100g avec de la propolis, du miel et des extraits d&rsquo;herbes s\u00e9lectionn\u00e9es tr\u00e8s b\u00e9n\u00e9fique pour la gorge et les bronches<\/p>\n","protected":false},"featured_media":9903,"comment_status":"open","ping_status":"closed","template":"","meta":[],"product_brand":[],"product_cat":[588,269],"product_tag":[430,435,448,450],"class_list":{"0":"post-14207","1":"product","2":"type-product","3":"status-publish","4":"has-post-thumbnail","6":"product_cat-de-beiefritz-fr","7":"product_cat-sucreries","8":"product_tag-beiefritz-fr","9":"product_tag-gastro-fr","10":"product_tag-propolis-fr","11":"product_tag-revendeurs-fr","13":"first","14":"instock","15":"taxable","16":"shipping-taxable","17":"purchasable","18":"product-type-simple"},"_links":{"self":[{"href":"https:\/\/beiefritz.lu\/fr\/wp-json\/wp\/v2\/product\/14207","targetHints":{"allow":["GET"]}}],"collection":[{"href":"https:\/\/beiefritz.lu\/fr\/wp-json\/wp\/v2\/product"}],"about":[{"href":"https:\/\/beiefritz.lu\/fr\/wp-json\/wp\/v2\/types\/product"}],"replies":[{"embeddable":true,"href":"https:\/\/beiefritz.lu\/fr\/wp-json\/wp\/v2\/comments?post=14207"}],"wp:featuredmedia":[{"embeddable":true,"href":"https:\/\/beiefritz.lu\/fr\/wp-json\/wp\/v2\/media\/9903"}],"wp:attachment":[{"href":"https:\/\/beiefritz.lu\/fr\/wp-json\/wp\/v2\/media?parent=14207"}],"wp:term":[{"taxonomy":"product_brand","embeddable":true,"href":"https:\/\/beiefritz.lu\/fr\/wp-json\/wp\/v2\/product_brand?post=14207"},{"taxonomy":"product_cat","embeddable":true,"href":"https:\/\/beiefritz.lu\/fr\/wp-json\/wp\/v2\/product_cat?post=14207"},{"taxonomy":"product_tag","embeddable":true,"href":"https:\/\/beiefritz.lu\/fr\/wp-json\/wp\/v2\/product_tag?post=14207"}],"curies":[{"name":"wp","href":"https:\/\/api.w.org\/{rel}","templated":true}]}}