{"id":14209,"date":"2025-08-12T23:49:51","date_gmt":"2025-08-12T21:49:51","guid":{"rendered":"https:\/\/www.beiefritz.lu\/shop\/de-beiefritz-gaufres-au-miel\/"},"modified":"2025-08-12T23:49:52","modified_gmt":"2025-08-12T21:49:52","slug":"gaufres-au-miel-debeiefritz","status":"publish","type":"product","link":"https:\/\/beiefritz.lu\/fr\/produkt\/gaufres-au-miel-debeiefritz\/","title":{"rendered":"DE BEIEFRITZ &#8211; Gaufres au miel"},"content":{"rendered":"<div class=\"page\" title=\"Page 2\">\n<div class=\"section\">\n<div class=\"layoutArea\">\n<div class=\"column\">\n<p style=\"text-align: left;\">D\u00e9licieuses gaufres au miel de haute qualit\u00e9<\/p>\n<\/div>\n<\/div>\n<div class=\"layoutArea\">\n<div class=\"column\">\n<p style=\"text-align: left;\">L&rsquo;en-cas id\u00e9al entre les deux : nos gaufres au miel avec 16 % de miel fin. Les d\u00e9licieuses sucreries sont connues des Pays-Bas et sont un succ\u00e8s aupr\u00e8s des enfants et des adultes. M\u00eame une gaufre au miel soutient vos performances &#8211; le miel biologique donne aux gaufres au miel une touche particuli\u00e8rement fine. Les gaufres au miel sont un snack savoureux non seulement \u00e0 emporter en d\u00e9placement, \u00e0 l&rsquo;\u00e9cole, \u00e0 l&rsquo;universit\u00e9 ou au travail, mais aussi pour le caf\u00e9 ou le th\u00e9 \u00e0 la maison.<\/p>\n<\/div>\n<\/div>\n<\/div>\n<\/div>\n","protected":false},"excerpt":{"rendered":"<p>D\u00e9licieuses gaufres au miel de haute qualit\u00e9 L&rsquo;en-cas id\u00e9al entre les deux : nos gaufres au miel avec 16 % de miel fin. Les d\u00e9licieuses sucreries sont connues des Pays-Bas et sont un succ\u00e8s aupr\u00e8s des enfants et des adultes. M\u00eame une gaufre au miel soutient vos performances &#8211; le miel biologique donne aux gaufres [&#8230;]\n","protected":false},"featured_media":18511,"comment_status":"open","ping_status":"closed","template":"","meta":[],"product_brand":[],"product_cat":[588,269],"product_tag":[430,435,450],"class_list":{"0":"post-14209","1":"product","2":"type-product","3":"status-publish","4":"has-post-thumbnail","6":"product_cat-de-beiefritz-fr","7":"product_cat-sucreries","8":"product_tag-beiefritz-fr","9":"product_tag-gastro-fr","10":"product_tag-revendeurs-fr","12":"first","13":"instock","14":"taxable","15":"shipping-taxable","16":"purchasable","17":"product-type-simple"},"_links":{"self":[{"href":"https:\/\/beiefritz.lu\/fr\/wp-json\/wp\/v2\/product\/14209","targetHints":{"allow":["GET"]}}],"collection":[{"href":"https:\/\/beiefritz.lu\/fr\/wp-json\/wp\/v2\/product"}],"about":[{"href":"https:\/\/beiefritz.lu\/fr\/wp-json\/wp\/v2\/types\/product"}],"replies":[{"embeddable":true,"href":"https:\/\/beiefritz.lu\/fr\/wp-json\/wp\/v2\/comments?post=14209"}],"wp:featuredmedia":[{"embeddable":true,"href":"https:\/\/beiefritz.lu\/fr\/wp-json\/wp\/v2\/media\/18511"}],"wp:attachment":[{"href":"https:\/\/beiefritz.lu\/fr\/wp-json\/wp\/v2\/media?parent=14209"}],"wp:term":[{"taxonomy":"product_brand","embeddable":true,"href":"https:\/\/beiefritz.lu\/fr\/wp-json\/wp\/v2\/product_brand?post=14209"},{"taxonomy":"product_cat","embeddable":true,"href":"https:\/\/beiefritz.lu\/fr\/wp-json\/wp\/v2\/product_cat?post=14209"},{"taxonomy":"product_tag","embeddable":true,"href":"https:\/\/beiefritz.lu\/fr\/wp-json\/wp\/v2\/product_tag?post=14209"}],"curies":[{"name":"wp","href":"https:\/\/api.w.org\/{rel}","templated":true}]}}