{"id":14211,"date":"2025-08-12T23:49:53","date_gmt":"2025-08-12T21:49:53","guid":{"rendered":"https:\/\/www.beiefritz.lu\/shop\/schlosswald-bienengut-api-regent-pommade-au-venin-dabeille\/"},"modified":"2026-02-16T08:59:54","modified_gmt":"2026-02-16T07:59:54","slug":"schlosswald-bienengut-api-regent-bee-pommade-empoisonnee","status":"publish","type":"product","link":"https:\/\/beiefritz.lu\/fr\/produkt\/schlosswald-bienengut-api-regent-bee-pommade-empoisonnee\/","title":{"rendered":"SCHLOSSWALD-BIENENGUT &#8211; Api-Regent Pommade au venin d\u00b4abeille"},"content":{"rendered":"<h3><a href=\"https:\/\/schlosswald-bienengut.de\/wp-content\/uploads\/2017\/07\/Fachartikel-Bienengift-Daniel-Stecher-2MB.pdf\"><strong>&gt;&gt; Les bienfaits du venin d&rsquo;abeille &lt;&lt;<\/strong><\/a><\/h3>\n<p><a href=\"http:\/\/www.die-echte-bienengift-salbe.de\">www.die-echte-Bienengift-Salbe.de<\/a><\/p>\n<p><strong>API-REGENT\u00ae est la pommade au venin d&rsquo;abeille unique de Schlo\u00dfwald-Bienengut\u00ae, le seul fabricant allemand de produits approuv\u00e9s \u00e0 l&rsquo;\u00e9chelle mondiale avec du vrai venin d&rsquo;abeille.<\/strong><\/p>\n<p><strong>La composition finement ajust\u00e9e d&rsquo;huiles v\u00e9g\u00e9tales traditionnelles de Boh\u00eame et de v\u00e9ritable venin d&rsquo;abeille naturel rend API-REGENT\u00ae si sp\u00e9cial. Toutes les huiles sont purement naturelles et soigneusement trait\u00e9es. Le venin d&rsquo;abeille utilis\u00e9, toujours de la plus haute qualit\u00e9, correspond aux normes m\u00e9dicales et pharmaceutiques.<\/strong><\/p>\n<p><strong>De plus, API-REGENT\u00ae renonce aux additifs irritants pour la peau et g\u00e9n\u00e9rateurs de chaleur, qui ne sont destin\u00e9s qu&rsquo;\u00e0 sugg\u00e9rer un effet soi-disant positif. Parce qu&rsquo;une bonne pommade au venin d&rsquo;abeille n&rsquo;a pas de \u00ab\u00a0sensation de chaleur\u00a0\u00bb d\u00e9sagr\u00e9able ni d'\u00a0\u00bbeffet de refroidissement\u00a0\u00bb sur la peau.<\/strong><\/p>\n<p><strong>API-REGENT\u00ae \u2013 l&rsquo;original brevet\u00e9 \u2013 est :<\/strong><\/p>\n<ul>\n<li><strong>meilleurs cosm\u00e9tiques naturels<\/strong><\/li>\n<li><strong>Sans huiles min\u00e9rales ni microplastiques<\/strong><\/li>\n<li><strong>sans paraben<\/strong><\/li>\n<li><strong>sans additifs synth\u00e9tiques<\/strong><\/li>\n<li><strong>test\u00e9 dermatologiquement et cliniquement<\/strong><\/li>\n<li><strong>100% fabriqu\u00e9 en Allemagne<\/strong><\/li>\n<\/ul>\n<p><strong>API-REGENT\u00ae : ne chauffe pas &#8211; ne refroidit pas &#8211; FONCTIONNE !<\/strong><\/p>\n<p>Avertissement d&rsquo;allergie : contient du venin d&rsquo;abeille !<\/p>\n","protected":false},"excerpt":{"rendered":"<p>&gt;&gt; Les bienfaits du venin d&rsquo;abeille &lt;&lt; www.die-echte-Bienengift-Salbe.de API-REGENT\u00ae est la pommade au venin d&rsquo;abeille unique de Schlo\u00dfwald-Bienengut\u00ae, le seul fabricant allemand de produits approuv\u00e9s \u00e0 l&rsquo;\u00e9chelle mondiale avec du vrai venin d&rsquo;abeille. La composition finement ajust\u00e9e d&rsquo;huiles v\u00e9g\u00e9tales traditionnelles de Boh\u00eame et de v\u00e9ritable venin d&rsquo;abeille naturel rend API-REGENT\u00ae si sp\u00e9cial. Toutes les huiles [&#8230;]\n","protected":false},"featured_media":10110,"comment_status":"open","ping_status":"closed","template":"","meta":[],"product_brand":[],"product_cat":[263,530],"product_tag":[],"class_list":{"0":"post-14211","1":"product","2":"type-product","3":"status-publish","4":"has-post-thumbnail","6":"product_cat-schlosswald-bienengut-fr","7":"product_cat-soins-du-corps","9":"first","10":"instock","11":"sale","12":"taxable","13":"shipping-taxable","14":"purchasable","15":"product-type-simple"},"_links":{"self":[{"href":"https:\/\/beiefritz.lu\/fr\/wp-json\/wp\/v2\/product\/14211","targetHints":{"allow":["GET"]}}],"collection":[{"href":"https:\/\/beiefritz.lu\/fr\/wp-json\/wp\/v2\/product"}],"about":[{"href":"https:\/\/beiefritz.lu\/fr\/wp-json\/wp\/v2\/types\/product"}],"replies":[{"embeddable":true,"href":"https:\/\/beiefritz.lu\/fr\/wp-json\/wp\/v2\/comments?post=14211"}],"wp:featuredmedia":[{"embeddable":true,"href":"https:\/\/beiefritz.lu\/fr\/wp-json\/wp\/v2\/media\/10110"}],"wp:attachment":[{"href":"https:\/\/beiefritz.lu\/fr\/wp-json\/wp\/v2\/media?parent=14211"}],"wp:term":[{"taxonomy":"product_brand","embeddable":true,"href":"https:\/\/beiefritz.lu\/fr\/wp-json\/wp\/v2\/product_brand?post=14211"},{"taxonomy":"product_cat","embeddable":true,"href":"https:\/\/beiefritz.lu\/fr\/wp-json\/wp\/v2\/product_cat?post=14211"},{"taxonomy":"product_tag","embeddable":true,"href":"https:\/\/beiefritz.lu\/fr\/wp-json\/wp\/v2\/product_tag?post=14211"}],"curies":[{"name":"wp","href":"https:\/\/api.w.org\/{rel}","templated":true}]}}