{"id":14213,"date":"2025-08-12T23:49:55","date_gmt":"2025-08-12T21:49:55","guid":{"rendered":"https:\/\/www.beiefritz.lu\/shop\/imkergut-deo-roll-on\/"},"modified":"2025-10-06T11:34:14","modified_gmt":"2025-10-06T09:34:14","slug":"deodorant-roll-on-imkergut","status":"publish","type":"product","link":"https:\/\/beiefritz.lu\/fr\/produkt\/deodorant-roll-on-imkergut\/","title":{"rendered":"IMKERGUT &#8211; D\u00e9o Roll-On"},"content":{"rendered":"<p>Des ingr\u00e9dients 100% naturels assurent une fra\u00eecheur et un soin de longue dur\u00e9e.<br \/>\nL&rsquo;effet antibact\u00e9rien de la propolis est soutenu par l&rsquo;aloe vera qui calme la douleur et rafra\u00eechit.<br \/>\nLa sauge aide \u00e0 lutter contre la transpiration, c&rsquo;est un fait reconnu par les connaisseurs de plantes. Les huiles essentielles de sauge inhibent la production de sueur.<br \/>\nUn parfum d&rsquo;orange qui am\u00e9liore l&rsquo;humeur vous enveloppera.<\/p>\n<p>**Aloe Vera, comment agit-il?**<br \/>\nLa pulpe de la feuille d&rsquo;aloe vera contient pr\u00e8s de 200 principes actifs, dont de nombreuses vitamines, des enzymes et des min\u00e9raux, des acides amin\u00e9s, des huiles essentielles et de l&rsquo;acide salicylique, un analg\u00e9sique.<br \/>\nLe gel visqueux de la feuille fra\u00eeche est tr\u00e8s rapidement absorb\u00e9 par la peau. Elle refroidit les coups de soleil et les piq\u00fbres d&rsquo;insectes et, comme la propolis, gr\u00e2ce \u00e0 son effet antibact\u00e9rien, elle cicatrise les plaies, ce que les guerriers de l&rsquo;Antiquit\u00e9 connaissaient d\u00e9j\u00e0. On dit \u00e9galement que le gel d&rsquo;aloe vera aide \u00e0 att\u00e9nuer les dommages cutan\u00e9s car il aide au renouvellement cellulaire.<\/p>\n<p>**La sauge, comment agit-elle?**<br \/>\nD\u00e8s le Moyen \u00c2ge, la sauge, comme la propolis, \u00e9tait consid\u00e9r\u00e9e comme un rem\u00e8de contre de nombreuses maladies et affections. D&rsquo;une part, la plante m\u00e9dicinale \u00e9tait utilis\u00e9e comme anti-inflammatoire, d&rsquo;autre part comme s\u00e9datif pour l&rsquo;estomac et les intestins. Aujourd&rsquo;hui encore, la sauge, tout comme la propolis, est une alternative douce aux m\u00e9dicaments.<br \/>\nAinsi, les experts recommandent de se gargariser deux fois par jour avec du th\u00e9 \u00e0 la sauge, ou de la propolis, contre l&rsquo;enrouement, la toux et les inflammations de la bouche et de la gorge.<\/p>\n<p>**La sauge contre la transpiration : Comment cela fonctionne-t-il ?<br \/>\nLa sauge est consid\u00e9r\u00e9e comme efficace contre la transpiration par les connaisseurs de plantes. On ne sait pas encore exactement quels ingr\u00e9dients actifs en sont responsables. Cependant, on peut supposer que les huiles essentielles contenues inhibent la production de sueur<\/p>\n<p>**Ingr\u00e9dients (INCI):**<br \/>\nAqua<br \/>\nsalvia officinalis water<br \/>\nalcohol<br \/>\ntriethyl citrate<br \/>\n**propolis cera**<br \/>\nacacia senegal gum<br \/>\naloe barbadensis leaf juice powder<br \/>\nsodium lauroyl lactylate<br \/>\nxanthan gum<br \/>\nzinc pca<br \/>\nparfum<br \/>\nlimonene<\/p>\n<p>**Ingr\u00e9dients:**<br \/>\nEau<br \/>\nExtrait de sauge vraie<br \/>\nAlcool<br \/>\nCitrate de tri\u00e9thyle<br \/>\n**Propolis Cera**<br \/>\nGomme d&rsquo;acacia et de s\u00e9n\u00e9gal<br \/>\nPoudre de jus de feuille d&rsquo;Aloe Barbadensis<br \/>\nLauroyllactylate de sodium<br \/>\nGomme de xanthane<br \/>\nPca de zinc<br \/>\nParfum<br \/>\nLimon\u00e8ne<\/p>\n","protected":false},"excerpt":{"rendered":"<p>Des ingr\u00e9dients 100% naturels assurent une fra\u00eecheur et un soin de longue dur\u00e9e. L&rsquo;effet antibact\u00e9rien de la propolis est soutenu par l&rsquo;aloe vera qui calme la douleur et rafra\u00eechit. La sauge aide \u00e0 lutter contre la transpiration, c&rsquo;est un fait reconnu par les connaisseurs de plantes. Les huiles essentielles de sauge inhibent la production de [&#8230;]\n","protected":false},"featured_media":9694,"comment_status":"open","ping_status":"closed","template":"","meta":[],"product_brand":[],"product_cat":[242,530],"product_tag":[448,450],"class_list":{"0":"post-14213","1":"product","2":"type-product","3":"status-publish","4":"has-post-thumbnail","6":"product_cat-imkergut-fr","7":"product_cat-soins-du-corps","8":"product_tag-propolis-fr","9":"product_tag-revendeurs-fr","11":"first","12":"instock","13":"taxable","14":"shipping-taxable","15":"purchasable","16":"product-type-simple"},"_links":{"self":[{"href":"https:\/\/beiefritz.lu\/fr\/wp-json\/wp\/v2\/product\/14213","targetHints":{"allow":["GET"]}}],"collection":[{"href":"https:\/\/beiefritz.lu\/fr\/wp-json\/wp\/v2\/product"}],"about":[{"href":"https:\/\/beiefritz.lu\/fr\/wp-json\/wp\/v2\/types\/product"}],"replies":[{"embeddable":true,"href":"https:\/\/beiefritz.lu\/fr\/wp-json\/wp\/v2\/comments?post=14213"}],"wp:featuredmedia":[{"embeddable":true,"href":"https:\/\/beiefritz.lu\/fr\/wp-json\/wp\/v2\/media\/9694"}],"wp:attachment":[{"href":"https:\/\/beiefritz.lu\/fr\/wp-json\/wp\/v2\/media?parent=14213"}],"wp:term":[{"taxonomy":"product_brand","embeddable":true,"href":"https:\/\/beiefritz.lu\/fr\/wp-json\/wp\/v2\/product_brand?post=14213"},{"taxonomy":"product_cat","embeddable":true,"href":"https:\/\/beiefritz.lu\/fr\/wp-json\/wp\/v2\/product_cat?post=14213"},{"taxonomy":"product_tag","embeddable":true,"href":"https:\/\/beiefritz.lu\/fr\/wp-json\/wp\/v2\/product_tag?post=14213"}],"curies":[{"name":"wp","href":"https:\/\/api.w.org\/{rel}","templated":true}]}}