{"id":14215,"date":"2025-08-12T23:49:57","date_gmt":"2025-08-12T21:49:57","guid":{"rendered":"https:\/\/www.beiefritz.lu\/shop\/savont-porte-savon\/"},"modified":"2025-08-12T23:49:58","modified_gmt":"2025-08-12T21:49:58","slug":"sauvegarder","status":"publish","type":"product","link":"https:\/\/beiefritz.lu\/fr\/produkt\/sauvegarder\/","title":{"rendered":"SAVONT &#8211; Porte savon"},"content":{"rendered":"<p>Le porte-savon Savont complet incl. Ventouse et plateau magn\u00e9tique.<\/p>\n<ul>\n<li>Il peut \u00eatre install\u00e9 \u00e0 l&rsquo;int\u00e9rieur de l&rsquo;\u00e9vier, dans le bain ou la douche<\/li>\n<li>La ventouse adh\u00e8re \u00e0 toutes les surfaces lisses<\/li>\n<li>maintient les savons jusqu&rsquo;\u00e0 <b>150 g<\/b> en permanence dans n&rsquo;importe quelle position<\/li>\n<li>toujours amovible et peut \u00eatre remis en place<\/li>\n<li>pas de per\u00e7age, pas de collage, toujours propre<\/li>\n<\/ul>\n<p>Fabrication en Allemagne. Utilisation d&rsquo;une ventouse robuste avec un aimant puissant pour une prise ferme.<\/p>\n<p><iframe loading=\"lazy\" title=\"SAVONT Save your soap\" width=\"1020\" height=\"574\" src=\"https:\/\/www.youtube.com\/embed\/-6sE3v4cKOg?feature=oembed\" frameborder=\"0\" allow=\"accelerometer; autoplay; clipboard-write; encrypted-media; gyroscope; picture-in-picture\" allowfullscreen><\/iframe><\/p>\n","protected":false},"excerpt":{"rendered":"<p>Le porte-savon Savont complet incl. Ventouse et plateau magn\u00e9tique. Il peut \u00eatre install\u00e9 \u00e0 l&rsquo;int\u00e9rieur de l&rsquo;\u00e9vier, dans le bain ou la douche La ventouse adh\u00e8re \u00e0 toutes les surfaces lisses maintient les savons jusqu&rsquo;\u00e0 150 g en permanence dans n&rsquo;importe quelle position toujours amovible et peut \u00eatre remis en place pas de per\u00e7age, pas [&#8230;]\n","protected":false},"featured_media":9718,"comment_status":"open","ping_status":"closed","template":"","meta":[],"product_brand":[],"product_cat":[272,266,530],"product_tag":[435,450],"class_list":{"0":"post-14215","1":"product","2":"type-product","3":"status-publish","4":"has-post-thumbnail","6":"product_cat-divers","7":"product_cat-savons","8":"product_cat-soins-du-corps","9":"product_tag-gastro-fr","10":"product_tag-revendeurs-fr","12":"first","13":"instock","14":"taxable","15":"shipping-taxable","16":"purchasable","17":"product-type-simple"},"_links":{"self":[{"href":"https:\/\/beiefritz.lu\/fr\/wp-json\/wp\/v2\/product\/14215","targetHints":{"allow":["GET"]}}],"collection":[{"href":"https:\/\/beiefritz.lu\/fr\/wp-json\/wp\/v2\/product"}],"about":[{"href":"https:\/\/beiefritz.lu\/fr\/wp-json\/wp\/v2\/types\/product"}],"replies":[{"embeddable":true,"href":"https:\/\/beiefritz.lu\/fr\/wp-json\/wp\/v2\/comments?post=14215"}],"wp:featuredmedia":[{"embeddable":true,"href":"https:\/\/beiefritz.lu\/fr\/wp-json\/wp\/v2\/media\/9718"}],"wp:attachment":[{"href":"https:\/\/beiefritz.lu\/fr\/wp-json\/wp\/v2\/media?parent=14215"}],"wp:term":[{"taxonomy":"product_brand","embeddable":true,"href":"https:\/\/beiefritz.lu\/fr\/wp-json\/wp\/v2\/product_brand?post=14215"},{"taxonomy":"product_cat","embeddable":true,"href":"https:\/\/beiefritz.lu\/fr\/wp-json\/wp\/v2\/product_cat?post=14215"},{"taxonomy":"product_tag","embeddable":true,"href":"https:\/\/beiefritz.lu\/fr\/wp-json\/wp\/v2\/product_tag?post=14215"}],"curies":[{"name":"wp","href":"https:\/\/api.w.org\/{rel}","templated":true}]}}