{"id":14228,"date":"2025-08-12T23:49:29","date_gmt":"2025-08-12T21:49:29","guid":{"rendered":"https:\/\/www.beiefritz.lu\/shop\/de-beiefritz-creme-de-miel-a-la-propolis\/"},"modified":"2026-03-12T13:29:49","modified_gmt":"2026-03-12T12:29:49","slug":"creme-au-miel-de-propolis","status":"publish","type":"product","link":"https:\/\/beiefritz.lu\/fr\/produkt\/creme-au-miel-de-propolis\/","title":{"rendered":"DE BEIEFRITZ &#8211; Cr\u00e8me pour le visage au miel de propolis"},"content":{"rendered":"<div class=\"page\" title=\"Page 2\">\n<div class=\"section\">\n<div class=\"layoutArea\">\n<div class=\"column\">\n<p>La cr\u00e8me \u00e0 la propolis au miel soutient et apaise les peaux sensibles et nerveuses. Le miel de la cr\u00e8me pour le visage r\u00e9gule l&rsquo;\u00e9quilibre hydrique de l&rsquo;\u00e9piderme.<\/p>\n<p><strong>Autres ingr\u00e9dients de la cr\u00e8me visage \u00e0 la propolis :<\/strong><\/p>\n<p>Huile de tournesol, huile de jojoba, beurre de karit\u00e9 et vitamine E.<\/p>\n<p><strong>Application de la cr\u00e8me \u00e0 la propolis :<\/strong><\/p>\n<p>Appliquer matin et soir sur le visage et le cou pr\u00e9alablement nettoy\u00e9s.<\/p>\n<p><strong>Les propri\u00e9t\u00e9s des soins du visage sont :<\/strong><\/p>\n<p>soin doux<br \/>\np\u00e9n\u00e8tre bien<br \/>\nparfum agr\u00e9able<br \/>\ningr\u00e9dients naturels<br \/>\nconvient aux peaux mixtes et acn\u00e9iques<\/p>\n<p>&nbsp;<\/p>\n<p><strong>Avis aux personnes allergiques<\/strong><\/p>\n<p>Ne pas utiliser si vous \u00eates hypersensible \u00e0 la propolis.<\/p>\n<\/div>\n<\/div>\n<\/div>\n<\/div>\n","protected":false},"excerpt":{"rendered":"<p>La cr\u00e8me \u00e0 la propolis au miel soutient et apaise les peaux sensibles et nerveuses. Le miel de la cr\u00e8me pour le visage r\u00e9gule l&rsquo;\u00e9quilibre hydrique de l&rsquo;\u00e9piderme. Autres ingr\u00e9dients de la cr\u00e8me visage \u00e0 la propolis : Huile de tournesol, huile de jojoba, beurre de karit\u00e9 et vitamine E. Application de la cr\u00e8me \u00e0 [&#8230;]\n","protected":false},"featured_media":10505,"comment_status":"open","ping_status":"closed","template":"","meta":[],"product_brand":[],"product_cat":[588,558,530],"product_tag":[430,448,450],"class_list":{"0":"post-14228","1":"product","2":"type-product","3":"status-publish","4":"has-post-thumbnail","6":"product_cat-de-beiefritz-fr","7":"product_cat-propolis-fr","8":"product_cat-soins-du-corps","9":"product_tag-beiefritz-fr","10":"product_tag-propolis-fr","11":"product_tag-revendeurs-fr","13":"first","14":"instock","15":"taxable","16":"shipping-taxable","17":"purchasable","18":"product-type-simple"},"_links":{"self":[{"href":"https:\/\/beiefritz.lu\/fr\/wp-json\/wp\/v2\/product\/14228","targetHints":{"allow":["GET"]}}],"collection":[{"href":"https:\/\/beiefritz.lu\/fr\/wp-json\/wp\/v2\/product"}],"about":[{"href":"https:\/\/beiefritz.lu\/fr\/wp-json\/wp\/v2\/types\/product"}],"replies":[{"embeddable":true,"href":"https:\/\/beiefritz.lu\/fr\/wp-json\/wp\/v2\/comments?post=14228"}],"wp:featuredmedia":[{"embeddable":true,"href":"https:\/\/beiefritz.lu\/fr\/wp-json\/wp\/v2\/media\/10505"}],"wp:attachment":[{"href":"https:\/\/beiefritz.lu\/fr\/wp-json\/wp\/v2\/media?parent=14228"}],"wp:term":[{"taxonomy":"product_brand","embeddable":true,"href":"https:\/\/beiefritz.lu\/fr\/wp-json\/wp\/v2\/product_brand?post=14228"},{"taxonomy":"product_cat","embeddable":true,"href":"https:\/\/beiefritz.lu\/fr\/wp-json\/wp\/v2\/product_cat?post=14228"},{"taxonomy":"product_tag","embeddable":true,"href":"https:\/\/beiefritz.lu\/fr\/wp-json\/wp\/v2\/product_tag?post=14228"}],"curies":[{"name":"wp","href":"https:\/\/api.w.org\/{rel}","templated":true}]}}