{"id":14233,"date":"2025-08-12T23:49:46","date_gmt":"2025-08-12T21:49:46","guid":{"rendered":"https:\/\/www.beiefritz.lu\/shop\/de-beiefritz-eau-de-vie-au-miel-luxembourgeois-goutte-de-miel-50-cl\/"},"modified":"2025-08-12T23:49:48","modified_gmt":"2025-08-12T21:49:48","slug":"schnaps-au-miel-50cl","status":"publish","type":"product","link":"https:\/\/beiefritz.lu\/fr\/produkt\/schnaps-au-miel-50cl\/","title":{"rendered":"DE BEIEFRITZ &#8211; Eau-de-vie de miel luxembourgeoise \u00ab\u00a0Hunnegdr\u00ebpp\u00a0\u00bb 50 cl"},"content":{"rendered":"<p>Notre eau-de-vie de miel traditionnelle (lux. : l\u00ebtzebuerger Hunnegdr\u00ebpp), fabriqu\u00e9e selon une recette secr\u00e8te maison avec du miel luxembourgeois, de l&rsquo;eau-de-vie luxembourgeoise de la r\u00e9gion de la Moselle et des herbes s\u00e9lectionn\u00e9es.<\/p>\n<p><strong>GO\u00dbT:<\/strong><br \/>\n<em><strong><span class=\"light\">\u00ab\u00a0Attendez-vous \u00e0 un ar\u00f4me d&rsquo;agrumes, avec un miel floral en bouche. Le miel est compl\u00e9t\u00e9 par des \u00e9pices et donne un profil de saveur compliqu\u00e9 et inhabituel, ainsi qu&rsquo;une finale acidul\u00e9e et am\u00e8re.\u00a0\u00bb<\/span><\/strong><\/em><\/p>\n<p>Alc. 32% vol.<\/p>\n<p>Contenu: 50cl<\/p>\n","protected":false},"excerpt":{"rendered":"<p>Notre eau-de-vie de miel traditionnelle (lux. : l\u00ebtzebuerger Hunnegdr\u00ebpp), fabriqu\u00e9e selon une recette secr\u00e8te maison avec du miel luxembourgeois, de l&rsquo;eau-de-vie luxembourgeoise de la r\u00e9gion de la Moselle et des herbes s\u00e9lectionn\u00e9es. GO\u00dbT: \u00ab\u00a0Attendez-vous \u00e0 un ar\u00f4me d&rsquo;agrumes, avec un miel floral en bouche. Le miel est compl\u00e9t\u00e9 par des \u00e9pices et donne un profil [&#8230;]\n","protected":false},"featured_media":6752,"comment_status":"open","ping_status":"closed","template":"","meta":[],"product_brand":[],"product_cat":[594],"product_tag":[430,435,441,450],"class_list":{"0":"post-14233","1":"product","2":"type-product","3":"status-publish","4":"has-post-thumbnail","6":"product_cat-eau-de-vie-au-miel-fr","7":"product_tag-beiefritz-fr","8":"product_tag-gastro-fr","9":"product_tag-hunnegdrepp-fr","10":"product_tag-revendeurs-fr","12":"first","13":"instock","14":"taxable","15":"shipping-taxable","16":"purchasable","17":"product-type-simple"},"_links":{"self":[{"href":"https:\/\/beiefritz.lu\/fr\/wp-json\/wp\/v2\/product\/14233","targetHints":{"allow":["GET"]}}],"collection":[{"href":"https:\/\/beiefritz.lu\/fr\/wp-json\/wp\/v2\/product"}],"about":[{"href":"https:\/\/beiefritz.lu\/fr\/wp-json\/wp\/v2\/types\/product"}],"replies":[{"embeddable":true,"href":"https:\/\/beiefritz.lu\/fr\/wp-json\/wp\/v2\/comments?post=14233"}],"wp:featuredmedia":[{"embeddable":true,"href":"https:\/\/beiefritz.lu\/fr\/wp-json\/wp\/v2\/media\/6752"}],"wp:attachment":[{"href":"https:\/\/beiefritz.lu\/fr\/wp-json\/wp\/v2\/media?parent=14233"}],"wp:term":[{"taxonomy":"product_brand","embeddable":true,"href":"https:\/\/beiefritz.lu\/fr\/wp-json\/wp\/v2\/product_brand?post=14233"},{"taxonomy":"product_cat","embeddable":true,"href":"https:\/\/beiefritz.lu\/fr\/wp-json\/wp\/v2\/product_cat?post=14233"},{"taxonomy":"product_tag","embeddable":true,"href":"https:\/\/beiefritz.lu\/fr\/wp-json\/wp\/v2\/product_tag?post=14233"}],"curies":[{"name":"wp","href":"https:\/\/api.w.org\/{rel}","templated":true}]}}