{"id":14240,"date":"2025-08-12T23:49:23","date_gmt":"2025-08-12T21:49:23","guid":{"rendered":"https:\/\/www.beiefritz.lu\/shop\/de-beiefritz-creme-mains-a-la-propolis\/"},"modified":"2026-03-12T13:29:49","modified_gmt":"2026-03-12T12:29:49","slug":"creme-mains","status":"publish","type":"product","link":"https:\/\/beiefritz.lu\/fr\/produkt\/creme-mains\/","title":{"rendered":"DE BEIEFRITZ &#8211; Cr\u00e8me mains \u00e0 la propolis"},"content":{"rendered":"<div class=\"page\" title=\"Page 1\">\n<div class=\"section\">\n<div class=\"layoutArea\">\n<div class=\"column\">\n<p>La cr\u00e8me mains \u00e0 la propolis est un produit d&rsquo;origine naturelle. Elle s&rsquo;absorbe rapidement&#8230;<\/p>\n<p>Notre cr\u00e8me pour les mains est un produit \u00e0 base naturelle. Il s&rsquo;absorbe rapidement et n&rsquo;est pas gras. Les mains bien travaill\u00e9es retrouvent leur souplesse gr\u00e2ce \u00e0 la cire d&rsquo;abeille, la propolis et l&rsquo;huile de noix de macadamia.<\/p>\n<div class=\"page\" title=\"Page 2\">\n<div class=\"section\">\n<div class=\"layoutArea\">\n<div class=\"column\">\n<p>Si vous appliquez une cr\u00e8me \u00e0 la propolis, vous ne sentirez aucun film de cire avec notre cr\u00e8me pour les mains. N\u00e9anmoins, il vous prot\u00e8ge et vous soigne sur le long terme, si vous souhaitez prot\u00e9ger votre peau du froid en hiver, par exemple, si vous devez vous laver souvent les mains au travail, par exemple chez le coiffeur ou le m\u00e9decin, et que vous souhaitez prot\u00e9gez votre peau de l&rsquo;eau, notre cr\u00e8me pour les mains est parfaite pour les peaux sensibles et gerc\u00e9es, celle qui vous convient, non seulement elle soigne et assouplit la peau, en m\u00eame temps elle prot\u00e8ge votre peau et elle a aussi un parfum agr\u00e9able.<\/p>\n<p>Ne pas utiliser si vous \u00eates hypersensible \u00e0 la propolis.<\/p>\n<p>p\u00e9n\u00e8tre rapidement ne graisse pas gr\u00e2ce \u00e0 la propolis<\/p>\n<\/div>\n<\/div>\n<\/div>\n<\/div>\n<\/div><\/div>\n<\/p><\/div>\n<\/p><\/div>\n","protected":false},"excerpt":{"rendered":"<p>La cr\u00e8me mains \u00e0 la propolis est un produit d&rsquo;origine naturelle. Elle s&rsquo;absorbe rapidement&#8230; Notre cr\u00e8me pour les mains est un produit \u00e0 base naturelle. Il s&rsquo;absorbe rapidement et n&rsquo;est pas gras. Les mains bien travaill\u00e9es retrouvent leur souplesse gr\u00e2ce \u00e0 la cire d&rsquo;abeille, la propolis et l&rsquo;huile de noix de macadamia. Si vous appliquez [&#8230;]\n","protected":false},"featured_media":15852,"comment_status":"open","ping_status":"closed","template":"","meta":[],"product_brand":[],"product_cat":[588,558,530],"product_tag":[430,435,448,450],"class_list":{"0":"post-14240","1":"product","2":"type-product","3":"status-publish","4":"has-post-thumbnail","6":"product_cat-de-beiefritz-fr","7":"product_cat-propolis-fr","8":"product_cat-soins-du-corps","9":"product_tag-beiefritz-fr","10":"product_tag-gastro-fr","11":"product_tag-propolis-fr","12":"product_tag-revendeurs-fr","14":"first","15":"instock","16":"featured","17":"taxable","18":"shipping-taxable","19":"purchasable","20":"product-type-simple"},"_links":{"self":[{"href":"https:\/\/beiefritz.lu\/fr\/wp-json\/wp\/v2\/product\/14240","targetHints":{"allow":["GET"]}}],"collection":[{"href":"https:\/\/beiefritz.lu\/fr\/wp-json\/wp\/v2\/product"}],"about":[{"href":"https:\/\/beiefritz.lu\/fr\/wp-json\/wp\/v2\/types\/product"}],"replies":[{"embeddable":true,"href":"https:\/\/beiefritz.lu\/fr\/wp-json\/wp\/v2\/comments?post=14240"}],"wp:featuredmedia":[{"embeddable":true,"href":"https:\/\/beiefritz.lu\/fr\/wp-json\/wp\/v2\/media\/15852"}],"wp:attachment":[{"href":"https:\/\/beiefritz.lu\/fr\/wp-json\/wp\/v2\/media?parent=14240"}],"wp:term":[{"taxonomy":"product_brand","embeddable":true,"href":"https:\/\/beiefritz.lu\/fr\/wp-json\/wp\/v2\/product_brand?post=14240"},{"taxonomy":"product_cat","embeddable":true,"href":"https:\/\/beiefritz.lu\/fr\/wp-json\/wp\/v2\/product_cat?post=14240"},{"taxonomy":"product_tag","embeddable":true,"href":"https:\/\/beiefritz.lu\/fr\/wp-json\/wp\/v2\/product_tag?post=14240"}],"curies":[{"name":"wp","href":"https:\/\/api.w.org\/{rel}","templated":true}]}}