{"id":14242,"date":"2025-08-12T23:49:31","date_gmt":"2025-08-12T21:49:31","guid":{"rendered":"https:\/\/www.beiefritz.lu\/shop\/imkergut-dentifrice-sensible-propodent\/"},"modified":"2026-03-12T13:29:49","modified_gmt":"2026-03-12T12:29:49","slug":"promoteur","status":"publish","type":"product","link":"https:\/\/beiefritz.lu\/fr\/produkt\/promoteur\/","title":{"rendered":"IMKERGUT &#8211; Dentifrice Sensible Propodent"},"content":{"rendered":"<div data-vue-app=\"read_more\">\n<div class=\"rm-Content_Wrapper rm-Content_Wrapper-white\" data-v-0324cd05=\"\">\n<div class=\"page\" title=\"Page 2\">\n<div class=\"section\">\n<div class=\"layoutArea\">\n<div class=\"column\">\n<p>\u00c9vite les maladies parodontales avec une utilisation quotidienne. La propolis, l&rsquo;\u00e9chinac\u00e9e, l&rsquo;achill\u00e9e millefeuille, la myrrhe et la menthe verte assurent une flore buccale saine et une fra\u00eecheur durable. Stevia inhibe le d\u00e9veloppement de la carie dentaire. Tous les ingr\u00e9dients sont 100% naturels. Protection naturelle contre la carie dentaire, la parodontose et le tartre.<\/p>\n<\/div><\/div>\n<\/p><\/div>\n<\/p><\/div>\n<p data-v-0324cd05=\"\">\n                <strong><br \/>\n                  <span style=\"font-size: 130%;\">SANS fluor !<\/span><br \/>\n                <\/strong>\n              <\/p>\n<\/p><\/div>\n<p>            <strong>Ingr\u00e9dients<\/strong><\/p><\/div>\n<div class=\"pd-ExtraDescription_Text\">\n<p>Ingr\u00e9dients :(INCI)<br \/>\naqua<br \/>\nSorbitol<br \/>\nSilicia*<br \/>\ndisodium cocoyl glutamate <strong>Propolis cera extract*<\/strong><br \/>\nTitanium dioxide CI 77891<br \/>\nmentha viridis oil*<br \/>\nStevioside*<br \/>\ncommiphora myrrha extract*<br \/>\nachillea millefolium extract*<br \/>\nechinacea pallida extract* parfum (limonene)<br \/>\nxanthan gum<\/p>\n<p>Ingr\u00e9dients :<br \/>\nEau<br \/>\nSorbitol<br \/>\nSilicia*<br \/>\nSulfure de coco <strong>Propolis*<\/strong><br \/>\nDioxyde de titane<br \/>\nMenthe verte*<br \/>\nStevia*<br \/>\nExtrait de myrrhe*<br \/>\nExtrait d&rsquo;achill\u00e9e*<br \/>\nParfum (limon\u00e8ne)<br \/>\nXanthane<\/p>\n<p>*issu de l&rsquo;agriculture biologique contr\u00f4l\u00e9e<\/p>\n<\/div>\n<div class=\"pd-ExtraDescription_Text mb-4\"><\/div>\n","protected":false},"excerpt":{"rendered":"<p>\u00c9vite les maladies parodontales avec une utilisation quotidienne. La propolis, l&rsquo;\u00e9chinac\u00e9e, l&rsquo;achill\u00e9e millefeuille, la myrrhe et la menthe verte assurent une flore buccale saine et une fra\u00eecheur durable. Stevia inhibe le d\u00e9veloppement de la carie dentaire. Tous les ingr\u00e9dients sont 100% naturels. Protection naturelle contre la carie dentaire, la parodontose et le tartre. SANS fluor [&#8230;]\n","protected":false},"featured_media":9850,"comment_status":"open","ping_status":"closed","template":"","meta":[],"product_brand":[],"product_cat":[242,525],"product_tag":[448,450],"class_list":{"0":"post-14242","1":"product","2":"type-product","3":"status-publish","4":"has-post-thumbnail","6":"product_cat-imkergut-fr","7":"product_cat-soins-buccaux","8":"product_tag-propolis-fr","9":"product_tag-revendeurs-fr","11":"first","12":"instock","13":"taxable","14":"shipping-taxable","15":"purchasable","16":"product-type-simple"},"_links":{"self":[{"href":"https:\/\/beiefritz.lu\/fr\/wp-json\/wp\/v2\/product\/14242","targetHints":{"allow":["GET"]}}],"collection":[{"href":"https:\/\/beiefritz.lu\/fr\/wp-json\/wp\/v2\/product"}],"about":[{"href":"https:\/\/beiefritz.lu\/fr\/wp-json\/wp\/v2\/types\/product"}],"replies":[{"embeddable":true,"href":"https:\/\/beiefritz.lu\/fr\/wp-json\/wp\/v2\/comments?post=14242"}],"wp:featuredmedia":[{"embeddable":true,"href":"https:\/\/beiefritz.lu\/fr\/wp-json\/wp\/v2\/media\/9850"}],"wp:attachment":[{"href":"https:\/\/beiefritz.lu\/fr\/wp-json\/wp\/v2\/media?parent=14242"}],"wp:term":[{"taxonomy":"product_brand","embeddable":true,"href":"https:\/\/beiefritz.lu\/fr\/wp-json\/wp\/v2\/product_brand?post=14242"},{"taxonomy":"product_cat","embeddable":true,"href":"https:\/\/beiefritz.lu\/fr\/wp-json\/wp\/v2\/product_cat?post=14242"},{"taxonomy":"product_tag","embeddable":true,"href":"https:\/\/beiefritz.lu\/fr\/wp-json\/wp\/v2\/product_tag?post=14242"}],"curies":[{"name":"wp","href":"https:\/\/api.w.org\/{rel}","templated":true}]}}